{"id":4987,"date":"2025-11-13T19:59:51","date_gmt":"2025-11-14T00:59:51","guid":{"rendered":"https:\/\/tiendasamor.com\/?post_type=product&#038;p=4987"},"modified":"2025-11-13T20:00:23","modified_gmt":"2025-11-14T01:00:23","slug":"plug-anal-showy-rose","status":"publish","type":"product","link":"https:\/\/tiendasamor.com\/index.php\/producto\/plug-anal-showy-rose\/","title":{"rendered":"Plug Anal Showy Rose"},"content":{"rendered":"<p>Plug anal de metal perfecto para principiantes. Cuenta con una base de coraz\u00f3n con una joya en forma de rosa en color rojo. Su punta es redondeada y su cuello alargado y delgado, perfecto para una inserci\u00f3n y extracci\u00f3n segura y c\u00f3moda.<\/p>\n<p>Caracter\u00edsticas:<\/p>\n<ul>\n<li>De metal<\/li>\n<li>Con joya en forma de rosa rojo<\/li>\n<li>Plug dorado<\/li>\n<li>Aleaci\u00f3n de aluminio + ABS<\/li>\n<li>Medidas: 9 cm x 3.3 cm<\/li>\n<\/ul>\n","protected":false},"excerpt":{"rendered":"<p>Plug anal de metal perfecto para principiantes. Cuenta con una base de coraz\u00f3n con una joya en forma de rosa en color rojo. Su punta es redondeada y su cuello alargado y delgado, perfecto para una inserci\u00f3n y extracci\u00f3n segura y c\u00f3moda. Caracter\u00edsticas: De metal Con joya en forma de rosa rojo Plug dorado Aleaci\u00f3n [&hellip;]<\/p>\n","protected":false},"featured_media":4988,"comment_status":"open","ping_status":"closed","template":"","meta":[],"product_brand":[],"product_cat":[35],"product_tag":[],"class_list":{"0":"post-4987","1":"product","2":"type-product","3":"status-publish","4":"has-post-thumbnail","6":"product_cat-anales","8":"first","9":"instock","10":"shipping-taxable","11":"purchasable","12":"product-type-simple"},"_links":{"self":[{"href":"https:\/\/tiendasamor.com\/index.php\/wp-json\/wp\/v2\/product\/4987","targetHints":{"allow":["GET"]}}],"collection":[{"href":"https:\/\/tiendasamor.com\/index.php\/wp-json\/wp\/v2\/product"}],"about":[{"href":"https:\/\/tiendasamor.com\/index.php\/wp-json\/wp\/v2\/types\/product"}],"replies":[{"embeddable":true,"href":"https:\/\/tiendasamor.com\/index.php\/wp-json\/wp\/v2\/comments?post=4987"}],"wp:featuredmedia":[{"embeddable":true,"href":"https:\/\/tiendasamor.com\/index.php\/wp-json\/wp\/v2\/media\/4988"}],"wp:attachment":[{"href":"https:\/\/tiendasamor.com\/index.php\/wp-json\/wp\/v2\/media?parent=4987"}],"wp:term":[{"taxonomy":"product_brand","embeddable":true,"href":"https:\/\/tiendasamor.com\/index.php\/wp-json\/wp\/v2\/product_brand?post=4987"},{"taxonomy":"product_cat","embeddable":true,"href":"https:\/\/tiendasamor.com\/index.php\/wp-json\/wp\/v2\/product_cat?post=4987"},{"taxonomy":"product_tag","embeddable":true,"href":"https:\/\/tiendasamor.com\/index.php\/wp-json\/wp\/v2\/product_tag?post=4987"}],"curies":[{"name":"wp","href":"https:\/\/api.w.org\/{rel}","templated":true}]}}