{"id":4961,"date":"2025-11-13T18:59:20","date_gmt":"2025-11-13T23:59:20","guid":{"rendered":"https:\/\/tiendasamor.com\/?post_type=product&#038;p=4961"},"modified":"2025-11-13T18:59:21","modified_gmt":"2025-11-13T23:59:21","slug":"pretty-love-kylian","status":"publish","type":"product","link":"https:\/\/tiendasamor.com\/index.php\/producto\/pretty-love-kylian\/","title":{"rendered":"Pretty Love Kylian"},"content":{"rendered":"<p><span dir=\"auto\">Aumenta el tama\u00f1o de tu pene con este extensor de pene para un placer inigualable. Fabricado con un material ultrarrealista para una experiencia sumamente placentera, este extensor te proporciona 7,6 cm adicionales de longitud y un 35 % m\u00e1s de circunferencia. Su superficie externa est\u00e1 texturizada con venas realistas y cuenta con una cabeza bulbosa para garantizar que tu pareja experimente sensaciones naturales. Un suave canal interno se adapta a tu erecci\u00f3n para un contacto y una estimulaci\u00f3n m\u00e1ximos.<\/span><\/p>\n<ul>\n<li><strong>FUNDA EXTENSORA DE PENE 21 CM \u2013 KYLIAN BLACK<\/strong>\u00a0cuenta con la\u00a0<strong>garant\u00eda\u00a0<\/strong>y<strong>\u00a0excelente<\/strong>\u00a0<strong>calidad\u00a0<\/strong>de\u00a0<strong>PRETTY LOVE.<\/strong><\/li>\n<li>Es 100% lavable.<\/li>\n<li>Est\u00e1 hecho de TPR ABS que es muy amigable con la piel y se siente muy realista.<\/li>\n<\/ul>\n","protected":false},"excerpt":{"rendered":"<p>Aumenta el tama\u00f1o de tu pene con este extensor de pene para un placer inigualable. Fabricado con un material ultrarrealista para una experiencia sumamente placentera, este extensor te proporciona 7,6 cm adicionales de longitud y un 35 % m\u00e1s de circunferencia. Su superficie externa est\u00e1 texturizada con venas realistas y cuenta con una cabeza bulbosa [&hellip;]<\/p>\n","protected":false},"featured_media":4962,"comment_status":"open","ping_status":"closed","template":"","meta":[],"product_brand":[],"product_cat":[45,46],"product_tag":[],"class_list":{"0":"post-4961","1":"product","2":"type-product","3":"status-publish","4":"has-post-thumbnail","6":"product_cat-fundas-extensoras","7":"product_cat-protesis","9":"first","10":"instock","11":"shipping-taxable","12":"purchasable","13":"product-type-simple"},"_links":{"self":[{"href":"https:\/\/tiendasamor.com\/index.php\/wp-json\/wp\/v2\/product\/4961","targetHints":{"allow":["GET"]}}],"collection":[{"href":"https:\/\/tiendasamor.com\/index.php\/wp-json\/wp\/v2\/product"}],"about":[{"href":"https:\/\/tiendasamor.com\/index.php\/wp-json\/wp\/v2\/types\/product"}],"replies":[{"embeddable":true,"href":"https:\/\/tiendasamor.com\/index.php\/wp-json\/wp\/v2\/comments?post=4961"}],"wp:featuredmedia":[{"embeddable":true,"href":"https:\/\/tiendasamor.com\/index.php\/wp-json\/wp\/v2\/media\/4962"}],"wp:attachment":[{"href":"https:\/\/tiendasamor.com\/index.php\/wp-json\/wp\/v2\/media?parent=4961"}],"wp:term":[{"taxonomy":"product_brand","embeddable":true,"href":"https:\/\/tiendasamor.com\/index.php\/wp-json\/wp\/v2\/product_brand?post=4961"},{"taxonomy":"product_cat","embeddable":true,"href":"https:\/\/tiendasamor.com\/index.php\/wp-json\/wp\/v2\/product_cat?post=4961"},{"taxonomy":"product_tag","embeddable":true,"href":"https:\/\/tiendasamor.com\/index.php\/wp-json\/wp\/v2\/product_tag?post=4961"}],"curies":[{"name":"wp","href":"https:\/\/api.w.org\/{rel}","templated":true}]}}