{"id":4952,"date":"2025-11-13T18:43:12","date_gmt":"2025-11-13T23:43:12","guid":{"rendered":"https:\/\/tiendasamor.com\/?post_type=product&#038;p=4952"},"modified":"2025-11-13T18:43:12","modified_gmt":"2025-11-13T23:43:12","slug":"pretty-love-penis-sleeve-7","status":"publish","type":"product","link":"https:\/\/tiendasamor.com\/index.php\/producto\/pretty-love-penis-sleeve-7\/","title":{"rendered":"Pretty Love Penis Sleeve 7"},"content":{"rendered":"<p>Esta funda para el pene est\u00e1 dise\u00f1ada para deslizarse f\u00e1cilmente sobre tu miembro y brindarte el aumento que deseas. Adem\u00e1s, tiene la apariencia y la sensaci\u00f3n de un pene real. Es agradable poder usar una funda para el pene, ya que crea longitud y grosor adicionales que pueden ser beneficiosos para ti y tu pareja.<\/p>\n","protected":false},"excerpt":{"rendered":"<p>Esta funda para el pene est\u00e1 dise\u00f1ada para deslizarse f\u00e1cilmente sobre tu miembro y brindarte el aumento que deseas. Adem\u00e1s, tiene la apariencia y la sensaci\u00f3n de un pene real. Es agradable poder usar una funda para el pene, ya que crea longitud y grosor adicionales que pueden ser beneficiosos para ti y tu pareja.<\/p>\n","protected":false},"featured_media":4960,"comment_status":"open","ping_status":"closed","template":"","meta":[],"product_brand":[],"product_cat":[45,46],"product_tag":[],"class_list":{"0":"post-4952","1":"product","2":"type-product","3":"status-publish","4":"has-post-thumbnail","6":"product_cat-fundas-extensoras","7":"product_cat-protesis","9":"first","10":"instock","11":"shipping-taxable","12":"purchasable","13":"product-type-simple"},"_links":{"self":[{"href":"https:\/\/tiendasamor.com\/index.php\/wp-json\/wp\/v2\/product\/4952","targetHints":{"allow":["GET"]}}],"collection":[{"href":"https:\/\/tiendasamor.com\/index.php\/wp-json\/wp\/v2\/product"}],"about":[{"href":"https:\/\/tiendasamor.com\/index.php\/wp-json\/wp\/v2\/types\/product"}],"replies":[{"embeddable":true,"href":"https:\/\/tiendasamor.com\/index.php\/wp-json\/wp\/v2\/comments?post=4952"}],"wp:featuredmedia":[{"embeddable":true,"href":"https:\/\/tiendasamor.com\/index.php\/wp-json\/wp\/v2\/media\/4960"}],"wp:attachment":[{"href":"https:\/\/tiendasamor.com\/index.php\/wp-json\/wp\/v2\/media?parent=4952"}],"wp:term":[{"taxonomy":"product_brand","embeddable":true,"href":"https:\/\/tiendasamor.com\/index.php\/wp-json\/wp\/v2\/product_brand?post=4952"},{"taxonomy":"product_cat","embeddable":true,"href":"https:\/\/tiendasamor.com\/index.php\/wp-json\/wp\/v2\/product_cat?post=4952"},{"taxonomy":"product_tag","embeddable":true,"href":"https:\/\/tiendasamor.com\/index.php\/wp-json\/wp\/v2\/product_tag?post=4952"}],"curies":[{"name":"wp","href":"https:\/\/api.w.org\/{rel}","templated":true}]}}