{"id":4943,"date":"2025-11-13T18:24:47","date_gmt":"2025-11-13T23:24:47","guid":{"rendered":"https:\/\/tiendasamor.com\/?post_type=product&#038;p=4943"},"modified":"2025-11-13T18:24:47","modified_gmt":"2025-11-13T23:24:47","slug":"pretty-love-emmitt","status":"publish","type":"product","link":"https:\/\/tiendasamor.com\/index.php\/producto\/pretty-love-emmitt\/","title":{"rendered":"Pretty Love Emmitt"},"content":{"rendered":"<p>Satisface mejor a tu pareja y a ti mismo mejorando tu erecci\u00f3n con la ayuda de la funda para el pene de Pretty Love. Podr\u00e1s mantener esa erecci\u00f3n por mucho m\u00e1s tiempo. Simplemente coloque su eje dentro de la funda del pene s\u00faper el\u00e1stica y deber\u00eda estar lo suficientemente ajustado como para mantener la sangre adentro y hacerlo funcionar indefinidamente. La eyaculaci\u00f3n tambi\u00e9n se puede prolongar con la correa para pelotas adjunta. Aumente su confianza mientras complace a su pareja con esta funda texturizada. Tu pareja disfrutar\u00e1 del juego sexy, cortes\u00eda del exterior acanalado y el estimulador de conejito en la parte superior de la manga.<\/p>\n<ul>\n<li>Material: TPR<\/li>\n<li>Impermeable<\/li>\n<li>F\u00e1cil uso y limpieza<\/li>\n<li>Texturado<\/li>\n<li>Libre de ftalatos y l\u00e1tex<\/li>\n<li>Largo externo: 16 cm \u2013 Ancho: 3.8 cm<\/li>\n<li>Largo interno: 12 cm \u2013 Ancho: 3.2 cm<\/li>\n<\/ul>\n","protected":false},"excerpt":{"rendered":"<p>Satisface mejor a tu pareja y a ti mismo mejorando tu erecci\u00f3n con la ayuda de la funda para el pene de Pretty Love. Podr\u00e1s mantener esa erecci\u00f3n por mucho m\u00e1s tiempo. Simplemente coloque su eje dentro de la funda del pene s\u00faper el\u00e1stica y deber\u00eda estar lo suficientemente ajustado como para mantener la sangre [&hellip;]<\/p>\n","protected":false},"featured_media":4944,"comment_status":"open","ping_status":"closed","template":"","meta":[],"product_brand":[],"product_cat":[45],"product_tag":[],"class_list":{"0":"post-4943","1":"product","2":"type-product","3":"status-publish","4":"has-post-thumbnail","6":"product_cat-fundas-extensoras","8":"first","9":"instock","10":"shipping-taxable","11":"purchasable","12":"product-type-simple"},"_links":{"self":[{"href":"https:\/\/tiendasamor.com\/index.php\/wp-json\/wp\/v2\/product\/4943","targetHints":{"allow":["GET"]}}],"collection":[{"href":"https:\/\/tiendasamor.com\/index.php\/wp-json\/wp\/v2\/product"}],"about":[{"href":"https:\/\/tiendasamor.com\/index.php\/wp-json\/wp\/v2\/types\/product"}],"replies":[{"embeddable":true,"href":"https:\/\/tiendasamor.com\/index.php\/wp-json\/wp\/v2\/comments?post=4943"}],"wp:featuredmedia":[{"embeddable":true,"href":"https:\/\/tiendasamor.com\/index.php\/wp-json\/wp\/v2\/media\/4944"}],"wp:attachment":[{"href":"https:\/\/tiendasamor.com\/index.php\/wp-json\/wp\/v2\/media?parent=4943"}],"wp:term":[{"taxonomy":"product_brand","embeddable":true,"href":"https:\/\/tiendasamor.com\/index.php\/wp-json\/wp\/v2\/product_brand?post=4943"},{"taxonomy":"product_cat","embeddable":true,"href":"https:\/\/tiendasamor.com\/index.php\/wp-json\/wp\/v2\/product_cat?post=4943"},{"taxonomy":"product_tag","embeddable":true,"href":"https:\/\/tiendasamor.com\/index.php\/wp-json\/wp\/v2\/product_tag?post=4943"}],"curies":[{"name":"wp","href":"https:\/\/api.w.org\/{rel}","templated":true}]}}