{"id":4937,"date":"2025-11-13T18:11:36","date_gmt":"2025-11-13T23:11:36","guid":{"rendered":"https:\/\/tiendasamor.com\/?post_type=product&#038;p=4937"},"modified":"2025-11-13T18:11:36","modified_gmt":"2025-11-13T23:11:36","slug":"pretty-love-osborn","status":"publish","type":"product","link":"https:\/\/tiendasamor.com\/index.php\/producto\/pretty-love-osborn\/","title":{"rendered":"Pretty Love Osborn"},"content":{"rendered":"<p>La funda est\u00e1 hecha de silicona l\u00edquida similar a la piel para brindar esa sensaci\u00f3n ultra realista y est\u00e1 esculpida por expertos para tener una apariencia realista. Esta funda de extensi\u00f3n para pene de sensaci\u00f3n natural se ajusta a su erecci\u00f3n con un eje hueco y c\u00f3modo y un anillo para test\u00edculos para un ajuste seguro que no se mueve durante el juego. Las paredes gruesas de la manga y los nodos elevados les ofrecen a\u00fan m\u00e1s estimulaci\u00f3n con cada empuje.<\/p>\n<ul>\n<li>Material: Silicona<\/li>\n<li>F\u00e1cil uso y limpieza<\/li>\n<li>Texturado<\/li>\n<li>Libre de ftalatos y l\u00e1tex<\/li>\n<li>Largo externo: 15 cm \u2013 Ancho: 3.5 cm<\/li>\n<li>Largo interno: 12 cm \u2013 Ancho: 3 cm<\/li>\n<\/ul>\n","protected":false},"excerpt":{"rendered":"<p>La funda est\u00e1 hecha de silicona l\u00edquida similar a la piel para brindar esa sensaci\u00f3n ultra realista y est\u00e1 esculpida por expertos para tener una apariencia realista. Esta funda de extensi\u00f3n para pene de sensaci\u00f3n natural se ajusta a su erecci\u00f3n con un eje hueco y c\u00f3modo y un anillo para test\u00edculos para un ajuste [&hellip;]<\/p>\n","protected":false},"featured_media":4938,"comment_status":"open","ping_status":"closed","template":"","meta":[],"product_brand":[],"product_cat":[45],"product_tag":[],"class_list":{"0":"post-4937","1":"product","2":"type-product","3":"status-publish","4":"has-post-thumbnail","6":"product_cat-fundas-extensoras","8":"first","9":"instock","10":"shipping-taxable","11":"purchasable","12":"product-type-simple"},"_links":{"self":[{"href":"https:\/\/tiendasamor.com\/index.php\/wp-json\/wp\/v2\/product\/4937","targetHints":{"allow":["GET"]}}],"collection":[{"href":"https:\/\/tiendasamor.com\/index.php\/wp-json\/wp\/v2\/product"}],"about":[{"href":"https:\/\/tiendasamor.com\/index.php\/wp-json\/wp\/v2\/types\/product"}],"replies":[{"embeddable":true,"href":"https:\/\/tiendasamor.com\/index.php\/wp-json\/wp\/v2\/comments?post=4937"}],"wp:featuredmedia":[{"embeddable":true,"href":"https:\/\/tiendasamor.com\/index.php\/wp-json\/wp\/v2\/media\/4938"}],"wp:attachment":[{"href":"https:\/\/tiendasamor.com\/index.php\/wp-json\/wp\/v2\/media?parent=4937"}],"wp:term":[{"taxonomy":"product_brand","embeddable":true,"href":"https:\/\/tiendasamor.com\/index.php\/wp-json\/wp\/v2\/product_brand?post=4937"},{"taxonomy":"product_cat","embeddable":true,"href":"https:\/\/tiendasamor.com\/index.php\/wp-json\/wp\/v2\/product_cat?post=4937"},{"taxonomy":"product_tag","embeddable":true,"href":"https:\/\/tiendasamor.com\/index.php\/wp-json\/wp\/v2\/product_tag?post=4937"}],"curies":[{"name":"wp","href":"https:\/\/api.w.org\/{rel}","templated":true}]}}