{"id":4858,"date":"2025-10-31T18:31:33","date_gmt":"2025-10-31T23:31:33","guid":{"rendered":"https:\/\/tiendasamor.com\/?post_type=product&#038;p=4858"},"modified":"2025-10-31T18:35:50","modified_gmt":"2025-10-31T23:35:50","slug":"hotgame-multiorgasmico","status":"publish","type":"product","link":"https:\/\/tiendasamor.com\/index.php\/producto\/hotgame-multiorgasmico\/","title":{"rendered":"HOTGAME MULTIORGASMICO"},"content":{"rendered":"<p>\u00a1Despert\u00e1 tus sentidos, liber\u00e1 tu placer!<\/p>\n<p>Hotoh Game Ultimate-MaxiMulti es un b\u00e1lsamo \u00edntimo multiorg\u00e1smico que transforma el deseo en experiencia.<br \/>\nDise\u00f1ado para aplicarse en los labios externos vaginales, estimula las zonas m\u00e1s sensibles, potenciando el placer en cada caricia.<\/p>\n<p>Humecta profundamente<br \/>\nSensaci\u00f3n caliente y helada<br \/>\nActiva la sensibilidad sensorial<br \/>\nAumenta el libido de forma natural<br \/>\nCompatible con preservativos<\/p>\n<p>Efecto de 20 a 30 minutos de conexi\u00f3n intensa<br \/>\nPresentaci\u00f3n de 10g de puro placer en envase compacto y discreto<\/p>\n<p><img decoding=\"async\" class=\"emoji\" role=\"img\" src=\"https:\/\/s.w.org\/images\/core\/emoji\/15.0.3\/svg\/1f539.svg\" alt=\"\ud83d\udd39\" \/>Ideal para explorar tu cuerpo, jugar en pareja o reactivar el deseo en cualquier momento.<\/p>\n","protected":false},"excerpt":{"rendered":"<p>\u00a1Despert\u00e1 tus sentidos, liber\u00e1 tu placer! Hotoh Game Ultimate-MaxiMulti es un b\u00e1lsamo \u00edntimo multiorg\u00e1smico que transforma el deseo en experiencia. Dise\u00f1ado para aplicarse en los labios externos vaginales, estimula las zonas m\u00e1s sensibles, potenciando el placer en cada caricia. Humecta profundamente Sensaci\u00f3n caliente y helada Activa la sensibilidad sensorial Aumenta el libido de forma natural [&hellip;]<\/p>\n","protected":false},"featured_media":4861,"comment_status":"open","ping_status":"closed","template":"","meta":[],"product_brand":[],"product_cat":[64],"product_tag":[],"class_list":{"0":"post-4858","1":"product","2":"type-product","3":"status-publish","4":"has-post-thumbnail","6":"product_cat-excitantes","8":"first","9":"instock","10":"shipping-taxable","11":"purchasable","12":"product-type-simple"},"_links":{"self":[{"href":"https:\/\/tiendasamor.com\/index.php\/wp-json\/wp\/v2\/product\/4858","targetHints":{"allow":["GET"]}}],"collection":[{"href":"https:\/\/tiendasamor.com\/index.php\/wp-json\/wp\/v2\/product"}],"about":[{"href":"https:\/\/tiendasamor.com\/index.php\/wp-json\/wp\/v2\/types\/product"}],"replies":[{"embeddable":true,"href":"https:\/\/tiendasamor.com\/index.php\/wp-json\/wp\/v2\/comments?post=4858"}],"wp:featuredmedia":[{"embeddable":true,"href":"https:\/\/tiendasamor.com\/index.php\/wp-json\/wp\/v2\/media\/4861"}],"wp:attachment":[{"href":"https:\/\/tiendasamor.com\/index.php\/wp-json\/wp\/v2\/media?parent=4858"}],"wp:term":[{"taxonomy":"product_brand","embeddable":true,"href":"https:\/\/tiendasamor.com\/index.php\/wp-json\/wp\/v2\/product_brand?post=4858"},{"taxonomy":"product_cat","embeddable":true,"href":"https:\/\/tiendasamor.com\/index.php\/wp-json\/wp\/v2\/product_cat?post=4858"},{"taxonomy":"product_tag","embeddable":true,"href":"https:\/\/tiendasamor.com\/index.php\/wp-json\/wp\/v2\/product_tag?post=4858"}],"curies":[{"name":"wp","href":"https:\/\/api.w.org\/{rel}","templated":true}]}}