{"id":4845,"date":"2025-10-30T22:24:09","date_gmt":"2025-10-31T03:24:09","guid":{"rendered":"https:\/\/tiendasamor.com\/?post_type=product&#038;p=4845"},"modified":"2025-10-30T22:24:09","modified_gmt":"2025-10-31T03:24:09","slug":"harness-briefs-vibration-stark","status":"publish","type":"product","link":"https:\/\/tiendasamor.com\/index.php\/producto\/harness-briefs-vibration-stark\/","title":{"rendered":"Harness Briefs Vibration Stark"},"content":{"rendered":"<p><span dir=\"auto\">Este arn\u00e9s perfecto incluye un eje hueco y venoso para una experiencia de estimulaci\u00f3n y penetraci\u00f3n inolvidable. Las correas ajustables garantizan una experiencia c\u00f3moda y un ajuste seguro durante el uso. El glande de TPR supersuave ofrece estimulaci\u00f3n adicional, mientras que el dildo hueco te da un toque extra en la cama y realza tu virilidad. Con un control remoto con cable, es f\u00e1cil ajustar las vibraciones de varias velocidades. Tanto si prefieres ir despacio como a toda velocidad, te dejar\u00e1 sinti\u00e9ndote estimulado y satisfecho.<\/span><\/p>\n<ul>\n<li><span dir=\"auto\">Arn\u00e9s de correa ajustable<\/span><\/li>\n<li><span dir=\"auto\">Sistema de orificio pasante<\/span><\/li>\n<li><span dir=\"auto\">Consolador hueco de TPR de 6\u2033 incluido<\/span>\n<ul>\n<li><span dir=\"auto\">Punta s\u00faper suave<\/span><\/li>\n<li><span dir=\"auto\">Parte vibratoria detr\u00e1s de la punta blanda<\/span>\n<ul>\n<li><span dir=\"auto\">Control remoto con cable<\/span><\/li>\n<li><span dir=\"auto\">Vibraci\u00f3n de velocidad variable<\/span><\/li>\n<li><span dir=\"auto\">Funciona con 2 pilas \u201cAA\u201d<\/span><\/li>\n<\/ul>\n<\/li>\n<\/ul>\n<\/li>\n<\/ul>\n","protected":false},"excerpt":{"rendered":"<p>Este arn\u00e9s perfecto incluye un eje hueco y venoso para una experiencia de estimulaci\u00f3n y penetraci\u00f3n inolvidable. Las correas ajustables garantizan una experiencia c\u00f3moda y un ajuste seguro durante el uso. El glande de TPR supersuave ofrece estimulaci\u00f3n adicional, mientras que el dildo hueco te da un toque extra en la cama y realza tu [&hellip;]<\/p>\n","protected":false},"featured_media":4846,"comment_status":"open","ping_status":"closed","template":"","meta":[],"product_brand":[],"product_cat":[45],"product_tag":[],"class_list":{"0":"post-4845","1":"product","2":"type-product","3":"status-publish","4":"has-post-thumbnail","6":"product_cat-fundas-extensoras","8":"first","9":"instock","10":"shipping-taxable","11":"purchasable","12":"product-type-simple"},"_links":{"self":[{"href":"https:\/\/tiendasamor.com\/index.php\/wp-json\/wp\/v2\/product\/4845","targetHints":{"allow":["GET"]}}],"collection":[{"href":"https:\/\/tiendasamor.com\/index.php\/wp-json\/wp\/v2\/product"}],"about":[{"href":"https:\/\/tiendasamor.com\/index.php\/wp-json\/wp\/v2\/types\/product"}],"replies":[{"embeddable":true,"href":"https:\/\/tiendasamor.com\/index.php\/wp-json\/wp\/v2\/comments?post=4845"}],"wp:featuredmedia":[{"embeddable":true,"href":"https:\/\/tiendasamor.com\/index.php\/wp-json\/wp\/v2\/media\/4846"}],"wp:attachment":[{"href":"https:\/\/tiendasamor.com\/index.php\/wp-json\/wp\/v2\/media?parent=4845"}],"wp:term":[{"taxonomy":"product_brand","embeddable":true,"href":"https:\/\/tiendasamor.com\/index.php\/wp-json\/wp\/v2\/product_brand?post=4845"},{"taxonomy":"product_cat","embeddable":true,"href":"https:\/\/tiendasamor.com\/index.php\/wp-json\/wp\/v2\/product_cat?post=4845"},{"taxonomy":"product_tag","embeddable":true,"href":"https:\/\/tiendasamor.com\/index.php\/wp-json\/wp\/v2\/product_tag?post=4845"}],"curies":[{"name":"wp","href":"https:\/\/api.w.org\/{rel}","templated":true}]}}