{"id":4835,"date":"2025-10-30T22:10:09","date_gmt":"2025-10-31T03:10:09","guid":{"rendered":"https:\/\/tiendasamor.com\/?post_type=product&#038;p=4835"},"modified":"2025-10-30T22:10:35","modified_gmt":"2025-10-31T03:10:35","slug":"sensual-fucker-2","status":"publish","type":"product","link":"https:\/\/tiendasamor.com\/index.php\/producto\/sensual-fucker-2\/","title":{"rendered":"Sensual Fucker"},"content":{"rendered":"<ul>\n<li>Material: TPE.<\/li>\n<li>Tama\u00f1o del producto: 19,5 cm, \u03a64,5 cm.<\/li>\n<li>Peso del producto: 0,262 kg.<\/li>\n<li>Tipo de paquete: concha de almeja<\/li>\n<li>Color del producro: lat\u00edn.<\/li>\n<li>Caracter\u00edsticas: Antibacteriano, mejor que real.<br \/>\nLomo flexible, doble densidad.<\/li>\n<li>Compatible con arn\u00e9s<\/li>\n<li>Con ventosa.<\/li>\n<\/ul>\n","protected":false},"excerpt":{"rendered":"<p>Material: TPE. Tama\u00f1o del producto: 19,5 cm, \u03a64,5 cm. Peso del producto: 0,262 kg. Tipo de paquete: concha de almeja Color del producro: lat\u00edn. Caracter\u00edsticas: Antibacteriano, mejor que real. Lomo flexible, doble densidad. Compatible con arn\u00e9s Con ventosa.<\/p>\n","protected":false},"featured_media":4836,"comment_status":"open","ping_status":"closed","template":"","meta":[],"product_brand":[],"product_cat":[29],"product_tag":[],"class_list":{"0":"post-4835","1":"product","2":"type-product","3":"status-publish","4":"has-post-thumbnail","6":"product_cat-consoladores-y-dildos","8":"first","9":"instock","10":"shipping-taxable","11":"purchasable","12":"product-type-simple"},"_links":{"self":[{"href":"https:\/\/tiendasamor.com\/index.php\/wp-json\/wp\/v2\/product\/4835","targetHints":{"allow":["GET"]}}],"collection":[{"href":"https:\/\/tiendasamor.com\/index.php\/wp-json\/wp\/v2\/product"}],"about":[{"href":"https:\/\/tiendasamor.com\/index.php\/wp-json\/wp\/v2\/types\/product"}],"replies":[{"embeddable":true,"href":"https:\/\/tiendasamor.com\/index.php\/wp-json\/wp\/v2\/comments?post=4835"}],"wp:featuredmedia":[{"embeddable":true,"href":"https:\/\/tiendasamor.com\/index.php\/wp-json\/wp\/v2\/media\/4836"}],"wp:attachment":[{"href":"https:\/\/tiendasamor.com\/index.php\/wp-json\/wp\/v2\/media?parent=4835"}],"wp:term":[{"taxonomy":"product_brand","embeddable":true,"href":"https:\/\/tiendasamor.com\/index.php\/wp-json\/wp\/v2\/product_brand?post=4835"},{"taxonomy":"product_cat","embeddable":true,"href":"https:\/\/tiendasamor.com\/index.php\/wp-json\/wp\/v2\/product_cat?post=4835"},{"taxonomy":"product_tag","embeddable":true,"href":"https:\/\/tiendasamor.com\/index.php\/wp-json\/wp\/v2\/product_tag?post=4835"}],"curies":[{"name":"wp","href":"https:\/\/api.w.org\/{rel}","templated":true}]}}