{"id":4819,"date":"2025-10-30T21:38:38","date_gmt":"2025-10-31T02:38:38","guid":{"rendered":"https:\/\/tiendasamor.com\/?post_type=product&#038;p=4819"},"modified":"2025-10-30T21:38:38","modified_gmt":"2025-10-31T02:38:38","slug":"pretty-love-warren-prostatico","status":"publish","type":"product","link":"https:\/\/tiendasamor.com\/index.php\/producto\/pretty-love-warren-prostatico\/","title":{"rendered":"Pretty Love Warren Prostatico"},"content":{"rendered":"<p>Este anillo para pene con control remoto es un anillo combinado para pene y test\u00edculos con un vibrador anal de fijaci\u00f3n segura. El vibrador se controla f\u00e1cilmente con el control remoto. Los anillos combinados sujetan el pene y los test\u00edculos de forma segura y favorecen una erecci\u00f3n eficaz gracias a su efecto de congesti\u00f3n sangu\u00ednea. El vibrador anal, con su dise\u00f1o curvo especial y 12 modos de vibraci\u00f3n, proporciona una intensa estimulaci\u00f3n anal. Est\u00e1 recubierto de silicona suave al tacto, con una agradable sensaci\u00f3n en la piel. \u00a1Fortalece el pene y proporciona placer anal al mismo tiempo!<\/p>\n<table border=\"0\" width=\"100%\" cellspacing=\"1\" cellpadding=\"3\" bgcolor=\"#dddddd\">\n<tbody>\n<tr>\n<td align=\"left\" width=\"30%\">Funci\u00f3n<\/td>\n<td align=\"left\" width=\"70%\">12 funciones de vibraci\u00f3n 12 funciones de golpeteo Control remoto inal\u00e1mbrico<\/td>\n<\/tr>\n<tr>\n<td align=\"left\" width=\"30%\">Material<\/td>\n<td align=\"left\" width=\"70%\">Silicona<\/td>\n<\/tr>\n<tr>\n<td align=\"left\" width=\"30%\">Fuerza<\/td>\n<td align=\"left\" width=\"70%\">Recargable por USB + 1 pila AAA<\/td>\n<\/tr>\n<tr>\n<td align=\"left\" width=\"30%\">Embalaje<\/td>\n<td align=\"left\" width=\"70%\">190 x 145 x 47 (mm)<\/td>\n<\/tr>\n<\/tbody>\n<\/table>\n","protected":false},"excerpt":{"rendered":"<p>Este anillo para pene con control remoto es un anillo combinado para pene y test\u00edculos con un vibrador anal de fijaci\u00f3n segura. El vibrador se controla f\u00e1cilmente con el control remoto. Los anillos combinados sujetan el pene y los test\u00edculos de forma segura y favorecen una erecci\u00f3n eficaz gracias a su efecto de congesti\u00f3n sangu\u00ednea. [&hellip;]<\/p>\n","protected":false},"featured_media":4829,"comment_status":"open","ping_status":"closed","template":"","meta":[],"product_brand":[],"product_cat":[35,36],"product_tag":[],"class_list":{"0":"post-4819","1":"product","2":"type-product","3":"status-publish","4":"has-post-thumbnail","6":"product_cat-anales","7":"product_cat-anillos","9":"first","10":"instock","11":"shipping-taxable","12":"purchasable","13":"product-type-simple"},"_links":{"self":[{"href":"https:\/\/tiendasamor.com\/index.php\/wp-json\/wp\/v2\/product\/4819","targetHints":{"allow":["GET"]}}],"collection":[{"href":"https:\/\/tiendasamor.com\/index.php\/wp-json\/wp\/v2\/product"}],"about":[{"href":"https:\/\/tiendasamor.com\/index.php\/wp-json\/wp\/v2\/types\/product"}],"replies":[{"embeddable":true,"href":"https:\/\/tiendasamor.com\/index.php\/wp-json\/wp\/v2\/comments?post=4819"}],"wp:featuredmedia":[{"embeddable":true,"href":"https:\/\/tiendasamor.com\/index.php\/wp-json\/wp\/v2\/media\/4829"}],"wp:attachment":[{"href":"https:\/\/tiendasamor.com\/index.php\/wp-json\/wp\/v2\/media?parent=4819"}],"wp:term":[{"taxonomy":"product_brand","embeddable":true,"href":"https:\/\/tiendasamor.com\/index.php\/wp-json\/wp\/v2\/product_brand?post=4819"},{"taxonomy":"product_cat","embeddable":true,"href":"https:\/\/tiendasamor.com\/index.php\/wp-json\/wp\/v2\/product_cat?post=4819"},{"taxonomy":"product_tag","embeddable":true,"href":"https:\/\/tiendasamor.com\/index.php\/wp-json\/wp\/v2\/product_tag?post=4819"}],"curies":[{"name":"wp","href":"https:\/\/api.w.org\/{rel}","templated":true}]}}