{"id":4807,"date":"2025-10-30T21:29:51","date_gmt":"2025-10-31T02:29:51","guid":{"rendered":"https:\/\/tiendasamor.com\/?post_type=product&#038;p=4807"},"modified":"2025-10-30T21:29:51","modified_gmt":"2025-10-31T02:29:51","slug":"aari-control-a-distancia","status":"publish","type":"product","link":"https:\/\/tiendasamor.com\/index.php\/producto\/aari-control-a-distancia\/","title":{"rendered":"Aari Control a Distancia"},"content":{"rendered":"<p>Orgasmos incre\u00edbles para parejas! El intenso placer del cl\u00edtoris es imprescindible para la mayor\u00eda de las mujeres que quieren alcanzar el cl\u00edmax durante el coito. Este vibrador es lo \u00faltimo en cuanto a potencia, singularidad y satisfacci\u00f3n. \u00a110 funciones de vibraci\u00f3n y 10 configuraciones de golpes para maximizar tu placer sin importar de qu\u00e9 humor te encuentres! Ya sea que te gusten las vibraciones lentas y constantes o los pulsos fuertes y r\u00e1pidos, \u00a1podr\u00e1s satisfacerte en todo momento! Explora cada modo y elige tu favorito.<\/p>\n<table border=\"0\" width=\"100%\" cellspacing=\"1\" cellpadding=\"3\" bgcolor=\"#dddddd\">\n<tbody>\n<tr>\n<td align=\"left\" width=\"30%\">Funci\u00f3n<\/td>\n<td align=\"left\" width=\"70%\">10 funciones de vibraci\u00f3n 10 funciones de golpeteo Aplicaci\u00f3n m\u00f3vil Control de larga distancia<\/td>\n<\/tr>\n<tr>\n<td align=\"left\" width=\"30%\">Material<\/td>\n<td align=\"left\" width=\"70%\">Silicona<\/td>\n<\/tr>\n<tr>\n<td align=\"left\" width=\"30%\">Fuerza<\/td>\n<td align=\"left\" width=\"70%\">Carga USB magn\u00e9tica<\/td>\n<\/tr>\n<tr>\n<td align=\"left\" width=\"30%\">Embalaje<\/td>\n<td align=\"left\" width=\"70%\">176 x 97 x 57 (mm)<\/td>\n<\/tr>\n<tr>\n<td align=\"left\" width=\"30%\">C\u00f3digo de barras<\/td>\n<td align=\"left\" width=\"70%\">6959532360905<\/td>\n<\/tr>\n<\/tbody>\n<\/table>\n","protected":false},"excerpt":{"rendered":"<p>Orgasmos incre\u00edbles para parejas! El intenso placer del cl\u00edtoris es imprescindible para la mayor\u00eda de las mujeres que quieren alcanzar el cl\u00edmax durante el coito. Este vibrador es lo \u00faltimo en cuanto a potencia, singularidad y satisfacci\u00f3n. \u00a110 funciones de vibraci\u00f3n y 10 configuraciones de golpes para maximizar tu placer sin importar de qu\u00e9 humor [&hellip;]<\/p>\n","protected":false},"featured_media":4808,"comment_status":"open","ping_status":"closed","template":"","meta":[],"product_brand":[],"product_cat":[44],"product_tag":[],"class_list":{"0":"post-4807","1":"product","2":"type-product","3":"status-publish","4":"has-post-thumbnail","6":"product_cat-clitorales","8":"first","9":"instock","10":"shipping-taxable","11":"purchasable","12":"product-type-simple"},"_links":{"self":[{"href":"https:\/\/tiendasamor.com\/index.php\/wp-json\/wp\/v2\/product\/4807","targetHints":{"allow":["GET"]}}],"collection":[{"href":"https:\/\/tiendasamor.com\/index.php\/wp-json\/wp\/v2\/product"}],"about":[{"href":"https:\/\/tiendasamor.com\/index.php\/wp-json\/wp\/v2\/types\/product"}],"replies":[{"embeddable":true,"href":"https:\/\/tiendasamor.com\/index.php\/wp-json\/wp\/v2\/comments?post=4807"}],"wp:featuredmedia":[{"embeddable":true,"href":"https:\/\/tiendasamor.com\/index.php\/wp-json\/wp\/v2\/media\/4808"}],"wp:attachment":[{"href":"https:\/\/tiendasamor.com\/index.php\/wp-json\/wp\/v2\/media?parent=4807"}],"wp:term":[{"taxonomy":"product_brand","embeddable":true,"href":"https:\/\/tiendasamor.com\/index.php\/wp-json\/wp\/v2\/product_brand?post=4807"},{"taxonomy":"product_cat","embeddable":true,"href":"https:\/\/tiendasamor.com\/index.php\/wp-json\/wp\/v2\/product_cat?post=4807"},{"taxonomy":"product_tag","embeddable":true,"href":"https:\/\/tiendasamor.com\/index.php\/wp-json\/wp\/v2\/product_tag?post=4807"}],"curies":[{"name":"wp","href":"https:\/\/api.w.org\/{rel}","templated":true}]}}