{"id":4797,"date":"2025-10-30T21:18:18","date_gmt":"2025-10-31T02:18:18","guid":{"rendered":"https:\/\/tiendasamor.com\/?post_type=product&#038;p=4797"},"modified":"2025-10-30T21:18:18","modified_gmt":"2025-10-31T02:18:18","slug":"mini-vibe-ultra-power-quiet","status":"publish","type":"product","link":"https:\/\/tiendasamor.com\/index.php\/producto\/mini-vibe-ultra-power-quiet\/","title":{"rendered":"Mini Vibe Ultra Power Quiet"},"content":{"rendered":"<p>Olv\u00eddese de los falsos comienzos o de la estimulaci\u00f3n suave y tibia; Con este vibrador de bala de 10 velocidades, puedes encender tus sentidos con un poderoso placer que dura.<\/p>\n<p>Esta peque\u00f1a pero poderosa bala en un suave y elegante acabado dorado sostiene un motor vibrante intenso que tiene 10 patrones de velocidad que se controlan f\u00e1cilmente con el bot\u00f3n.<\/p>\n<p>Presione y mantenga presionado brevemente para encender, presione nuevamente para recorrer los modos y presione y mantenga presionado durante aproximadamente 3 segundos para apagar por completo.<\/p>\n<p>Perfecto para el cl\u00edtoris u otra estimulaci\u00f3n externa, el Ignition es divertido en s\u00ed mismo, pero tambi\u00e9n se puede utilizar para mejorar muchos de los otros juguetes, ya que encajar\u00e1 perfectamente en la base de muchos otros estimuladores que sostienen una bala.<\/p>\n<h5>Especificaciones:<\/h5>\n<ul>\n<li><span class=\"colcolor1\">Marca:<\/span><span class=\"colcolor2\">Baile<\/span><\/li>\n<li><span class=\"colcolor1\">Origen:<\/span><span class=\"colcolor2\">Importado<\/span><\/li>\n<li><span class=\"colcolor1\">Color:<\/span>\u00a0<span class=\"colcolor2\">Dorado\u00a0<img decoding=\"async\" src=\"https:\/\/www.sexshopmayorista.com.ar\/assets\/coloresIcon\/FFD700.jpg\" alt=\"Dorado\" width=\"18\" height=\"18\" \/><\/span><\/li>\n<\/ul>\n","protected":false},"excerpt":{"rendered":"<p>Olv\u00eddese de los falsos comienzos o de la estimulaci\u00f3n suave y tibia; Con este vibrador de bala de 10 velocidades, puedes encender tus sentidos con un poderoso placer que dura. Esta peque\u00f1a pero poderosa bala en un suave y elegante acabado dorado sostiene un motor vibrante intenso que tiene 10 patrones de velocidad que se [&hellip;]<\/p>\n","protected":false},"featured_media":4800,"comment_status":"open","ping_status":"closed","template":"","meta":[],"product_brand":[],"product_cat":[44],"product_tag":[],"class_list":{"0":"post-4797","1":"product","2":"type-product","3":"status-publish","4":"has-post-thumbnail","6":"product_cat-clitorales","8":"first","9":"instock","10":"shipping-taxable","11":"purchasable","12":"product-type-simple"},"_links":{"self":[{"href":"https:\/\/tiendasamor.com\/index.php\/wp-json\/wp\/v2\/product\/4797","targetHints":{"allow":["GET"]}}],"collection":[{"href":"https:\/\/tiendasamor.com\/index.php\/wp-json\/wp\/v2\/product"}],"about":[{"href":"https:\/\/tiendasamor.com\/index.php\/wp-json\/wp\/v2\/types\/product"}],"replies":[{"embeddable":true,"href":"https:\/\/tiendasamor.com\/index.php\/wp-json\/wp\/v2\/comments?post=4797"}],"wp:featuredmedia":[{"embeddable":true,"href":"https:\/\/tiendasamor.com\/index.php\/wp-json\/wp\/v2\/media\/4800"}],"wp:attachment":[{"href":"https:\/\/tiendasamor.com\/index.php\/wp-json\/wp\/v2\/media?parent=4797"}],"wp:term":[{"taxonomy":"product_brand","embeddable":true,"href":"https:\/\/tiendasamor.com\/index.php\/wp-json\/wp\/v2\/product_brand?post=4797"},{"taxonomy":"product_cat","embeddable":true,"href":"https:\/\/tiendasamor.com\/index.php\/wp-json\/wp\/v2\/product_cat?post=4797"},{"taxonomy":"product_tag","embeddable":true,"href":"https:\/\/tiendasamor.com\/index.php\/wp-json\/wp\/v2\/product_tag?post=4797"}],"curies":[{"name":"wp","href":"https:\/\/api.w.org\/{rel}","templated":true}]}}