{"id":4770,"date":"2025-10-30T19:39:32","date_gmt":"2025-10-31T00:39:32","guid":{"rendered":"https:\/\/tiendasamor.com\/?post_type=product&#038;p=4770"},"modified":"2025-10-30T19:39:32","modified_gmt":"2025-10-31T00:39:32","slug":"pretty-love-mina","status":"publish","type":"product","link":"https:\/\/tiendasamor.com\/index.php\/producto\/pretty-love-mina\/","title":{"rendered":"Pretty Love Mina"},"content":{"rendered":"<p><span dir=\"auto\">Explora el m\u00e1ximo placer con nuestro juguete sexual con lengua, dise\u00f1ado cuidadosamente para estimular todos los puntos clave con precisi\u00f3n y rapidez. Disfruta del placer puro y eleva tus experiencias \u00edntimas con nuestro lamedor de lengua. Dise\u00f1o realista de boca grande y lengua suave: sum\u00e9rgete en las sensaciones realistas que proporciona la boca simulada y la lengua suave.<\/span><\/p>\n","protected":false},"excerpt":{"rendered":"<p>Explora el m\u00e1ximo placer con nuestro juguete sexual con lengua, dise\u00f1ado cuidadosamente para estimular todos los puntos clave con precisi\u00f3n y rapidez. Disfruta del placer puro y eleva tus experiencias \u00edntimas con nuestro lamedor de lengua. Dise\u00f1o realista de boca grande y lengua suave: sum\u00e9rgete en las sensaciones realistas que proporciona la boca simulada y [&hellip;]<\/p>\n","protected":false},"featured_media":4771,"comment_status":"open","ping_status":"closed","template":"","meta":[],"product_brand":[],"product_cat":[44],"product_tag":[],"class_list":{"0":"post-4770","1":"product","2":"type-product","3":"status-publish","4":"has-post-thumbnail","6":"product_cat-clitorales","8":"first","9":"instock","10":"shipping-taxable","11":"purchasable","12":"product-type-simple"},"_links":{"self":[{"href":"https:\/\/tiendasamor.com\/index.php\/wp-json\/wp\/v2\/product\/4770","targetHints":{"allow":["GET"]}}],"collection":[{"href":"https:\/\/tiendasamor.com\/index.php\/wp-json\/wp\/v2\/product"}],"about":[{"href":"https:\/\/tiendasamor.com\/index.php\/wp-json\/wp\/v2\/types\/product"}],"replies":[{"embeddable":true,"href":"https:\/\/tiendasamor.com\/index.php\/wp-json\/wp\/v2\/comments?post=4770"}],"wp:featuredmedia":[{"embeddable":true,"href":"https:\/\/tiendasamor.com\/index.php\/wp-json\/wp\/v2\/media\/4771"}],"wp:attachment":[{"href":"https:\/\/tiendasamor.com\/index.php\/wp-json\/wp\/v2\/media?parent=4770"}],"wp:term":[{"taxonomy":"product_brand","embeddable":true,"href":"https:\/\/tiendasamor.com\/index.php\/wp-json\/wp\/v2\/product_brand?post=4770"},{"taxonomy":"product_cat","embeddable":true,"href":"https:\/\/tiendasamor.com\/index.php\/wp-json\/wp\/v2\/product_cat?post=4770"},{"taxonomy":"product_tag","embeddable":true,"href":"https:\/\/tiendasamor.com\/index.php\/wp-json\/wp\/v2\/product_tag?post=4770"}],"curies":[{"name":"wp","href":"https:\/\/api.w.org\/{rel}","templated":true}]}}