{"id":4762,"date":"2025-10-30T19:28:29","date_gmt":"2025-10-31T00:28:29","guid":{"rendered":"https:\/\/tiendasamor.com\/?post_type=product&#038;p=4762"},"modified":"2025-10-30T19:28:29","modified_gmt":"2025-10-31T00:28:29","slug":"pretty-love-kylee","status":"publish","type":"product","link":"https:\/\/tiendasamor.com\/index.php\/producto\/pretty-love-kylee\/","title":{"rendered":"Pretty Love Kylee"},"content":{"rendered":"<p><span dir=\"auto\">Este consolador con arn\u00e9s hueco para hombres tiene una textura suave y realista, y una punta de pene realista para estimular internamente a tu pareja y brindarle un placer intenso. \u00dasalo con o sin erecci\u00f3n, o incluso despu\u00e9s de la eyaculaci\u00f3n, \u00a1para que puedas disfrutar toda la noche! Es el complemento perfecto para hombres o parejas que desean aumentar la intimidad y disfrutar de relaciones sexuales m\u00e1s largas y satisfactorias.<\/span><\/p>\n<p><span dir=\"auto\">Este consolador con arn\u00e9s tambi\u00e9n aumenta la longitud y el grosor de tu pene, para que puedas penetrar a tu pareja m\u00e1s profundamente y llevarla a un cl\u00edmax incre\u00edble como nunca antes. \u00a1Tanto t\u00fa como tu pareja disfrutar\u00e1n del material suave al tacto y del mayor placer sexual que pueden experimentar con este potenciador sexual para parejas! El arn\u00e9s el\u00e1stico se adapta a la mayor\u00eda de los tama\u00f1os. Se recomienda usar lubricante. El consolador hueco m\u00e1s grande puede ser usado tanto por hombres como por mujeres.<\/span><\/p>\n<p><span dir=\"auto\">El dildo grande tiene una longitud de 175 mm y un di\u00e1metro m\u00e1ximo de 42 mm, el di\u00e1metro m\u00e1ximo del dildo peque\u00f1o es de 25 mm, y la parte frontal de 40 mm del dildo grande es relativamente firme y facilita la entrada.<\/span><\/p>\n","protected":false},"excerpt":{"rendered":"<p><span dir=\"auto\">Este consolador con arn\u00e9s hueco para hombres tiene una textura suave y realista, y una punta de pene realista para estimular internamente a tu pareja y brindarle un placer intenso. \u00dasalo con o sin erecci\u00f3n, o incluso despu\u00e9s de la eyaculaci\u00f3n, \u00a1para que puedas disfrutar toda la noche! Es el complemento perfecto para hombres o parejas que desean aumentar la intimidad y disfrutar de relaciones sexuales m\u00e1s largas y satisfactorias.<\/span><\/p>\n<p><span dir=\"auto\">Este consolador con arn\u00e9s tambi\u00e9n aumenta la longitud y el grosor de tu pene, para que puedas penetrar a tu pareja m\u00e1s profundamente y llevarla a un cl\u00edmax incre\u00edble como nunca antes. \u00a1Tanto t\u00fa como tu pareja disfrutar\u00e1n del material suave al tacto y del mayor placer sexual que pueden experimentar con este potenciador sexual para parejas! El arn\u00e9s el\u00e1stico se adapta a la mayor\u00eda de los tama\u00f1os. Se recomienda usar lubricante. El consolador hueco m\u00e1s grande puede ser usado tanto por hombres como por mujeres.<\/span><\/p>\n<p><span dir=\"auto\">El dildo grande tiene una longitud de 175 mm y un di\u00e1metro m\u00e1ximo de 42 mm, el di\u00e1metro m\u00e1ximo del dildo peque\u00f1o es de 25 mm, y la parte frontal de 40 mm del dildo grande es relativamente firme y facilita la entrada.<\/span><\/p>\n","protected":false},"featured_media":4763,"comment_status":"open","ping_status":"closed","template":"","meta":[],"product_brand":[],"product_cat":[44],"product_tag":[],"class_list":{"0":"post-4762","1":"product","2":"type-product","3":"status-publish","4":"has-post-thumbnail","6":"product_cat-clitorales","8":"first","9":"instock","10":"shipping-taxable","11":"purchasable","12":"product-type-simple"},"_links":{"self":[{"href":"https:\/\/tiendasamor.com\/index.php\/wp-json\/wp\/v2\/product\/4762","targetHints":{"allow":["GET"]}}],"collection":[{"href":"https:\/\/tiendasamor.com\/index.php\/wp-json\/wp\/v2\/product"}],"about":[{"href":"https:\/\/tiendasamor.com\/index.php\/wp-json\/wp\/v2\/types\/product"}],"replies":[{"embeddable":true,"href":"https:\/\/tiendasamor.com\/index.php\/wp-json\/wp\/v2\/comments?post=4762"}],"wp:featuredmedia":[{"embeddable":true,"href":"https:\/\/tiendasamor.com\/index.php\/wp-json\/wp\/v2\/media\/4763"}],"wp:attachment":[{"href":"https:\/\/tiendasamor.com\/index.php\/wp-json\/wp\/v2\/media?parent=4762"}],"wp:term":[{"taxonomy":"product_brand","embeddable":true,"href":"https:\/\/tiendasamor.com\/index.php\/wp-json\/wp\/v2\/product_brand?post=4762"},{"taxonomy":"product_cat","embeddable":true,"href":"https:\/\/tiendasamor.com\/index.php\/wp-json\/wp\/v2\/product_cat?post=4762"},{"taxonomy":"product_tag","embeddable":true,"href":"https:\/\/tiendasamor.com\/index.php\/wp-json\/wp\/v2\/product_tag?post=4762"}],"curies":[{"name":"wp","href":"https:\/\/api.w.org\/{rel}","templated":true}]}}