{"id":4748,"date":"2025-10-30T18:42:10","date_gmt":"2025-10-30T23:42:10","guid":{"rendered":"https:\/\/tiendasamor.com\/?post_type=product&#038;p=4748"},"modified":"2025-10-30T18:42:10","modified_gmt":"2025-10-30T23:42:10","slug":"biale-jessica-strap-on","status":"publish","type":"product","link":"https:\/\/tiendasamor.com\/index.php\/producto\/biale-jessica-strap-on\/","title":{"rendered":"Biale Jessica Strap On"},"content":{"rendered":"<p>Vibrador con arn\u00e9s y consolador. Este vibrador de 18 cm (7 pulgadas) con un dise\u00f1o fant\u00e1stico incluye un consolador con forma ideal y textura rugosa, dise\u00f1ado para brindarte una penetraci\u00f3n completa y llevarte a ambos al cl\u00edmax una y otra vez. Su tacto realista garantiza muchas sesiones intensas y apasionadas. Incluye consolador, arn\u00e9s el\u00e1stico grueso, c\u00f3modo y ajustable, vibrador potente y silencioso, y controles de vibraci\u00f3n con m\u00faltiples velocidades. \u00a1No encontrar\u00e1s un vibrador con arn\u00e9s mejor!<\/p>\n","protected":false},"excerpt":{"rendered":"<p>Vibrador con arn\u00e9s y consolador. Este vibrador de 18 cm (7 pulgadas) con un dise\u00f1o fant\u00e1stico incluye un consolador con forma ideal y textura rugosa, dise\u00f1ado para brindarte una penetraci\u00f3n completa y llevarte a ambos al cl\u00edmax una y otra vez. Su tacto realista garantiza muchas sesiones intensas y apasionadas. Incluye consolador, arn\u00e9s el\u00e1stico grueso, [&hellip;]<\/p>\n","protected":false},"featured_media":4749,"comment_status":"open","ping_status":"closed","template":"","meta":[],"product_brand":[],"product_cat":[27],"product_tag":[],"class_list":{"0":"post-4748","1":"product","2":"type-product","3":"status-publish","4":"has-post-thumbnail","6":"product_cat-vibradores","8":"first","9":"instock","10":"shipping-taxable","11":"purchasable","12":"product-type-simple"},"_links":{"self":[{"href":"https:\/\/tiendasamor.com\/index.php\/wp-json\/wp\/v2\/product\/4748","targetHints":{"allow":["GET"]}}],"collection":[{"href":"https:\/\/tiendasamor.com\/index.php\/wp-json\/wp\/v2\/product"}],"about":[{"href":"https:\/\/tiendasamor.com\/index.php\/wp-json\/wp\/v2\/types\/product"}],"replies":[{"embeddable":true,"href":"https:\/\/tiendasamor.com\/index.php\/wp-json\/wp\/v2\/comments?post=4748"}],"wp:featuredmedia":[{"embeddable":true,"href":"https:\/\/tiendasamor.com\/index.php\/wp-json\/wp\/v2\/media\/4749"}],"wp:attachment":[{"href":"https:\/\/tiendasamor.com\/index.php\/wp-json\/wp\/v2\/media?parent=4748"}],"wp:term":[{"taxonomy":"product_brand","embeddable":true,"href":"https:\/\/tiendasamor.com\/index.php\/wp-json\/wp\/v2\/product_brand?post=4748"},{"taxonomy":"product_cat","embeddable":true,"href":"https:\/\/tiendasamor.com\/index.php\/wp-json\/wp\/v2\/product_cat?post=4748"},{"taxonomy":"product_tag","embeddable":true,"href":"https:\/\/tiendasamor.com\/index.php\/wp-json\/wp\/v2\/product_tag?post=4748"}],"curies":[{"name":"wp","href":"https:\/\/api.w.org\/{rel}","templated":true}]}}