{"id":4738,"date":"2025-10-13T19:34:38","date_gmt":"2025-10-14T00:34:38","guid":{"rendered":"https:\/\/tiendasamor.com\/?post_type=product&#038;p=4738"},"modified":"2025-10-13T19:34:38","modified_gmt":"2025-10-14T00:34:38","slug":"golden-retardex-formen","status":"publish","type":"product","link":"https:\/\/tiendasamor.com\/index.php\/producto\/golden-retardex-formen\/","title":{"rendered":"GOLDEN RETARDEX FORMEN"},"content":{"rendered":"<p>La crema retardante RETARDEX GOLDEN es un producto 100% natural que mejora significativamente los efectos de la eyaculaci\u00f3n precoz y ayuda al hombre a hacer realidad la desensibilizaci\u00f3n m\u00ednima necesaria para lograr que la relaci\u00f3n sexual sea realmente prolongada. Retarda el cl\u00edmax y prolonga la excitaci\u00f3n sexual para disfrutar relaciones sexuales m\u00e1s placenteras y duraderas.<\/p>\n<p>Aplicar de 5 a 10 minutos antes de la relaci\u00f3n sexual con el pene erecto, realizando un masaje en el glande (cabeza del pene) para que puedas disfrutar de los resultados. Puede repetir la dosis cada 20 minutos si fuese necesario.<\/p>\n<ul>\n<li>Retrasa la eyaculaci\u00f3n<\/li>\n<li>Prolonga tus relaciones sexuales<\/li>\n<li>Impresiona a tu pareja con una mayor duraci\u00f3n<\/li>\n<li>Ingredientes naturales<\/li>\n<li>No deja residuos en la ropa<\/li>\n<li>Formato muy discreto y f\u00e1cil de llevar<\/li>\n<li>Presentaci\u00f3n 5 gr<\/li>\n<\/ul>\n","protected":false},"excerpt":{"rendered":"<p>La crema retardante RETARDEX GOLDEN es un producto 100% natural que mejora significativamente los efectos de la eyaculaci\u00f3n precoz y ayuda al hombre a hacer realidad la desensibilizaci\u00f3n m\u00ednima necesaria para lograr que la relaci\u00f3n sexual sea realmente prolongada. Retarda el cl\u00edmax y prolonga la excitaci\u00f3n sexual para disfrutar relaciones sexuales m\u00e1s placenteras y duraderas. [&hellip;]<\/p>\n","protected":false},"featured_media":4740,"comment_status":"open","ping_status":"closed","template":"","meta":[],"product_brand":[],"product_cat":[48],"product_tag":[],"class_list":{"0":"post-4738","1":"product","2":"type-product","3":"status-publish","4":"has-post-thumbnail","6":"product_cat-retardantes","8":"first","9":"instock","10":"shipping-taxable","11":"purchasable","12":"product-type-simple"},"_links":{"self":[{"href":"https:\/\/tiendasamor.com\/index.php\/wp-json\/wp\/v2\/product\/4738","targetHints":{"allow":["GET"]}}],"collection":[{"href":"https:\/\/tiendasamor.com\/index.php\/wp-json\/wp\/v2\/product"}],"about":[{"href":"https:\/\/tiendasamor.com\/index.php\/wp-json\/wp\/v2\/types\/product"}],"replies":[{"embeddable":true,"href":"https:\/\/tiendasamor.com\/index.php\/wp-json\/wp\/v2\/comments?post=4738"}],"wp:featuredmedia":[{"embeddable":true,"href":"https:\/\/tiendasamor.com\/index.php\/wp-json\/wp\/v2\/media\/4740"}],"wp:attachment":[{"href":"https:\/\/tiendasamor.com\/index.php\/wp-json\/wp\/v2\/media?parent=4738"}],"wp:term":[{"taxonomy":"product_brand","embeddable":true,"href":"https:\/\/tiendasamor.com\/index.php\/wp-json\/wp\/v2\/product_brand?post=4738"},{"taxonomy":"product_cat","embeddable":true,"href":"https:\/\/tiendasamor.com\/index.php\/wp-json\/wp\/v2\/product_cat?post=4738"},{"taxonomy":"product_tag","embeddable":true,"href":"https:\/\/tiendasamor.com\/index.php\/wp-json\/wp\/v2\/product_tag?post=4738"}],"curies":[{"name":"wp","href":"https:\/\/api.w.org\/{rel}","templated":true}]}}