{"id":4706,"date":"2025-10-13T18:09:05","date_gmt":"2025-10-13T23:09:05","guid":{"rendered":"https:\/\/tiendasamor.com\/?post_type=product&#038;p=4706"},"modified":"2025-10-13T18:09:06","modified_gmt":"2025-10-13T23:09:06","slug":"masturbador-vaginal-crazy-bull-trish","status":"publish","type":"product","link":"https:\/\/tiendasamor.com\/index.php\/producto\/masturbador-vaginal-crazy-bull-trish\/","title":{"rendered":"Masturbador vaginal Crazy Bull Trish"},"content":{"rendered":"<p><span dir=\"auto\">Su estrecha vagina, oculta en una funda de pl\u00e1stico duro con acabado perlado y una funda interior de piel sint\u00e9tica de tacto real, ha sido moldeada directamente a partir de una estrella porno para crear una abertura vaginal incre\u00edblemente realista. En su interior, el masturbador cuenta con una serie de crestas y cavidades que crean una deliciosa succi\u00f3n y sensaciones placenteras que se asemejan notablemente a la realidad. \u00dasalo con un poco de lubricante a base de agua y te preguntar\u00e1s por qu\u00e9 te conformaste con la mano durante tanto tiempo.<\/span><\/p>\n<ul>\n<li>Material ultra realista TPR\/ABS<\/li>\n<li>Canal interno con espuelas para mayor estimulaci\u00f3n<\/li>\n<li>Material se adhiere a la temperatura corporal<\/li>\n<li>Impermeable<\/li>\n<li>F\u00e1cil de usar y limpiar<\/li>\n<li>Acompa\u00f1ar con lubricante a base de agua<\/li>\n<li>Largo: 18.5 cm \u2013 Ancho: 7.8 cm<\/li>\n<\/ul>\n","protected":false},"excerpt":{"rendered":"<p>Su estrecha vagina, oculta en una funda de pl\u00e1stico duro con acabado perlado y una funda interior de piel sint\u00e9tica de tacto real, ha sido moldeada directamente a partir de una estrella porno para crear una abertura vaginal incre\u00edblemente realista. En su interior, el masturbador cuenta con una serie de crestas y cavidades que crean [&hellip;]<\/p>\n","protected":false},"featured_media":4707,"comment_status":"open","ping_status":"closed","template":"","meta":[],"product_brand":[],"product_cat":[30],"product_tag":[],"class_list":{"0":"post-4706","1":"product","2":"type-product","3":"status-publish","4":"has-post-thumbnail","6":"product_cat-masturbadores","8":"first","9":"instock","10":"shipping-taxable","11":"purchasable","12":"product-type-simple"},"_links":{"self":[{"href":"https:\/\/tiendasamor.com\/index.php\/wp-json\/wp\/v2\/product\/4706","targetHints":{"allow":["GET"]}}],"collection":[{"href":"https:\/\/tiendasamor.com\/index.php\/wp-json\/wp\/v2\/product"}],"about":[{"href":"https:\/\/tiendasamor.com\/index.php\/wp-json\/wp\/v2\/types\/product"}],"replies":[{"embeddable":true,"href":"https:\/\/tiendasamor.com\/index.php\/wp-json\/wp\/v2\/comments?post=4706"}],"wp:featuredmedia":[{"embeddable":true,"href":"https:\/\/tiendasamor.com\/index.php\/wp-json\/wp\/v2\/media\/4707"}],"wp:attachment":[{"href":"https:\/\/tiendasamor.com\/index.php\/wp-json\/wp\/v2\/media?parent=4706"}],"wp:term":[{"taxonomy":"product_brand","embeddable":true,"href":"https:\/\/tiendasamor.com\/index.php\/wp-json\/wp\/v2\/product_brand?post=4706"},{"taxonomy":"product_cat","embeddable":true,"href":"https:\/\/tiendasamor.com\/index.php\/wp-json\/wp\/v2\/product_cat?post=4706"},{"taxonomy":"product_tag","embeddable":true,"href":"https:\/\/tiendasamor.com\/index.php\/wp-json\/wp\/v2\/product_tag?post=4706"}],"curies":[{"name":"wp","href":"https:\/\/api.w.org\/{rel}","templated":true}]}}