{"id":4690,"date":"2025-10-13T17:36:35","date_gmt":"2025-10-13T22:36:35","guid":{"rendered":"https:\/\/tiendasamor.com\/?post_type=product&#038;p=4690"},"modified":"2025-10-13T17:37:38","modified_gmt":"2025-10-13T22:37:38","slug":"vacuum-cup-masturbator","status":"publish","type":"product","link":"https:\/\/tiendasamor.com\/index.php\/producto\/vacuum-cup-masturbator\/","title":{"rendered":"Vacuum Cup Ano Masturbator"},"content":{"rendered":"<p><span dir=\"auto\">Ponte sensual con el Masturbador de Copa de Vac\u00edo Pretty Love. Aplica lubricante en la abertura anal realista antes de introducirlo. Una vez que lo hayas deslizado m\u00e1s all\u00e1 de su creciente agujero, \u00fanete a la experiencia y nutre tu pene con las estimulantes capas de firmes crestas. Con una estructura de flujo de aire, simplemente cubre el orificio en la parte superior de la copa para crear una succi\u00f3n que te har\u00e1 gemir hasta el cl\u00edmax.<\/span><\/p>\n<p>&nbsp;<\/p>\n","protected":false},"excerpt":{"rendered":"<p>Ponte sensual con el Masturbador de Copa de Vac\u00edo Pretty Love. Aplica lubricante en la abertura anal realista antes de introducirlo. Una vez que lo hayas deslizado m\u00e1s all\u00e1 de su creciente agujero, \u00fanete a la experiencia y nutre tu pene con las estimulantes capas de firmes crestas. Con una estructura de flujo de aire, [&hellip;]<\/p>\n","protected":false},"featured_media":4691,"comment_status":"open","ping_status":"closed","template":"","meta":[],"product_brand":[],"product_cat":[30],"product_tag":[],"class_list":{"0":"post-4690","1":"product","2":"type-product","3":"status-publish","4":"has-post-thumbnail","6":"product_cat-masturbadores","8":"first","9":"instock","10":"shipping-taxable","11":"purchasable","12":"product-type-simple"},"_links":{"self":[{"href":"https:\/\/tiendasamor.com\/index.php\/wp-json\/wp\/v2\/product\/4690","targetHints":{"allow":["GET"]}}],"collection":[{"href":"https:\/\/tiendasamor.com\/index.php\/wp-json\/wp\/v2\/product"}],"about":[{"href":"https:\/\/tiendasamor.com\/index.php\/wp-json\/wp\/v2\/types\/product"}],"replies":[{"embeddable":true,"href":"https:\/\/tiendasamor.com\/index.php\/wp-json\/wp\/v2\/comments?post=4690"}],"wp:featuredmedia":[{"embeddable":true,"href":"https:\/\/tiendasamor.com\/index.php\/wp-json\/wp\/v2\/media\/4691"}],"wp:attachment":[{"href":"https:\/\/tiendasamor.com\/index.php\/wp-json\/wp\/v2\/media?parent=4690"}],"wp:term":[{"taxonomy":"product_brand","embeddable":true,"href":"https:\/\/tiendasamor.com\/index.php\/wp-json\/wp\/v2\/product_brand?post=4690"},{"taxonomy":"product_cat","embeddable":true,"href":"https:\/\/tiendasamor.com\/index.php\/wp-json\/wp\/v2\/product_cat?post=4690"},{"taxonomy":"product_tag","embeddable":true,"href":"https:\/\/tiendasamor.com\/index.php\/wp-json\/wp\/v2\/product_tag?post=4690"}],"curies":[{"name":"wp","href":"https:\/\/api.w.org\/{rel}","templated":true}]}}