{"id":4673,"date":"2025-10-13T16:19:34","date_gmt":"2025-10-13T21:19:34","guid":{"rendered":"https:\/\/tiendasamor.com\/?post_type=product&#038;p=4673"},"modified":"2025-10-13T16:21:46","modified_gmt":"2025-10-13T21:21:46","slug":"pretty-love-harlan","status":"publish","type":"product","link":"https:\/\/tiendasamor.com\/index.php\/producto\/pretty-love-harlan\/","title":{"rendered":"Pretty Love Harlan"},"content":{"rendered":"<p>Este elegante dise\u00f1o satisfar\u00e1 tus deseos m\u00e1s profundos y har\u00e1 realidad todas tus fantas\u00edas con conejos. Este intenso vibrador de conejo de silicona tiene dos motores para que puedas controlar d\u00f3nde prefieres m\u00e1s placer y tener diferentes movimientos a la vez.<\/p>\n<p>Dise\u00f1ado para despertar tus fantas\u00edas y satisfacer tu mente, cuerpo y alma, este conejo es perfecto para el juego en solitario.<\/p>\n<p>\u00bfPor qu\u00e9 no llevarlo a tu vida amorosa e introducir a tu pareja en la diversi\u00f3n de los juguetes sexuales en el dormitorio? Nunca querr\u00e1s volver atr\u00e1s.<\/p>\n<p>Con 12 patrones de vibraci\u00f3n programados tanto en el estimulador de cl\u00edtoris como en el eje, est\u00e1s lista para horas de orgasmos explosivos.<\/p>\n<p>Aumenta la intensidad lentamente y avanza hasta los ajustes m\u00e1s fuertes para una noche de \u00e9xtasis placentero.<\/p>\n<p>Este conejo de silicona es resistente al agua, por lo que puedes disfrutar en la ba\u00f1era o ponerte caliente y humeante en la ducha.<\/p>\n","protected":false},"excerpt":{"rendered":"<p>Este elegante dise\u00f1o satisfar\u00e1 tus deseos m\u00e1s profundos y har\u00e1 realidad todas tus fantas\u00edas con conejos. Este intenso vibrador de conejo de silicona tiene dos motores para que puedas controlar d\u00f3nde prefieres m\u00e1s placer y tener diferentes movimientos a la vez. Dise\u00f1ado para despertar tus fantas\u00edas y satisfacer tu mente, cuerpo y alma, este conejo [&hellip;]<\/p>\n","protected":false},"featured_media":4674,"comment_status":"open","ping_status":"closed","template":"","meta":[],"product_brand":[],"product_cat":[44,43,27],"product_tag":[],"class_list":{"0":"post-4673","1":"product","2":"type-product","3":"status-publish","4":"has-post-thumbnail","6":"product_cat-clitorales","7":"product_cat-rabbit","8":"product_cat-vibradores","10":"first","11":"instock","12":"shipping-taxable","13":"purchasable","14":"product-type-simple"},"_links":{"self":[{"href":"https:\/\/tiendasamor.com\/index.php\/wp-json\/wp\/v2\/product\/4673","targetHints":{"allow":["GET"]}}],"collection":[{"href":"https:\/\/tiendasamor.com\/index.php\/wp-json\/wp\/v2\/product"}],"about":[{"href":"https:\/\/tiendasamor.com\/index.php\/wp-json\/wp\/v2\/types\/product"}],"replies":[{"embeddable":true,"href":"https:\/\/tiendasamor.com\/index.php\/wp-json\/wp\/v2\/comments?post=4673"}],"wp:featuredmedia":[{"embeddable":true,"href":"https:\/\/tiendasamor.com\/index.php\/wp-json\/wp\/v2\/media\/4674"}],"wp:attachment":[{"href":"https:\/\/tiendasamor.com\/index.php\/wp-json\/wp\/v2\/media?parent=4673"}],"wp:term":[{"taxonomy":"product_brand","embeddable":true,"href":"https:\/\/tiendasamor.com\/index.php\/wp-json\/wp\/v2\/product_brand?post=4673"},{"taxonomy":"product_cat","embeddable":true,"href":"https:\/\/tiendasamor.com\/index.php\/wp-json\/wp\/v2\/product_cat?post=4673"},{"taxonomy":"product_tag","embeddable":true,"href":"https:\/\/tiendasamor.com\/index.php\/wp-json\/wp\/v2\/product_tag?post=4673"}],"curies":[{"name":"wp","href":"https:\/\/api.w.org\/{rel}","templated":true}]}}