{"id":4661,"date":"2025-10-13T16:12:31","date_gmt":"2025-10-13T21:12:31","guid":{"rendered":"https:\/\/tiendasamor.com\/?post_type=product&#038;p=4661"},"modified":"2025-10-13T16:12:32","modified_gmt":"2025-10-13T21:12:32","slug":"pretty-love-dj-doctor-massage-gum","status":"publish","type":"product","link":"https:\/\/tiendasamor.com\/index.php\/producto\/pretty-love-dj-doctor-massage-gum\/","title":{"rendered":"PRETTY LOVE \u2013 DJ DOCTOR MASSAGE GUM"},"content":{"rendered":"<p>Esta pistola de masaje s\u00faper potente tiene 5 configuraciones de empuje y un cabezal de silicona reemplazable. Lo m\u00e1s importante es que el motor m\u00e1s potente dentro de la pistola de masaje te brindar\u00e1 la experiencia er\u00f3tica m\u00e1s poderosa y una vibraci\u00f3n incre\u00edble y una sensaci\u00f3n de empuje. Si prefieres que tus juguetes tengan caracter\u00edsticas poderosas, elige la \u00faltima pistola de masaje s\u00faper poderosa de Pretty Love, resolver\u00e1 y liberar\u00e1 todo tu estr\u00e9s y te brindar\u00e1 un placer impresionante y grandioso.<\/p>\n<p>Caracter\u00edsticas:<\/p>\n<p>Funci\u00f3n: 5 configuraciones de empuje<br \/>\nAlimentaci\u00f3n: carga USB tipo C<br \/>\nMaterial: silicona ABS<br \/>\nNegro<\/p>\n","protected":false},"excerpt":{"rendered":"<p>Esta pistola de masaje s\u00faper potente tiene 5 configuraciones de empuje y un cabezal de silicona reemplazable. Lo m\u00e1s importante es que el motor m\u00e1s potente dentro de la pistola de masaje te brindar\u00e1 la experiencia er\u00f3tica m\u00e1s poderosa y una vibraci\u00f3n incre\u00edble y una sensaci\u00f3n de empuje. Si prefieres que tus juguetes tengan caracter\u00edsticas [&hellip;]<\/p>\n","protected":false},"featured_media":4672,"comment_status":"open","ping_status":"closed","template":"","meta":[],"product_brand":[],"product_cat":[43,27],"product_tag":[],"class_list":{"0":"post-4661","1":"product","2":"type-product","3":"status-publish","4":"has-post-thumbnail","6":"product_cat-rabbit","7":"product_cat-vibradores","9":"first","10":"instock","11":"shipping-taxable","12":"purchasable","13":"product-type-simple"},"_links":{"self":[{"href":"https:\/\/tiendasamor.com\/index.php\/wp-json\/wp\/v2\/product\/4661","targetHints":{"allow":["GET"]}}],"collection":[{"href":"https:\/\/tiendasamor.com\/index.php\/wp-json\/wp\/v2\/product"}],"about":[{"href":"https:\/\/tiendasamor.com\/index.php\/wp-json\/wp\/v2\/types\/product"}],"replies":[{"embeddable":true,"href":"https:\/\/tiendasamor.com\/index.php\/wp-json\/wp\/v2\/comments?post=4661"}],"wp:featuredmedia":[{"embeddable":true,"href":"https:\/\/tiendasamor.com\/index.php\/wp-json\/wp\/v2\/media\/4672"}],"wp:attachment":[{"href":"https:\/\/tiendasamor.com\/index.php\/wp-json\/wp\/v2\/media?parent=4661"}],"wp:term":[{"taxonomy":"product_brand","embeddable":true,"href":"https:\/\/tiendasamor.com\/index.php\/wp-json\/wp\/v2\/product_brand?post=4661"},{"taxonomy":"product_cat","embeddable":true,"href":"https:\/\/tiendasamor.com\/index.php\/wp-json\/wp\/v2\/product_cat?post=4661"},{"taxonomy":"product_tag","embeddable":true,"href":"https:\/\/tiendasamor.com\/index.php\/wp-json\/wp\/v2\/product_tag?post=4661"}],"curies":[{"name":"wp","href":"https:\/\/api.w.org\/{rel}","templated":true}]}}