{"id":4657,"date":"2025-09-29T19:52:20","date_gmt":"2025-09-30T00:52:20","guid":{"rendered":"https:\/\/tiendasamor.com\/?post_type=product&#038;p=4657"},"modified":"2025-09-29T19:52:20","modified_gmt":"2025-09-30T00:52:20","slug":"disfraz-de-superman","status":"publish","type":"product","link":"https:\/\/tiendasamor.com\/index.php\/producto\/disfraz-de-superman\/","title":{"rendered":"DISFRAZ DE SUPERMAN"},"content":{"rendered":"<p>Superman cumple tus fantas\u00edas Y disfruta.<\/p>\n<p><strong>Caracter\u00edsticas:<\/strong><\/p>\n<ul>\n<li>Color: rojo con azul<\/li>\n<li>Material: nylon 78% elastane 22%<\/li>\n<li>Incluye: Capa, mu\u00f1equera, suspensorios<\/li>\n<\/ul>\n","protected":false},"excerpt":{"rendered":"<p>Superman cumple tus fantas\u00edas Y disfruta. Caracter\u00edsticas: Color: rojo con azul Material: nylon 78% elastane 22% Incluye: Capa, mu\u00f1equera, suspensorios<\/p>\n","protected":false},"featured_media":4659,"comment_status":"open","ping_status":"closed","template":"","meta":[],"product_brand":[],"product_cat":[49],"product_tag":[],"class_list":{"0":"post-4657","1":"product","2":"type-product","3":"status-publish","4":"has-post-thumbnail","6":"product_cat-disfraces","8":"first","9":"instock","10":"shipping-taxable","11":"purchasable","12":"product-type-simple"},"_links":{"self":[{"href":"https:\/\/tiendasamor.com\/index.php\/wp-json\/wp\/v2\/product\/4657","targetHints":{"allow":["GET"]}}],"collection":[{"href":"https:\/\/tiendasamor.com\/index.php\/wp-json\/wp\/v2\/product"}],"about":[{"href":"https:\/\/tiendasamor.com\/index.php\/wp-json\/wp\/v2\/types\/product"}],"replies":[{"embeddable":true,"href":"https:\/\/tiendasamor.com\/index.php\/wp-json\/wp\/v2\/comments?post=4657"}],"wp:featuredmedia":[{"embeddable":true,"href":"https:\/\/tiendasamor.com\/index.php\/wp-json\/wp\/v2\/media\/4659"}],"wp:attachment":[{"href":"https:\/\/tiendasamor.com\/index.php\/wp-json\/wp\/v2\/media?parent=4657"}],"wp:term":[{"taxonomy":"product_brand","embeddable":true,"href":"https:\/\/tiendasamor.com\/index.php\/wp-json\/wp\/v2\/product_brand?post=4657"},{"taxonomy":"product_cat","embeddable":true,"href":"https:\/\/tiendasamor.com\/index.php\/wp-json\/wp\/v2\/product_cat?post=4657"},{"taxonomy":"product_tag","embeddable":true,"href":"https:\/\/tiendasamor.com\/index.php\/wp-json\/wp\/v2\/product_tag?post=4657"}],"curies":[{"name":"wp","href":"https:\/\/api.w.org\/{rel}","templated":true}]}}