{"id":4623,"date":"2025-09-29T16:34:19","date_gmt":"2025-09-29T21:34:19","guid":{"rendered":"https:\/\/tiendasamor.com\/?post_type=product&#038;p=4623"},"modified":"2025-09-29T16:35:32","modified_gmt":"2025-09-29T21:35:32","slug":"anal-lube-lubricante-dilatador-manzana","status":"publish","type":"product","link":"https:\/\/tiendasamor.com\/index.php\/producto\/anal-lube-lubricante-dilatador-manzana\/","title":{"rendered":"ANAL LUBE Lubricante Dilatador Manzana"},"content":{"rendered":"<div class=\"elementor-element elementor-element-86bcdf3 jedv-enabled--yes elementor-widget elementor-widget-jet-accordion\" data-id=\"86bcdf3\" data-element_type=\"widget\" data-widget_type=\"jet-accordion.default\">\n<div class=\"elementor-widget-container\">\n<div class=\"jet-accordion\" data-settings=\"{&quot;collapsible&quot;:false,&quot;ajaxTemplate&quot;:false,&quot;switchScrolling&quot;:false,&quot;switchScrollingOffset&quot;:0,&quot;switchScrollingDelay&quot;:500}\">\n<div class=\"jet-accordion__inner\">\n<div class=\" jet-accordion__item jet-toggle jet-toggle-move-up-effect active-toggle\">\n<div id=\"jet-toggle-content-1411\" class=\"jet-toggle__content\" role=\"region\" data-toggle=\"1\" data-template-id=\"false\">\n<div class=\"jet-toggle__content-inner\">\n<p>Anal Lube este lubricante anal concentrado presenta una particularidad especialmente \u00fatil para quienes acaban de iniciarse en estas pr\u00e1cticas. Dilata e insensibiliza.<\/p>\n<ul>\n<li>Aplicar de 3 a 5 minutos antes sobre el area.<\/li>\n<li>No exceder la aplicacion de 4 veces durante el dia.<\/li>\n<\/ul>\n<\/div>\n<\/div>\n<\/div>\n<\/div>\n<\/div>\n<\/div>\n<\/div>\n<div class=\"elementor-element elementor-element-5c342a6 jedv-enabled--yes elementor-widget elementor-widget-jet-accordion\" data-id=\"5c342a6\" data-element_type=\"widget\" data-widget_type=\"jet-accordion.default\">\n<div class=\"elementor-widget-container\">\n<div class=\"jet-accordion\" data-settings=\"{&quot;collapsible&quot;:false,&quot;ajaxTemplate&quot;:false,&quot;switchScrolling&quot;:false,&quot;switchScrollingOffset&quot;:0,&quot;switchScrollingDelay&quot;:500}\">\n<div class=\"jet-accordion__inner\">\n<div class=\"jet-accordion__item jet-toggle jet-toggle-move-up-effect active-toggle\">\n<div id=\"jet-toggle-content-9661\" class=\"jet-toggle__content\" role=\"region\" data-toggle=\"1\" data-template-id=\"false\">\n<div class=\"jet-toggle__content-inner\">\n<ul>\n<li>M\u00e1xima hidrataci\u00f3n para evitar fisuras e incomodidades.<\/li>\n<li>Olores: Fresa, Tutti Frutti, Chicle.<\/li>\n<li>Lubricaci\u00f3n intensa y de larga duraci\u00f3n.<\/li>\n<li>Cantidad del envase: 100 ml.<\/li>\n<li>Solo para uso externo<\/li>\n<li>Evitar contacto con los ojos<\/li>\n<li>Si presenta irritaci\u00f3n suspender uso.<\/li>\n<\/ul>\n<\/div>\n<\/div>\n<\/div>\n<\/div>\n<\/div>\n<\/div>\n<\/div>\n","protected":false},"excerpt":{"rendered":"<p>Anal Lube este lubricante anal concentrado presenta una particularidad especialmente \u00fatil para quienes acaban de iniciarse en estas pr\u00e1cticas. Dilata e insensibiliza. Aplicar de 3 a 5 minutos antes sobre el area. No exceder la aplicacion de 4 veces durante el dia. M\u00e1xima hidrataci\u00f3n para evitar fisuras e incomodidades. Olores: Fresa, Tutti Frutti, Chicle. Lubricaci\u00f3n [&hellip;]<\/p>\n","protected":false},"featured_media":4625,"comment_status":"open","ping_status":"closed","template":"","meta":[],"product_brand":[],"product_cat":[35,65,23],"product_tag":[],"class_list":{"0":"post-4623","1":"product","2":"type-product","3":"status-publish","4":"has-post-thumbnail","6":"product_cat-anales","7":"product_cat-comestibles","8":"product_cat-lubricantes","10":"first","11":"instock","12":"shipping-taxable","13":"purchasable","14":"product-type-simple"},"_links":{"self":[{"href":"https:\/\/tiendasamor.com\/index.php\/wp-json\/wp\/v2\/product\/4623","targetHints":{"allow":["GET"]}}],"collection":[{"href":"https:\/\/tiendasamor.com\/index.php\/wp-json\/wp\/v2\/product"}],"about":[{"href":"https:\/\/tiendasamor.com\/index.php\/wp-json\/wp\/v2\/types\/product"}],"replies":[{"embeddable":true,"href":"https:\/\/tiendasamor.com\/index.php\/wp-json\/wp\/v2\/comments?post=4623"}],"wp:featuredmedia":[{"embeddable":true,"href":"https:\/\/tiendasamor.com\/index.php\/wp-json\/wp\/v2\/media\/4625"}],"wp:attachment":[{"href":"https:\/\/tiendasamor.com\/index.php\/wp-json\/wp\/v2\/media?parent=4623"}],"wp:term":[{"taxonomy":"product_brand","embeddable":true,"href":"https:\/\/tiendasamor.com\/index.php\/wp-json\/wp\/v2\/product_brand?post=4623"},{"taxonomy":"product_cat","embeddable":true,"href":"https:\/\/tiendasamor.com\/index.php\/wp-json\/wp\/v2\/product_cat?post=4623"},{"taxonomy":"product_tag","embeddable":true,"href":"https:\/\/tiendasamor.com\/index.php\/wp-json\/wp\/v2\/product_tag?post=4623"}],"curies":[{"name":"wp","href":"https:\/\/api.w.org\/{rel}","templated":true}]}}