{"id":4600,"date":"2025-09-16T19:22:42","date_gmt":"2025-09-17T00:22:42","guid":{"rendered":"https:\/\/tiendasamor.com\/?post_type=product&#038;p=4600"},"modified":"2025-09-16T19:22:42","modified_gmt":"2025-09-17T00:22:42","slug":"vibrador-realista-9-4-sliding-skin-24-cm","status":"publish","type":"product","link":"https:\/\/tiendasamor.com\/index.php\/producto\/vibrador-realista-9-4-sliding-skin-24-cm\/","title":{"rendered":"VIBRADOR REALISTA 9.4 SLIDING SKIN 24 CM"},"content":{"rendered":"<p><span dir=\"auto\">Experimenta el m\u00e1ximo placer realista con nuestro dildo vibrador de piel realista con base de succi\u00f3n y mango con cable, dise\u00f1ado para satisfacer tus deseos m\u00e1s profundos. Perfecto tanto para el juego vaginal como anal, este dildo es imprescindible para personas y parejas que buscan explorar y enriquecer sus experiencias \u00edntimas. Su dise\u00f1o de doble densidad combina una suave capa exterior con un n\u00facleo interior firme para una experiencia verdaderamente din\u00e1mica. Equipado con una robusta ventosa, se adhiere firmemente a diversas superficies lisas como paredes de ba\u00f1o, mesas y m\u00e1s, ofreciendo versatilidad para tu placer.<\/span><\/p>\n<table border=\"0\" width=\"100%\" cellspacing=\"1\" cellpadding=\"3\" bgcolor=\"#dddddd\">\n<tbody>\n<tr>\n<td align=\"left\" width=\"30%\"><span dir=\"auto\">Funci\u00f3n<\/span><\/td>\n<td align=\"left\" width=\"70%\"><span dir=\"auto\">Base de succi\u00f3n flexible por vibraci\u00f3n<\/span><\/td>\n<\/tr>\n<tr>\n<td align=\"left\" width=\"30%\"><span dir=\"auto\">Material<\/span><\/td>\n<td align=\"left\" width=\"70%\"><span dir=\"auto\">TPR<\/span><\/td>\n<\/tr>\n<tr>\n<td align=\"left\" width=\"30%\"><span dir=\"auto\">Fuerza<\/span><\/td>\n<td align=\"left\" width=\"70%\"><span dir=\"auto\">2 pilas AA<\/span><\/td>\n<\/tr>\n<\/tbody>\n<\/table>\n","protected":false},"excerpt":{"rendered":"<p>Experimenta el m\u00e1ximo placer realista con nuestro dildo vibrador de piel realista con base de succi\u00f3n y mango con cable, dise\u00f1ado para satisfacer tus deseos m\u00e1s profundos. Perfecto tanto para el juego vaginal como anal, este dildo es imprescindible para personas y parejas que buscan explorar y enriquecer sus experiencias \u00edntimas. Su dise\u00f1o de doble [&hellip;]<\/p>\n","protected":false},"featured_media":4601,"comment_status":"open","ping_status":"closed","template":"","meta":[],"product_brand":[],"product_cat":[29,27],"product_tag":[],"class_list":{"0":"post-4600","1":"product","2":"type-product","3":"status-publish","4":"has-post-thumbnail","6":"product_cat-consoladores-y-dildos","7":"product_cat-vibradores","9":"first","10":"instock","11":"shipping-taxable","12":"purchasable","13":"product-type-simple"},"_links":{"self":[{"href":"https:\/\/tiendasamor.com\/index.php\/wp-json\/wp\/v2\/product\/4600","targetHints":{"allow":["GET"]}}],"collection":[{"href":"https:\/\/tiendasamor.com\/index.php\/wp-json\/wp\/v2\/product"}],"about":[{"href":"https:\/\/tiendasamor.com\/index.php\/wp-json\/wp\/v2\/types\/product"}],"replies":[{"embeddable":true,"href":"https:\/\/tiendasamor.com\/index.php\/wp-json\/wp\/v2\/comments?post=4600"}],"wp:featuredmedia":[{"embeddable":true,"href":"https:\/\/tiendasamor.com\/index.php\/wp-json\/wp\/v2\/media\/4601"}],"wp:attachment":[{"href":"https:\/\/tiendasamor.com\/index.php\/wp-json\/wp\/v2\/media?parent=4600"}],"wp:term":[{"taxonomy":"product_brand","embeddable":true,"href":"https:\/\/tiendasamor.com\/index.php\/wp-json\/wp\/v2\/product_brand?post=4600"},{"taxonomy":"product_cat","embeddable":true,"href":"https:\/\/tiendasamor.com\/index.php\/wp-json\/wp\/v2\/product_cat?post=4600"},{"taxonomy":"product_tag","embeddable":true,"href":"https:\/\/tiendasamor.com\/index.php\/wp-json\/wp\/v2\/product_tag?post=4600"}],"curies":[{"name":"wp","href":"https:\/\/api.w.org\/{rel}","templated":true}]}}