{"id":4575,"date":"2025-09-09T12:46:47","date_gmt":"2025-09-09T17:46:47","guid":{"rendered":"https:\/\/tiendasamor.com\/?post_type=product&#038;p=4575"},"modified":"2025-09-09T12:46:47","modified_gmt":"2025-09-09T17:46:47","slug":"masajeadora-pretty-love-meredith-2","status":"publish","type":"product","link":"https:\/\/tiendasamor.com\/index.php\/producto\/masajeadora-pretty-love-meredith-2\/","title":{"rendered":"MASAJEADORA PRETTY LOVE MEREDITH"},"content":{"rendered":"<div class=\"container\">\n<div class=\"row \" data-wid=\"18\">\n<div id=\"kontrolka-48\" class=\"kontrolka-PoleProduktu col-12\" data-kid=\"48\">\n<div class=\"pole-opis-wartosc\"><span class=\"wartosc\"><span dir=\"auto\">Dise\u00f1ado especialmente para divertirse en el ba\u00f1o, el jacuzzi o la ducha, el masajeador de silicona suave transforma por completo el placer h\u00famedo y salvaje. Con 7 potentes patrones de masaje f\u00e1ciles de controlar, este masajeador es 100 % impermeable y tiene el tama\u00f1o perfecto para disfrutar de un poco de autodeseo a la hora del ba\u00f1o. Totalmente recargable y con un cabezal de silicona flexible y suave como la seda, este vers\u00e1til juguete es divertid\u00edsimo dentro y fuera del agua.<\/span><br \/>\n<\/span><\/div>\n<div><\/div>\n<\/div>\n<\/div>\n<\/div>\n<div class=\"container-fluid\">\n<div class=\"row container ramka-ciagla-gora\" data-wid=\"19\">\n<div id=\"kontrolka-52\" class=\"kontrolka-Tekst col-12 czcionka-tekstowa-paragraf\" data-kid=\"52\">\n<table border=\"0\" width=\"100%\" cellspacing=\"1\" cellpadding=\"3\" bgcolor=\"#dddddd\">\n<tbody>\n<tr>\n<td align=\"left\" width=\"70%\"><span dir=\"auto\">7 funciones de vibraci\u00f3n, 5 niveles de control de velocidad, funci\u00f3n de memoria<\/span><\/td>\n<\/tr>\n<tr>\n<td align=\"left\" width=\"30%\"><span dir=\"auto\">Material<\/span><\/td>\n<td align=\"left\" width=\"70%\"><span dir=\"auto\">Silicona<\/span><\/td>\n<\/tr>\n<tr>\n<td align=\"left\" width=\"30%\"><span dir=\"auto\">Fuerza<\/span><\/td>\n<\/tr>\n<\/tbody>\n<\/table>\n<\/div>\n<\/div>\n<\/div>\n","protected":false},"excerpt":{"rendered":"<p>Dise\u00f1ado especialmente para divertirse en el ba\u00f1o, el jacuzzi o la ducha, el masajeador de silicona suave transforma por completo el placer h\u00famedo y salvaje. Con 7 potentes patrones de masaje f\u00e1ciles de controlar, este masajeador es 100 % impermeable y tiene el tama\u00f1o perfecto para disfrutar de un poco de autodeseo a la hora [&hellip;]<\/p>\n","protected":false},"featured_media":4577,"comment_status":"open","ping_status":"closed","template":"","meta":[],"product_brand":[],"product_cat":[44,27],"product_tag":[],"class_list":{"0":"post-4575","1":"product","2":"type-product","3":"status-publish","4":"has-post-thumbnail","6":"product_cat-clitorales","7":"product_cat-vibradores","9":"first","10":"instock","11":"shipping-taxable","12":"purchasable","13":"product-type-simple"},"_links":{"self":[{"href":"https:\/\/tiendasamor.com\/index.php\/wp-json\/wp\/v2\/product\/4575","targetHints":{"allow":["GET"]}}],"collection":[{"href":"https:\/\/tiendasamor.com\/index.php\/wp-json\/wp\/v2\/product"}],"about":[{"href":"https:\/\/tiendasamor.com\/index.php\/wp-json\/wp\/v2\/types\/product"}],"replies":[{"embeddable":true,"href":"https:\/\/tiendasamor.com\/index.php\/wp-json\/wp\/v2\/comments?post=4575"}],"wp:featuredmedia":[{"embeddable":true,"href":"https:\/\/tiendasamor.com\/index.php\/wp-json\/wp\/v2\/media\/4577"}],"wp:attachment":[{"href":"https:\/\/tiendasamor.com\/index.php\/wp-json\/wp\/v2\/media?parent=4575"}],"wp:term":[{"taxonomy":"product_brand","embeddable":true,"href":"https:\/\/tiendasamor.com\/index.php\/wp-json\/wp\/v2\/product_brand?post=4575"},{"taxonomy":"product_cat","embeddable":true,"href":"https:\/\/tiendasamor.com\/index.php\/wp-json\/wp\/v2\/product_cat?post=4575"},{"taxonomy":"product_tag","embeddable":true,"href":"https:\/\/tiendasamor.com\/index.php\/wp-json\/wp\/v2\/product_tag?post=4575"}],"curies":[{"name":"wp","href":"https:\/\/api.w.org\/{rel}","templated":true}]}}