{"id":4552,"date":"2025-08-29T20:23:10","date_gmt":"2025-08-30T01:23:10","guid":{"rendered":"https:\/\/tiendasamor.com\/?post_type=product&#038;p=4552"},"modified":"2025-08-29T20:23:10","modified_gmt":"2025-08-30T01:23:10","slug":"senuelo-tapon-anal-gem-de-fantasia-m","status":"publish","type":"product","link":"https:\/\/tiendasamor.com\/index.php\/producto\/senuelo-tapon-anal-gem-de-fantasia-m\/","title":{"rendered":"Se\u00f1uelo Tap\u00f3n Anal Gem de Fantas\u00eda M"},"content":{"rendered":"<p>Plug anal de silicona con una brillante joya de color rojo, la vista desde atr\u00e1s nunca fue tan espectacular.<\/p>\n<p>Tallas disponibles:<\/p>\n<ul>\n<li>S: Longitud total: 7cm Di\u00e1metro: 2.7cm<\/li>\n<li>M: Longitud total: 8cm Di\u00e1metro: 3.5cm<\/li>\n<li>L: Longitud total: 9.5cm Di\u00e1metro: 4cm<\/li>\n<\/ul>\n<p>Caracter\u00edsticas:<\/p>\n<ul>\n<li>Plug anal con joya<\/li>\n<li>Punta redondeada<\/li>\n<\/ul>\n","protected":false},"excerpt":{"rendered":"<p>Plug anal de silicona con una brillante joya de color rojo, la vista desde atr\u00e1s nunca fue tan espectacular. Tallas disponibles: S: Longitud total: 7cm Di\u00e1metro: 2.7cm M: Longitud total: 8cm Di\u00e1metro: 3.5cm L: Longitud total: 9.5cm Di\u00e1metro: 4cm Caracter\u00edsticas: Plug anal con joya Punta redondeada<\/p>\n","protected":false},"featured_media":4553,"comment_status":"open","ping_status":"closed","template":"","meta":[],"product_brand":[],"product_cat":[35],"product_tag":[],"class_list":{"0":"post-4552","1":"product","2":"type-product","3":"status-publish","4":"has-post-thumbnail","6":"product_cat-anales","8":"first","9":"instock","10":"shipping-taxable","11":"purchasable","12":"product-type-simple"},"_links":{"self":[{"href":"https:\/\/tiendasamor.com\/index.php\/wp-json\/wp\/v2\/product\/4552","targetHints":{"allow":["GET"]}}],"collection":[{"href":"https:\/\/tiendasamor.com\/index.php\/wp-json\/wp\/v2\/product"}],"about":[{"href":"https:\/\/tiendasamor.com\/index.php\/wp-json\/wp\/v2\/types\/product"}],"replies":[{"embeddable":true,"href":"https:\/\/tiendasamor.com\/index.php\/wp-json\/wp\/v2\/comments?post=4552"}],"wp:featuredmedia":[{"embeddable":true,"href":"https:\/\/tiendasamor.com\/index.php\/wp-json\/wp\/v2\/media\/4553"}],"wp:attachment":[{"href":"https:\/\/tiendasamor.com\/index.php\/wp-json\/wp\/v2\/media?parent=4552"}],"wp:term":[{"taxonomy":"product_brand","embeddable":true,"href":"https:\/\/tiendasamor.com\/index.php\/wp-json\/wp\/v2\/product_brand?post=4552"},{"taxonomy":"product_cat","embeddable":true,"href":"https:\/\/tiendasamor.com\/index.php\/wp-json\/wp\/v2\/product_cat?post=4552"},{"taxonomy":"product_tag","embeddable":true,"href":"https:\/\/tiendasamor.com\/index.php\/wp-json\/wp\/v2\/product_tag?post=4552"}],"curies":[{"name":"wp","href":"https:\/\/api.w.org\/{rel}","templated":true}]}}