{"id":4540,"date":"2025-08-29T20:01:31","date_gmt":"2025-08-30T01:01:31","guid":{"rendered":"https:\/\/tiendasamor.com\/?post_type=product&#038;p=4540"},"modified":"2025-08-29T20:07:32","modified_gmt":"2025-08-30T01:07:32","slug":"superme-funda-transparente-con-remolinos","status":"publish","type":"product","link":"https:\/\/tiendasamor.com\/index.php\/producto\/superme-funda-transparente-con-remolinos\/","title":{"rendered":"SuperMe Funda transparente con remolinos"},"content":{"rendered":"<p>simula el pene m\u00e1s largo y grueso con este incre\u00edble producto. Extensi\u00f3n de 1\u2033, ultra texturizada, con n\u00f3dulos, ribetes y picos, lo cual estimula paredes vaginales. De material super suave y flexible, no encontrar\u00e1s nada igual! Libre de l\u00e1tex y ftalatos. Medidas: 16.5cm . \u03a63.7cm<\/p>\n","protected":false},"excerpt":{"rendered":"<p>simula el pene m\u00e1s largo y grueso con este incre\u00edble producto. Extensi\u00f3n de 1\u2033, ultra texturizada, con n\u00f3dulos, ribetes y picos, lo cual estimula paredes vaginales. De material super suave y flexible, no encontrar\u00e1s nada igual! Libre de l\u00e1tex y ftalatos. Medidas: 16.5cm . \u03a63.7cm<\/p>\n","protected":false},"featured_media":4541,"comment_status":"open","ping_status":"closed","template":"","meta":[],"product_brand":[],"product_cat":[45,46],"product_tag":[],"class_list":{"0":"post-4540","1":"product","2":"type-product","3":"status-publish","4":"has-post-thumbnail","6":"product_cat-fundas-extensoras","7":"product_cat-protesis","9":"first","10":"instock","11":"shipping-taxable","12":"purchasable","13":"product-type-simple"},"_links":{"self":[{"href":"https:\/\/tiendasamor.com\/index.php\/wp-json\/wp\/v2\/product\/4540","targetHints":{"allow":["GET"]}}],"collection":[{"href":"https:\/\/tiendasamor.com\/index.php\/wp-json\/wp\/v2\/product"}],"about":[{"href":"https:\/\/tiendasamor.com\/index.php\/wp-json\/wp\/v2\/types\/product"}],"replies":[{"embeddable":true,"href":"https:\/\/tiendasamor.com\/index.php\/wp-json\/wp\/v2\/comments?post=4540"}],"wp:featuredmedia":[{"embeddable":true,"href":"https:\/\/tiendasamor.com\/index.php\/wp-json\/wp\/v2\/media\/4541"}],"wp:attachment":[{"href":"https:\/\/tiendasamor.com\/index.php\/wp-json\/wp\/v2\/media?parent=4540"}],"wp:term":[{"taxonomy":"product_brand","embeddable":true,"href":"https:\/\/tiendasamor.com\/index.php\/wp-json\/wp\/v2\/product_brand?post=4540"},{"taxonomy":"product_cat","embeddable":true,"href":"https:\/\/tiendasamor.com\/index.php\/wp-json\/wp\/v2\/product_cat?post=4540"},{"taxonomy":"product_tag","embeddable":true,"href":"https:\/\/tiendasamor.com\/index.php\/wp-json\/wp\/v2\/product_tag?post=4540"}],"curies":[{"name":"wp","href":"https:\/\/api.w.org\/{rel}","templated":true}]}}