{"id":4534,"date":"2025-08-29T19:51:32","date_gmt":"2025-08-30T00:51:32","guid":{"rendered":"https:\/\/tiendasamor.com\/?post_type=product&#038;p=4534"},"modified":"2025-08-29T19:51:32","modified_gmt":"2025-08-30T00:51:32","slug":"superme-funda-con-textura-extra-color-carne","status":"publish","type":"product","link":"https:\/\/tiendasamor.com\/index.php\/producto\/superme-funda-con-textura-extra-color-carne\/","title":{"rendered":"SuperMe Funda con textura extra Color carne"},"content":{"rendered":"<p><span dir=\"auto\">Funda para pene Stallion. Esta funda, adem\u00e1s de ofrecerte 3 cm m\u00e1s de longitud, te permitir\u00e1 volver loca a tu pareja. Est\u00e1 especialmente dise\u00f1ada con un cabezal suave y realista para una penetraci\u00f3n placentera. Bajo el cabezal y a lo largo de la funda hay estimuladores que sobresalen para estimular el punto G y las paredes vaginales. Est\u00e1 dise\u00f1ada tanto para penetraci\u00f3n vaginal como anal.<\/span><\/p>\n<p class=\"gt-block\"><strong><span dir=\"auto\">Color:\u00a0<\/span><\/strong><span dir=\"auto\">\u00a0Carnal<\/span><\/p>\n<ul>\n<li><span dir=\"auto\">Aumenta la circunferencia y la longitud.<\/span><\/li>\n<li><span dir=\"auto\">Delicado y el\u00e1stico, incre\u00edblemente suave.<\/span><\/li>\n<li><span dir=\"auto\">Completamente cerrado, tiene una funci\u00f3n protectora.<\/span><\/li>\n<li><span dir=\"auto\">Un tama\u00f1o est\u00e1ndar que se ajusta bien debido a su elasticidad.<\/span><\/li>\n<\/ul>\n","protected":false},"excerpt":{"rendered":"<p>Funda para pene Stallion. Esta funda, adem\u00e1s de ofrecerte 3 cm m\u00e1s de longitud, te permitir\u00e1 volver loca a tu pareja. Est\u00e1 especialmente dise\u00f1ada con un cabezal suave y realista para una penetraci\u00f3n placentera. Bajo el cabezal y a lo largo de la funda hay estimuladores que sobresalen para estimular el punto G y las [&hellip;]<\/p>\n","protected":false},"featured_media":4535,"comment_status":"open","ping_status":"closed","template":"","meta":[],"product_brand":[],"product_cat":[45,46],"product_tag":[],"class_list":{"0":"post-4534","1":"product","2":"type-product","3":"status-publish","4":"has-post-thumbnail","6":"product_cat-fundas-extensoras","7":"product_cat-protesis","9":"first","10":"instock","11":"shipping-taxable","12":"purchasable","13":"product-type-simple"},"_links":{"self":[{"href":"https:\/\/tiendasamor.com\/index.php\/wp-json\/wp\/v2\/product\/4534","targetHints":{"allow":["GET"]}}],"collection":[{"href":"https:\/\/tiendasamor.com\/index.php\/wp-json\/wp\/v2\/product"}],"about":[{"href":"https:\/\/tiendasamor.com\/index.php\/wp-json\/wp\/v2\/types\/product"}],"replies":[{"embeddable":true,"href":"https:\/\/tiendasamor.com\/index.php\/wp-json\/wp\/v2\/comments?post=4534"}],"wp:featuredmedia":[{"embeddable":true,"href":"https:\/\/tiendasamor.com\/index.php\/wp-json\/wp\/v2\/media\/4535"}],"wp:attachment":[{"href":"https:\/\/tiendasamor.com\/index.php\/wp-json\/wp\/v2\/media?parent=4534"}],"wp:term":[{"taxonomy":"product_brand","embeddable":true,"href":"https:\/\/tiendasamor.com\/index.php\/wp-json\/wp\/v2\/product_brand?post=4534"},{"taxonomy":"product_cat","embeddable":true,"href":"https:\/\/tiendasamor.com\/index.php\/wp-json\/wp\/v2\/product_cat?post=4534"},{"taxonomy":"product_tag","embeddable":true,"href":"https:\/\/tiendasamor.com\/index.php\/wp-json\/wp\/v2\/product_tag?post=4534"}],"curies":[{"name":"wp","href":"https:\/\/api.w.org\/{rel}","templated":true}]}}