{"id":4516,"date":"2025-08-29T19:23:41","date_gmt":"2025-08-30T00:23:41","guid":{"rendered":"https:\/\/tiendasamor.com\/?post_type=product&#038;p=4516"},"modified":"2025-08-29T19:23:41","modified_gmt":"2025-08-30T00:23:41","slug":"gk-power-anillos-para-el-pene-con-cuentas-azul","status":"publish","type":"product","link":"https:\/\/tiendasamor.com\/index.php\/producto\/gk-power-anillos-para-el-pene-con-cuentas-azul\/","title":{"rendered":"GK Power Anillos para el pene con cuentas \u2013 Azul"},"content":{"rendered":"<p>Los anillos Beaded Cock Rings son una sencilla forma de prolongar tu erecci\u00f3n, alargando tus sesiones con tu pareja. Proporciona beneficios sorprendentes, estos pueden ser utilizados en todo el eje o en ambos test\u00edculos para aumentar tanto su tama\u00f1o y resistencia. Este tr\u00edo de anillos est\u00e1n hechos de elast\u00f3mero s\u00faper el\u00e1stico para su seguridad y la higiene en su juego \u00edntimo.<\/p>\n<ul>\n<li>Material: TPE<\/li>\n<li>Anillo Chico: 3,1 cm x 2 cm<\/li>\n<li>Anillo Mediano: 3,2 cm x 2,05 cm<\/li>\n<li>Anillo Grande: 3,6 cm x 1 cm<\/li>\n<li>Libre de ftalatos, s\u00faper el\u00e1stico<\/li>\n<\/ul>\n","protected":false},"excerpt":{"rendered":"<p>Los anillos Beaded Cock Rings son una sencilla forma de prolongar tu erecci\u00f3n, alargando tus sesiones con tu pareja. Proporciona beneficios sorprendentes, estos pueden ser utilizados en todo el eje o en ambos test\u00edculos para aumentar tanto su tama\u00f1o y resistencia. Este tr\u00edo de anillos est\u00e1n hechos de elast\u00f3mero s\u00faper el\u00e1stico para su seguridad y [&hellip;]<\/p>\n","protected":false},"featured_media":4517,"comment_status":"open","ping_status":"closed","template":"","meta":[],"product_brand":[],"product_cat":[36],"product_tag":[],"class_list":{"0":"post-4516","1":"product","2":"type-product","3":"status-publish","4":"has-post-thumbnail","6":"product_cat-anillos","8":"first","9":"instock","10":"shipping-taxable","11":"purchasable","12":"product-type-simple"},"_links":{"self":[{"href":"https:\/\/tiendasamor.com\/index.php\/wp-json\/wp\/v2\/product\/4516","targetHints":{"allow":["GET"]}}],"collection":[{"href":"https:\/\/tiendasamor.com\/index.php\/wp-json\/wp\/v2\/product"}],"about":[{"href":"https:\/\/tiendasamor.com\/index.php\/wp-json\/wp\/v2\/types\/product"}],"replies":[{"embeddable":true,"href":"https:\/\/tiendasamor.com\/index.php\/wp-json\/wp\/v2\/comments?post=4516"}],"wp:featuredmedia":[{"embeddable":true,"href":"https:\/\/tiendasamor.com\/index.php\/wp-json\/wp\/v2\/media\/4517"}],"wp:attachment":[{"href":"https:\/\/tiendasamor.com\/index.php\/wp-json\/wp\/v2\/media?parent=4516"}],"wp:term":[{"taxonomy":"product_brand","embeddable":true,"href":"https:\/\/tiendasamor.com\/index.php\/wp-json\/wp\/v2\/product_brand?post=4516"},{"taxonomy":"product_cat","embeddable":true,"href":"https:\/\/tiendasamor.com\/index.php\/wp-json\/wp\/v2\/product_cat?post=4516"},{"taxonomy":"product_tag","embeddable":true,"href":"https:\/\/tiendasamor.com\/index.php\/wp-json\/wp\/v2\/product_tag?post=4516"}],"curies":[{"name":"wp","href":"https:\/\/api.w.org\/{rel}","templated":true}]}}