{"id":4503,"date":"2025-08-29T19:02:31","date_gmt":"2025-08-30T00:02:31","guid":{"rendered":"https:\/\/tiendasamor.com\/?post_type=product&#038;p=4503"},"modified":"2025-08-29T19:02:31","modified_gmt":"2025-08-30T00:02:31","slug":"matrix-mont-plug-anal-spark-rose-s","status":"publish","type":"product","link":"https:\/\/tiendasamor.com\/index.php\/producto\/matrix-mont-plug-anal-spark-rose-s\/","title":{"rendered":"MATRIX MONT Plug anal Spark Rose S"},"content":{"rendered":"<div class=\"p1\">\n<div class=\"p2\">\n<p><span dir=\"auto\">Tap\u00f3n de metal para juego anal y entrenamiento,<\/span><br \/>\n<span dir=\"auto\">punta c\u00f3nica de f\u00e1cil entrada, cuello delgado con base ensanchada.<\/span><\/p>\n<\/div>\n<\/div>\n<p><span dir=\"auto\">Tama\u00f1o del paquete: 7,5 x 4 x 13 cm<\/span><\/p>\n","protected":false},"excerpt":{"rendered":"<p>Tap\u00f3n de metal para juego anal y entrenamiento, punta c\u00f3nica de f\u00e1cil entrada, cuello delgado con base ensanchada. Tama\u00f1o del paquete: 7,5 x 4 x 13 cm<\/p>\n","protected":false},"featured_media":4509,"comment_status":"open","ping_status":"closed","template":"","meta":[],"product_brand":[],"product_cat":[35],"product_tag":[],"class_list":{"0":"post-4503","1":"product","2":"type-product","3":"status-publish","4":"has-post-thumbnail","6":"product_cat-anales","8":"first","9":"instock","10":"shipping-taxable","11":"purchasable","12":"product-type-simple"},"_links":{"self":[{"href":"https:\/\/tiendasamor.com\/index.php\/wp-json\/wp\/v2\/product\/4503","targetHints":{"allow":["GET"]}}],"collection":[{"href":"https:\/\/tiendasamor.com\/index.php\/wp-json\/wp\/v2\/product"}],"about":[{"href":"https:\/\/tiendasamor.com\/index.php\/wp-json\/wp\/v2\/types\/product"}],"replies":[{"embeddable":true,"href":"https:\/\/tiendasamor.com\/index.php\/wp-json\/wp\/v2\/comments?post=4503"}],"wp:featuredmedia":[{"embeddable":true,"href":"https:\/\/tiendasamor.com\/index.php\/wp-json\/wp\/v2\/media\/4509"}],"wp:attachment":[{"href":"https:\/\/tiendasamor.com\/index.php\/wp-json\/wp\/v2\/media?parent=4503"}],"wp:term":[{"taxonomy":"product_brand","embeddable":true,"href":"https:\/\/tiendasamor.com\/index.php\/wp-json\/wp\/v2\/product_brand?post=4503"},{"taxonomy":"product_cat","embeddable":true,"href":"https:\/\/tiendasamor.com\/index.php\/wp-json\/wp\/v2\/product_cat?post=4503"},{"taxonomy":"product_tag","embeddable":true,"href":"https:\/\/tiendasamor.com\/index.php\/wp-json\/wp\/v2\/product_tag?post=4503"}],"curies":[{"name":"wp","href":"https:\/\/api.w.org\/{rel}","templated":true}]}}