{"id":4483,"date":"2025-07-30T17:39:06","date_gmt":"2025-07-30T22:39:06","guid":{"rendered":"https:\/\/tiendasamor.com\/?post_type=product&#038;p=4483"},"modified":"2025-07-30T17:39:06","modified_gmt":"2025-07-30T22:39:06","slug":"pretty-love-fritz","status":"publish","type":"product","link":"https:\/\/tiendasamor.com\/index.php\/producto\/pretty-love-fritz\/","title":{"rendered":"Pretty Love Fritz"},"content":{"rendered":"<p><strong>Vibrador Fritz Duo de Pretty Love:<\/strong>\u00a0placer extremo con estimulaci\u00f3n dual<\/p>\n<p>Cuando quieras llevar tu placer al siguiente nivel, el vibrador d\u00fao Pretty Love Fritz es la elecci\u00f3n perfecta.<\/p>\n<p>Este lujoso vibrador combina un vibrador del punto G y un estimulador del cl\u00edtoris, proporcionando un placer intenso en todo el cuerpo. Dos potentes motores garantizan una estimulaci\u00f3n precisa y dirigida exactamente donde m\u00e1s la necesitas.<\/p>\n<p>El vibrador recargable e impermeable te brinda la libertad de disfrutar del placer en cualquier lugar y en cualquier momento, incluso en la ducha o el ba\u00f1o.<\/p>\n<p>Hecho de silicona suave y sedosa, este vibrador de silicona suave se siente lujoso y se adapta perfectamente a tu cuerpo. El vibrador curvo encuentra f\u00e1cilmente tus puntos m\u00e1s sensibles, mientras que el masajeador \u00edntimo te mima con 12 configuraciones de vibraci\u00f3n vers\u00e1tiles. \u00bfQuieres una ligera sensaci\u00f3n de hormigueo o un pulso fuerte? El vibrador multiusos te brinda la oportunidad de elegir el ritmo adecuado para tu placer.<\/p>\n<table border=\"0\" width=\"100%\" cellspacing=\"1\" cellpadding=\"3\" bgcolor=\"#dddddd\">\n<tbody>\n<tr>\n<td align=\"left\" width=\"30%\"><span dir=\"auto\">Funci\u00f3n<\/span><\/td>\n<td align=\"left\" width=\"70%\"><span dir=\"auto\">12 funciones de vibraci\u00f3n<\/span><\/td>\n<\/tr>\n<tr>\n<td align=\"left\" width=\"30%\"><span dir=\"auto\">Material<\/span><\/td>\n<td align=\"left\" width=\"70%\"><span dir=\"auto\">Silicona<\/span><\/td>\n<\/tr>\n<tr>\n<td align=\"left\" width=\"30%\"><span dir=\"auto\">Fuerza<\/span><\/td>\n<td align=\"left\" width=\"70%\"><span dir=\"auto\">recargable por USB<\/span><\/td>\n<\/tr>\n<\/tbody>\n<\/table>\n","protected":false},"excerpt":{"rendered":"<p>Vibrador Fritz Duo de Pretty Love:\u00a0placer extremo con estimulaci\u00f3n dual Cuando quieras llevar tu placer al siguiente nivel, el vibrador d\u00fao Pretty Love Fritz es la elecci\u00f3n perfecta. Este lujoso vibrador combina un vibrador del punto G y un estimulador del cl\u00edtoris, proporcionando un placer intenso en todo el cuerpo. Dos potentes motores garantizan una [&hellip;]<\/p>\n","protected":false},"featured_media":4484,"comment_status":"open","ping_status":"closed","template":"","meta":[],"product_brand":[],"product_cat":[44,43,27],"product_tag":[],"class_list":{"0":"post-4483","1":"product","2":"type-product","3":"status-publish","4":"has-post-thumbnail","6":"product_cat-clitorales","7":"product_cat-rabbit","8":"product_cat-vibradores","10":"first","11":"instock","12":"shipping-taxable","13":"purchasable","14":"product-type-simple"},"_links":{"self":[{"href":"https:\/\/tiendasamor.com\/index.php\/wp-json\/wp\/v2\/product\/4483","targetHints":{"allow":["GET"]}}],"collection":[{"href":"https:\/\/tiendasamor.com\/index.php\/wp-json\/wp\/v2\/product"}],"about":[{"href":"https:\/\/tiendasamor.com\/index.php\/wp-json\/wp\/v2\/types\/product"}],"replies":[{"embeddable":true,"href":"https:\/\/tiendasamor.com\/index.php\/wp-json\/wp\/v2\/comments?post=4483"}],"wp:featuredmedia":[{"embeddable":true,"href":"https:\/\/tiendasamor.com\/index.php\/wp-json\/wp\/v2\/media\/4484"}],"wp:attachment":[{"href":"https:\/\/tiendasamor.com\/index.php\/wp-json\/wp\/v2\/media?parent=4483"}],"wp:term":[{"taxonomy":"product_brand","embeddable":true,"href":"https:\/\/tiendasamor.com\/index.php\/wp-json\/wp\/v2\/product_brand?post=4483"},{"taxonomy":"product_cat","embeddable":true,"href":"https:\/\/tiendasamor.com\/index.php\/wp-json\/wp\/v2\/product_cat?post=4483"},{"taxonomy":"product_tag","embeddable":true,"href":"https:\/\/tiendasamor.com\/index.php\/wp-json\/wp\/v2\/product_tag?post=4483"}],"curies":[{"name":"wp","href":"https:\/\/api.w.org\/{rel}","templated":true}]}}