{"id":4473,"date":"2025-07-30T16:42:20","date_gmt":"2025-07-30T21:42:20","guid":{"rendered":"https:\/\/tiendasamor.com\/?post_type=product&#038;p=4473"},"modified":"2025-07-30T16:42:20","modified_gmt":"2025-07-30T21:42:20","slug":"strap-on-with-dildo-20-cm-utra-passionate-harness","status":"publish","type":"product","link":"https:\/\/tiendasamor.com\/index.php\/producto\/strap-on-with-dildo-20-cm-utra-passionate-harness\/","title":{"rendered":"Strap-On with Dildo 20 cm Utra Passionate Harness"},"content":{"rendered":"<p>Con este arn\u00e9s, gritar\u00e1s toda la noche. Incluye dos dildos para que elijas el que m\u00e1s te guste. Los dildos est\u00e1n perfectamente esculpidos para parecerse a un pene real: tienen glande, test\u00edculos y un cuerpo curvado y venoso.<\/p>\n<p>Dise\u00f1ado en EE.UU. con los m\u00e1s altos est\u00e1ndares de calidad.<\/p>\n<p>Medidas del gallo:<\/p>\n<ul>\n<li>20 cm x 4,3 cm<\/li>\n<li>14,2 cm x 3 cm<\/li>\n<\/ul>\n","protected":false},"excerpt":{"rendered":"<p>Con este arn\u00e9s, gritar\u00e1s toda la noche. Incluye dos dildos para que elijas el que m\u00e1s te guste. Los dildos est\u00e1n perfectamente esculpidos para parecerse a un pene real: tienen glande, test\u00edculos y un cuerpo curvado y venoso. Dise\u00f1ado en EE.UU. con los m\u00e1s altos est\u00e1ndares de calidad. Medidas del gallo: 20 cm x 4,3 [&hellip;]<\/p>\n","protected":false},"featured_media":4474,"comment_status":"open","ping_status":"closed","template":"","meta":[],"product_brand":[],"product_cat":[29],"product_tag":[],"class_list":{"0":"post-4473","1":"product","2":"type-product","3":"status-publish","4":"has-post-thumbnail","6":"product_cat-consoladores-y-dildos","8":"first","9":"instock","10":"shipping-taxable","11":"purchasable","12":"product-type-simple"},"_links":{"self":[{"href":"https:\/\/tiendasamor.com\/index.php\/wp-json\/wp\/v2\/product\/4473","targetHints":{"allow":["GET"]}}],"collection":[{"href":"https:\/\/tiendasamor.com\/index.php\/wp-json\/wp\/v2\/product"}],"about":[{"href":"https:\/\/tiendasamor.com\/index.php\/wp-json\/wp\/v2\/types\/product"}],"replies":[{"embeddable":true,"href":"https:\/\/tiendasamor.com\/index.php\/wp-json\/wp\/v2\/comments?post=4473"}],"wp:featuredmedia":[{"embeddable":true,"href":"https:\/\/tiendasamor.com\/index.php\/wp-json\/wp\/v2\/media\/4474"}],"wp:attachment":[{"href":"https:\/\/tiendasamor.com\/index.php\/wp-json\/wp\/v2\/media?parent=4473"}],"wp:term":[{"taxonomy":"product_brand","embeddable":true,"href":"https:\/\/tiendasamor.com\/index.php\/wp-json\/wp\/v2\/product_brand?post=4473"},{"taxonomy":"product_cat","embeddable":true,"href":"https:\/\/tiendasamor.com\/index.php\/wp-json\/wp\/v2\/product_cat?post=4473"},{"taxonomy":"product_tag","embeddable":true,"href":"https:\/\/tiendasamor.com\/index.php\/wp-json\/wp\/v2\/product_tag?post=4473"}],"curies":[{"name":"wp","href":"https:\/\/api.w.org\/{rel}","templated":true}]}}