{"id":4461,"date":"2025-07-24T19:19:50","date_gmt":"2025-07-25T00:19:50","guid":{"rendered":"https:\/\/tiendasamor.com\/?post_type=product&#038;p=4461"},"modified":"2025-07-24T19:19:50","modified_gmt":"2025-07-25T00:19:50","slug":"bikini-body-masturbador","status":"publish","type":"product","link":"https:\/\/tiendasamor.com\/index.php\/producto\/bikini-body-masturbador\/","title":{"rendered":"Bikini Body Masturbador"},"content":{"rendered":"<p>No se preocupe, se adaptar\u00e1 a cualquier tipo de pene, ya que abrazar\u00e1 suavemente su eje, pero lo suficientemente firme como para sentir que cada cent\u00edmetro sube y baja. Quedar\u00e1s paralizado por su toque de silicona, acerc\u00e1ndote lo m\u00e1s posible al aut\u00e9ntico. Todo lo que tienes que hacer es cerrar los ojos e imaginar cualquier tipo de escenario que te ponga en marcha y, a partir de ah\u00ed, puedes decidir cu\u00e1ndo y c\u00f3mo llegar a tu momento de pura felicidad. Tambi\u00e9n puede hacer que su pareja participe en una ronda de juegos, haciendo que use el juguete mientras susurra palabras dulces y amorosas, o incluso mejor, algunos comandos sucios y obscenos para darle vida a su noche.<\/p>\n<ul>\n<li>Largo: 25cm<\/li>\n<li>Ancho: 16cm<\/li>\n<li>Alto: 10cm<\/li>\n<li>Material: TPR<\/li>\n<li>Se recomienda el uso de\u00a0 lubricante con sus juguetes sexuales.<\/li>\n<\/ul>\n","protected":false},"excerpt":{"rendered":"<p>No se preocupe, se adaptar\u00e1 a cualquier tipo de pene, ya que abrazar\u00e1 suavemente su eje, pero lo suficientemente firme como para sentir que cada cent\u00edmetro sube y baja. Quedar\u00e1s paralizado por su toque de silicona, acerc\u00e1ndote lo m\u00e1s posible al aut\u00e9ntico. Todo lo que tienes que hacer es cerrar los ojos e imaginar cualquier [&hellip;]<\/p>\n","protected":false},"featured_media":4462,"comment_status":"open","ping_status":"closed","template":"","meta":[],"product_brand":[],"product_cat":[30,47],"product_tag":[],"class_list":{"0":"post-4461","1":"product","2":"type-product","3":"status-publish","4":"has-post-thumbnail","6":"product_cat-masturbadores","7":"product_cat-munecas","9":"first","10":"instock","11":"shipping-taxable","12":"purchasable","13":"product-type-simple"},"_links":{"self":[{"href":"https:\/\/tiendasamor.com\/index.php\/wp-json\/wp\/v2\/product\/4461","targetHints":{"allow":["GET"]}}],"collection":[{"href":"https:\/\/tiendasamor.com\/index.php\/wp-json\/wp\/v2\/product"}],"about":[{"href":"https:\/\/tiendasamor.com\/index.php\/wp-json\/wp\/v2\/types\/product"}],"replies":[{"embeddable":true,"href":"https:\/\/tiendasamor.com\/index.php\/wp-json\/wp\/v2\/comments?post=4461"}],"wp:featuredmedia":[{"embeddable":true,"href":"https:\/\/tiendasamor.com\/index.php\/wp-json\/wp\/v2\/media\/4462"}],"wp:attachment":[{"href":"https:\/\/tiendasamor.com\/index.php\/wp-json\/wp\/v2\/media?parent=4461"}],"wp:term":[{"taxonomy":"product_brand","embeddable":true,"href":"https:\/\/tiendasamor.com\/index.php\/wp-json\/wp\/v2\/product_brand?post=4461"},{"taxonomy":"product_cat","embeddable":true,"href":"https:\/\/tiendasamor.com\/index.php\/wp-json\/wp\/v2\/product_cat?post=4461"},{"taxonomy":"product_tag","embeddable":true,"href":"https:\/\/tiendasamor.com\/index.php\/wp-json\/wp\/v2\/product_tag?post=4461"}],"curies":[{"name":"wp","href":"https:\/\/api.w.org\/{rel}","templated":true}]}}