{"id":4433,"date":"2025-07-16T15:16:30","date_gmt":"2025-07-16T20:16:30","guid":{"rendered":"https:\/\/tiendasamor.com\/?post_type=product&#038;p=4433"},"modified":"2025-07-16T15:17:28","modified_gmt":"2025-07-16T20:17:28","slug":"ducha-anal-blkm6-224-ml","status":"publish","type":"product","link":"https:\/\/tiendasamor.com\/index.php\/producto\/ducha-anal-blkm6-224-ml\/","title":{"rendered":"Ducha Anal BLKM6 224 ml"},"content":{"rendered":"<p>Prep\u00e1rate y disfruta del sexo anal limpio y seguro con nuestra Anal Douche. Dise\u00f1ada para que usted elija la profundidad y la sensaci\u00f3n de su experiencia, la boquilla se puede insertar c\u00f3modamente mientras que el generoso bulbo contiene suficiente agua para una limpieza eficaz. La bola blanda con bomba se llena de agua (capacidad 224 ml) y \u00a1empieza la diversi\u00f3n!<\/p>\n<ul>\n<li>Material Rubber<\/li>\n<li>Acabado antideslizante para mayor agarre durante el uso<\/li>\n<li>Almacena 224 ml.<\/li>\n<li class=\"ui-pdp-family--REGULAR ui-pdp-list__text\"><span class=\"ui-pdp-color--BLACK ui-pdp-size--XSMALL ui-pdp-family--BOLD\">Largo total<\/span>: 18 cm<\/li>\n<li>Largo boquilla: 5.50 cm<\/li>\n<\/ul>\n","protected":false},"excerpt":{"rendered":"<p>Prep\u00e1rate y disfruta del sexo anal limpio y seguro con nuestra Anal Douche. Dise\u00f1ada para que usted elija la profundidad y la sensaci\u00f3n de su experiencia, la boquilla se puede insertar c\u00f3modamente mientras que el generoso bulbo contiene suficiente agua para una limpieza eficaz. La bola blanda con bomba se llena de agua (capacidad 224 [&hellip;]<\/p>\n","protected":false},"featured_media":4434,"comment_status":"open","ping_status":"closed","template":"","meta":[],"product_brand":[],"product_cat":[35],"product_tag":[],"class_list":{"0":"post-4433","1":"product","2":"type-product","3":"status-publish","4":"has-post-thumbnail","6":"product_cat-anales","8":"first","9":"instock","10":"shipping-taxable","11":"purchasable","12":"product-type-simple"},"_links":{"self":[{"href":"https:\/\/tiendasamor.com\/index.php\/wp-json\/wp\/v2\/product\/4433","targetHints":{"allow":["GET"]}}],"collection":[{"href":"https:\/\/tiendasamor.com\/index.php\/wp-json\/wp\/v2\/product"}],"about":[{"href":"https:\/\/tiendasamor.com\/index.php\/wp-json\/wp\/v2\/types\/product"}],"replies":[{"embeddable":true,"href":"https:\/\/tiendasamor.com\/index.php\/wp-json\/wp\/v2\/comments?post=4433"}],"wp:featuredmedia":[{"embeddable":true,"href":"https:\/\/tiendasamor.com\/index.php\/wp-json\/wp\/v2\/media\/4434"}],"wp:attachment":[{"href":"https:\/\/tiendasamor.com\/index.php\/wp-json\/wp\/v2\/media?parent=4433"}],"wp:term":[{"taxonomy":"product_brand","embeddable":true,"href":"https:\/\/tiendasamor.com\/index.php\/wp-json\/wp\/v2\/product_brand?post=4433"},{"taxonomy":"product_cat","embeddable":true,"href":"https:\/\/tiendasamor.com\/index.php\/wp-json\/wp\/v2\/product_cat?post=4433"},{"taxonomy":"product_tag","embeddable":true,"href":"https:\/\/tiendasamor.com\/index.php\/wp-json\/wp\/v2\/product_tag?post=4433"}],"curies":[{"name":"wp","href":"https:\/\/api.w.org\/{rel}","templated":true}]}}