{"id":4427,"date":"2025-06-11T16:59:25","date_gmt":"2025-06-11T21:59:25","guid":{"rendered":"https:\/\/tiendasamor.com\/?post_type=product&#038;p=4427"},"modified":"2025-06-11T16:59:25","modified_gmt":"2025-06-11T21:59:25","slug":"masturbador-masculino-fellatio-mx","status":"publish","type":"product","link":"https:\/\/tiendasamor.com\/index.php\/producto\/masturbador-masculino-fellatio-mx\/","title":{"rendered":"Masturbador masculino Fellatio MX"},"content":{"rendered":"<p>Est\u00e1s en busca de una l\u00ednea que est\u00e9 dirigida exclusivamente para el placer de la penetraci\u00f3n?<\/p>\n<p><strong>Fellatio\u00a0<\/strong>es un masturbador vibrador, que te dar\u00e1 erecciones m\u00e1s r\u00e1pidas y firmes, con un potente motor vibrador que aumentar\u00e1 tu libido y placer en las penetraciones. Fellatio puede usarse como estimulador en pareja o como masturbador en solitario \u00a1El cielo es el l\u00edmite!<\/p>\n<p>*Este producto contiene dos sobres de lubricante.<\/p>\n<p><strong>Caracter\u00edsticas<\/strong>:<\/p>\n<ul class=\"lte-list\">\n<li>Color: Negro<\/li>\n<li>Tama\u00f1o:\n<ul class=\"lte-list\">\n<li>Longitud total 14 cm<\/li>\n<li>Longitud insertable 7 cm<\/li>\n<li>Di\u00e1metro max. \u00a06 cm<\/li>\n<\/ul>\n<\/li>\n<li>Funciones de modelo: Masturbador vibrador<\/li>\n<li>Material: Silicona de grado medico<\/li>\n<li>Carga: Recargable USB<\/li>\n<li>Bater\u00eda de litio: Tiempo de carga 90 min, tiempo de uso 60 min<\/li>\n<li>Frecuencia: 10 modo de vibraci\u00f3n<\/li>\n<li>Certificaci\u00f3n: CE<\/li>\n<li>Aprueba de agua: Si<\/li>\n<\/ul>\n","protected":false},"excerpt":{"rendered":"<p>Est\u00e1s en busca de una l\u00ednea que est\u00e9 dirigida exclusivamente para el placer de la penetraci\u00f3n? Fellatio\u00a0es un masturbador vibrador, que te dar\u00e1 erecciones m\u00e1s r\u00e1pidas y firmes, con un potente motor vibrador que aumentar\u00e1 tu libido y placer en las penetraciones. Fellatio puede usarse como estimulador en pareja o como masturbador en solitario \u00a1El [&hellip;]<\/p>\n","protected":false},"featured_media":4428,"comment_status":"open","ping_status":"closed","template":"","meta":[],"product_brand":[],"product_cat":[30],"product_tag":[],"class_list":{"0":"post-4427","1":"product","2":"type-product","3":"status-publish","4":"has-post-thumbnail","6":"product_cat-masturbadores","8":"first","9":"instock","10":"shipping-taxable","11":"purchasable","12":"product-type-simple"},"_links":{"self":[{"href":"https:\/\/tiendasamor.com\/index.php\/wp-json\/wp\/v2\/product\/4427","targetHints":{"allow":["GET"]}}],"collection":[{"href":"https:\/\/tiendasamor.com\/index.php\/wp-json\/wp\/v2\/product"}],"about":[{"href":"https:\/\/tiendasamor.com\/index.php\/wp-json\/wp\/v2\/types\/product"}],"replies":[{"embeddable":true,"href":"https:\/\/tiendasamor.com\/index.php\/wp-json\/wp\/v2\/comments?post=4427"}],"wp:featuredmedia":[{"embeddable":true,"href":"https:\/\/tiendasamor.com\/index.php\/wp-json\/wp\/v2\/media\/4428"}],"wp:attachment":[{"href":"https:\/\/tiendasamor.com\/index.php\/wp-json\/wp\/v2\/media?parent=4427"}],"wp:term":[{"taxonomy":"product_brand","embeddable":true,"href":"https:\/\/tiendasamor.com\/index.php\/wp-json\/wp\/v2\/product_brand?post=4427"},{"taxonomy":"product_cat","embeddable":true,"href":"https:\/\/tiendasamor.com\/index.php\/wp-json\/wp\/v2\/product_cat?post=4427"},{"taxonomy":"product_tag","embeddable":true,"href":"https:\/\/tiendasamor.com\/index.php\/wp-json\/wp\/v2\/product_tag?post=4427"}],"curies":[{"name":"wp","href":"https:\/\/api.w.org\/{rel}","templated":true}]}}