{"id":4417,"date":"2025-06-11T16:31:54","date_gmt":"2025-06-11T21:31:54","guid":{"rendered":"https:\/\/tiendasamor.com\/?post_type=product&#038;p=4417"},"modified":"2025-06-11T16:32:15","modified_gmt":"2025-06-11T21:32:15","slug":"pretty-love-kirk-ribbed-super-soft","status":"publish","type":"product","link":"https:\/\/tiendasamor.com\/index.php\/producto\/pretty-love-kirk-ribbed-super-soft\/","title":{"rendered":"Pretty Love Kirk Ribbed Super Soft"},"content":{"rendered":"<p>Disfruta del placer en cualquier lugar con este peque\u00f1o y discreto huevo vibrador. Este huevo bala es perfecto para una estimulaci\u00f3n precisa e ideal para los juegos previos y la estimulaci\u00f3n durante el d\u00eda. Lleva tu vida amorosa al siguiente nivel y dale el control a tu pareja. Desliza esta belleza er\u00f3tica en tu ropa interior para que puedas disfrutar de un placer espont\u00e1neo incre\u00edble, sin importar d\u00f3nde est\u00e9s. Los huevos vibradores est\u00e1n hechos de silicona supersuave y tienen 12 funciones de vibraci\u00f3n diferentes. \u00a1No te lo querr\u00e1s perder!<\/p>\n<ul>\n<li>Material: Silicona<\/li>\n<li>Recargable mediante cable USB (Incluido)<\/li>\n<li>Impermeable<\/li>\n<li>12 Funciones de Vibraci\u00f3n<\/li>\n<li>Largo: 19.7 cm \u2013\u00a0Insertable: 8 cm\u00a0 \u2013 Ancho: 3.5 cm.<\/li>\n<\/ul>\n","protected":false},"excerpt":{"rendered":"<p>Disfruta del placer en cualquier lugar con este peque\u00f1o y discreto huevo vibrador. Este huevo bala es perfecto para una estimulaci\u00f3n precisa e ideal para los juegos previos y la estimulaci\u00f3n durante el d\u00eda. Lleva tu vida amorosa al siguiente nivel y dale el control a tu pareja. Desliza esta belleza er\u00f3tica en tu ropa [&hellip;]<\/p>\n","protected":false},"featured_media":4418,"comment_status":"open","ping_status":"closed","template":"","meta":[],"product_brand":[],"product_cat":[40,44],"product_tag":[],"class_list":{"0":"post-4417","1":"product","2":"type-product","3":"status-publish","4":"has-post-thumbnail","6":"product_cat-bolas-chinas","7":"product_cat-clitorales","9":"first","10":"instock","11":"shipping-taxable","12":"purchasable","13":"product-type-simple"},"_links":{"self":[{"href":"https:\/\/tiendasamor.com\/index.php\/wp-json\/wp\/v2\/product\/4417","targetHints":{"allow":["GET"]}}],"collection":[{"href":"https:\/\/tiendasamor.com\/index.php\/wp-json\/wp\/v2\/product"}],"about":[{"href":"https:\/\/tiendasamor.com\/index.php\/wp-json\/wp\/v2\/types\/product"}],"replies":[{"embeddable":true,"href":"https:\/\/tiendasamor.com\/index.php\/wp-json\/wp\/v2\/comments?post=4417"}],"wp:featuredmedia":[{"embeddable":true,"href":"https:\/\/tiendasamor.com\/index.php\/wp-json\/wp\/v2\/media\/4418"}],"wp:attachment":[{"href":"https:\/\/tiendasamor.com\/index.php\/wp-json\/wp\/v2\/media?parent=4417"}],"wp:term":[{"taxonomy":"product_brand","embeddable":true,"href":"https:\/\/tiendasamor.com\/index.php\/wp-json\/wp\/v2\/product_brand?post=4417"},{"taxonomy":"product_cat","embeddable":true,"href":"https:\/\/tiendasamor.com\/index.php\/wp-json\/wp\/v2\/product_cat?post=4417"},{"taxonomy":"product_tag","embeddable":true,"href":"https:\/\/tiendasamor.com\/index.php\/wp-json\/wp\/v2\/product_tag?post=4417"}],"curies":[{"name":"wp","href":"https:\/\/api.w.org\/{rel}","templated":true}]}}