{"id":4407,"date":"2025-06-05T23:52:47","date_gmt":"2025-06-06T04:52:47","guid":{"rendered":"https:\/\/tiendasamor.com\/?post_type=product&#038;p=4407"},"modified":"2025-06-05T23:53:07","modified_gmt":"2025-06-06T04:53:07","slug":"surprise-box-huevo-vibrador-y-pinzas-para-pezones-con-electro","status":"publish","type":"product","link":"https:\/\/tiendasamor.com\/index.php\/producto\/surprise-box-huevo-vibrador-y-pinzas-para-pezones-con-electro\/","title":{"rendered":"Surprise Box Huevo Vibrador y Pinzas para Pezones con Electro"},"content":{"rendered":"<div class=\"g5shop__single-product-tabs layout-2\">\n<div class=\"tab-content g5shop__panels-container\">\n<div id=\"tab-description\" class=\"tab-pane fade show active\" role=\"tabpanel\" aria-labelledby=\"description-tab\">\n<div class=\"g5shop__tab-panel\">\n<div id=\"collapse-description\" class=\"collapse show\" data-parent=\".g5shop__panels-container\">\n<div class=\"g5shop__panel-body\">\n<p>Con este kit de electroestimulaci\u00f3n, podr\u00e1s explorar el incre\u00edble poder de la estimulaci\u00f3n el\u00e9ctrica y disfrutar de una nueva gama de sensaciones, desde un ligero cosquilleo hasta una intensa pulsaci\u00f3n. \u00a1Estas fant\u00e1sticas pinzas son ideales para quienes aman la estimulaci\u00f3n de los pezones! Con este sistema compacto, obtienes pinzas para pezones, electroestimulaci\u00f3n y vibraci\u00f3n potente, \u00a1todo en uno! Las puntas de las pinzas est\u00e1n acolchadas para ofrecer total comodidad y un agarre firme. Ajusta las pinzas, activa las vibraciones y disfruta de una estimulaci\u00f3n de pezones realmente alucinante.<\/p>\n<p>Caracter\u00edsticas:<\/p>\n<ul>\n<li>Huevo con 12 modos de vibraci\u00f3n<\/li>\n<li>Pinzas con 3 modos de electro estimulaci\u00f3n<\/li>\n<li>Recargable por USB<\/li>\n<li>Control remoto con cable<\/li>\n<li>ABS<\/li>\n<li>Impermeable<\/li>\n<li>Medidas de la caja: 11 cm x 7 cm<\/li>\n<\/ul>\n<p>&nbsp;<\/p>\n<\/div>\n<\/div>\n<\/div>\n<\/div>\n<\/div>\n<\/div>\n","protected":false},"excerpt":{"rendered":"<p>Con este kit de electroestimulaci\u00f3n, podr\u00e1s explorar el incre\u00edble poder de la estimulaci\u00f3n el\u00e9ctrica y disfrutar de una nueva gama de sensaciones, desde un ligero cosquilleo hasta una intensa pulsaci\u00f3n. \u00a1Estas fant\u00e1sticas pinzas son ideales para quienes aman la estimulaci\u00f3n de los pezones! Con este sistema compacto, obtienes pinzas para pezones, electroestimulaci\u00f3n y vibraci\u00f3n potente, [&hellip;]<\/p>\n","protected":false},"featured_media":4408,"comment_status":"open","ping_status":"closed","template":"","meta":[],"product_brand":[],"product_cat":[40,20,44],"product_tag":[],"class_list":{"0":"post-4407","1":"product","2":"type-product","3":"status-publish","4":"has-post-thumbnail","6":"product_cat-bolas-chinas","7":"product_cat-bondage","8":"product_cat-clitorales","10":"first","11":"instock","12":"shipping-taxable","13":"purchasable","14":"product-type-simple"},"_links":{"self":[{"href":"https:\/\/tiendasamor.com\/index.php\/wp-json\/wp\/v2\/product\/4407","targetHints":{"allow":["GET"]}}],"collection":[{"href":"https:\/\/tiendasamor.com\/index.php\/wp-json\/wp\/v2\/product"}],"about":[{"href":"https:\/\/tiendasamor.com\/index.php\/wp-json\/wp\/v2\/types\/product"}],"replies":[{"embeddable":true,"href":"https:\/\/tiendasamor.com\/index.php\/wp-json\/wp\/v2\/comments?post=4407"}],"wp:featuredmedia":[{"embeddable":true,"href":"https:\/\/tiendasamor.com\/index.php\/wp-json\/wp\/v2\/media\/4408"}],"wp:attachment":[{"href":"https:\/\/tiendasamor.com\/index.php\/wp-json\/wp\/v2\/media?parent=4407"}],"wp:term":[{"taxonomy":"product_brand","embeddable":true,"href":"https:\/\/tiendasamor.com\/index.php\/wp-json\/wp\/v2\/product_brand?post=4407"},{"taxonomy":"product_cat","embeddable":true,"href":"https:\/\/tiendasamor.com\/index.php\/wp-json\/wp\/v2\/product_cat?post=4407"},{"taxonomy":"product_tag","embeddable":true,"href":"https:\/\/tiendasamor.com\/index.php\/wp-json\/wp\/v2\/product_tag?post=4407"}],"curies":[{"name":"wp","href":"https:\/\/api.w.org\/{rel}","templated":true}]}}