{"id":4398,"date":"2025-06-05T23:45:04","date_gmt":"2025-06-06T04:45:04","guid":{"rendered":"https:\/\/tiendasamor.com\/?post_type=product&#038;p=4398"},"modified":"2025-06-05T23:45:30","modified_gmt":"2025-06-06T04:45:30","slug":"pretty-love-surprise-box-pezonera","status":"publish","type":"product","link":"https:\/\/tiendasamor.com\/index.php\/producto\/pretty-love-surprise-box-pezonera\/","title":{"rendered":"Pretty Love Surprise Box Pezonera"},"content":{"rendered":"<p>El\u00a0<i>estimulador<\/i>\u00a0PRETTY\u00a0<strong>LOVE\u00a0<\/strong><i><strong>Surprise Box<\/strong><\/i>\u00a0es un estimulador dise\u00f1ado para apretar intensamente los pezones, adem\u00e1s de proporcionar estimulaci\u00f3n mediante\u00a0<strong><i>vibraciones<\/i><\/strong>\u00a0y\u00a0<strong><i>una funci\u00f3n de choque<\/i><\/strong>\u00a0. \u26a1 El<br \/>\nestimulador\u00a0<i>Surprise Box<\/i>\u00a0es recargable, potente y resistente al agua. Es un producto que viene en una hermosa caja que tambi\u00e9n es el control, y tiene 3 extremos, dos de los cuales son la pinza para pezones y el tercero una bala. Tiene 12\u00a0<strong>modos\u00a0<u>de vibraci\u00f3n<\/u><\/strong>\u00a0y 3\u00a0<strong>modos\u00a0<u>de choque<\/u><\/strong>\u00a0, que se pueden controlar a trav\u00e9s de la propia caja del producto. Este es un accesorio muy popular entre<br \/>\nlos practicantes\u00a0<strong>de BDSM<\/strong>\u00a0, e incluso para parejas que desean innovar en la relaci\u00f3n, aportando algo nuevo a la rutina sexual, ya que es una forma de explorarse mutuamente con sensaciones diferentes y ex\u00f3ticas. La vibraci\u00f3n y el choque tienen como objetivo estimular los pezones a trav\u00e9s del dolor y el placer simult\u00e1neamente.<\/p>\n<p>\u2022 Discreto y potente;<br \/>\n\u2022 Estimulaci\u00f3n intensa;<br \/>\n\u2022 Vibraci\u00f3n potente;<br \/>\n\u2022 Descargas electrizantes;<br \/>\n\u2022 F\u00e1cil de transportar;<br \/>\n\u2022 Ayuda a salir de la rutina;<br \/>\n\u2022 Cumplimiento de fantas\u00edas y fetiches;<\/p>\n","protected":false},"excerpt":{"rendered":"<p>El\u00a0estimulador\u00a0PRETTY\u00a0LOVE\u00a0Surprise Box\u00a0es un estimulador dise\u00f1ado para apretar intensamente los pezones, adem\u00e1s de proporcionar estimulaci\u00f3n mediante\u00a0vibraciones\u00a0y\u00a0una funci\u00f3n de choque\u00a0. \u26a1 El estimulador\u00a0Surprise Box\u00a0es recargable, potente y resistente al agua. Es un producto que viene en una hermosa caja que tambi\u00e9n es el control, y tiene 3 extremos, dos de los cuales son la pinza para pezones [&hellip;]<\/p>\n","protected":false},"featured_media":4399,"comment_status":"open","ping_status":"closed","template":"","meta":[],"product_brand":[],"product_cat":[20,44],"product_tag":[],"class_list":{"0":"post-4398","1":"product","2":"type-product","3":"status-publish","4":"has-post-thumbnail","6":"product_cat-bondage","7":"product_cat-clitorales","9":"first","10":"instock","11":"shipping-taxable","12":"purchasable","13":"product-type-simple"},"_links":{"self":[{"href":"https:\/\/tiendasamor.com\/index.php\/wp-json\/wp\/v2\/product\/4398","targetHints":{"allow":["GET"]}}],"collection":[{"href":"https:\/\/tiendasamor.com\/index.php\/wp-json\/wp\/v2\/product"}],"about":[{"href":"https:\/\/tiendasamor.com\/index.php\/wp-json\/wp\/v2\/types\/product"}],"replies":[{"embeddable":true,"href":"https:\/\/tiendasamor.com\/index.php\/wp-json\/wp\/v2\/comments?post=4398"}],"wp:featuredmedia":[{"embeddable":true,"href":"https:\/\/tiendasamor.com\/index.php\/wp-json\/wp\/v2\/media\/4399"}],"wp:attachment":[{"href":"https:\/\/tiendasamor.com\/index.php\/wp-json\/wp\/v2\/media?parent=4398"}],"wp:term":[{"taxonomy":"product_brand","embeddable":true,"href":"https:\/\/tiendasamor.com\/index.php\/wp-json\/wp\/v2\/product_brand?post=4398"},{"taxonomy":"product_cat","embeddable":true,"href":"https:\/\/tiendasamor.com\/index.php\/wp-json\/wp\/v2\/product_cat?post=4398"},{"taxonomy":"product_tag","embeddable":true,"href":"https:\/\/tiendasamor.com\/index.php\/wp-json\/wp\/v2\/product_tag?post=4398"}],"curies":[{"name":"wp","href":"https:\/\/api.w.org\/{rel}","templated":true}]}}