{"id":4392,"date":"2025-06-05T23:20:36","date_gmt":"2025-06-06T04:20:36","guid":{"rendered":"https:\/\/tiendasamor.com\/?post_type=product&#038;p=4392"},"modified":"2025-06-05T23:20:36","modified_gmt":"2025-06-06T04:20:36","slug":"masturbador-ashley","status":"publish","type":"product","link":"https:\/\/tiendasamor.com\/index.php\/producto\/masturbador-ashley\/","title":{"rendered":"Masturbador Ashley"},"content":{"rendered":"<p>Este masturbador suave con forma de vagina y sensaci\u00f3n realista, para lograr el equilibrio perfecto entre suavidad y firmeza. Adem\u00e1s, la bala vibradora de una velocidad brinda m\u00e1s sensaciones y cuenta con el tama\u00f1o adecuado para usarlo c\u00f3modamente con una sola mano.<\/p>\n<ul>\n<li>Tiene textura en la parte interna.<\/li>\n<li>La balita vibradora de una velocidad aumenta la estimulaci\u00f3n y es resistente al agua.<\/li>\n<li>Requiere 1 pilas AAA (incluida).<\/li>\n<li>El extremo abierto garantiza que Ashley sea f\u00e1cil de limpiar y cuidar.<\/li>\n<li>Hecho de TPE seguro para el cuerpo. No contiene ftalatos, parafinas ni l\u00e1tex.<\/li>\n<li>Medidas: 13.3 cm de alto x 4 cm de ancho.<\/li>\n<\/ul>\n","protected":false},"excerpt":{"rendered":"<p>Este masturbador suave con forma de vagina y sensaci\u00f3n realista, para lograr el equilibrio perfecto entre suavidad y firmeza. Adem\u00e1s, la bala vibradora de una velocidad brinda m\u00e1s sensaciones y cuenta con el tama\u00f1o adecuado para usarlo c\u00f3modamente con una sola mano. Tiene textura en la parte interna. La balita vibradora de una velocidad aumenta [&hellip;]<\/p>\n","protected":false},"featured_media":4397,"comment_status":"open","ping_status":"closed","template":"","meta":[],"product_brand":[],"product_cat":[30,47],"product_tag":[],"class_list":{"0":"post-4392","1":"product","2":"type-product","3":"status-publish","4":"has-post-thumbnail","6":"product_cat-masturbadores","7":"product_cat-munecas","9":"first","10":"instock","11":"shipping-taxable","12":"purchasable","13":"product-type-simple"},"_links":{"self":[{"href":"https:\/\/tiendasamor.com\/index.php\/wp-json\/wp\/v2\/product\/4392","targetHints":{"allow":["GET"]}}],"collection":[{"href":"https:\/\/tiendasamor.com\/index.php\/wp-json\/wp\/v2\/product"}],"about":[{"href":"https:\/\/tiendasamor.com\/index.php\/wp-json\/wp\/v2\/types\/product"}],"replies":[{"embeddable":true,"href":"https:\/\/tiendasamor.com\/index.php\/wp-json\/wp\/v2\/comments?post=4392"}],"wp:featuredmedia":[{"embeddable":true,"href":"https:\/\/tiendasamor.com\/index.php\/wp-json\/wp\/v2\/media\/4397"}],"wp:attachment":[{"href":"https:\/\/tiendasamor.com\/index.php\/wp-json\/wp\/v2\/media?parent=4392"}],"wp:term":[{"taxonomy":"product_brand","embeddable":true,"href":"https:\/\/tiendasamor.com\/index.php\/wp-json\/wp\/v2\/product_brand?post=4392"},{"taxonomy":"product_cat","embeddable":true,"href":"https:\/\/tiendasamor.com\/index.php\/wp-json\/wp\/v2\/product_cat?post=4392"},{"taxonomy":"product_tag","embeddable":true,"href":"https:\/\/tiendasamor.com\/index.php\/wp-json\/wp\/v2\/product_tag?post=4392"}],"curies":[{"name":"wp","href":"https:\/\/api.w.org\/{rel}","templated":true}]}}