{"id":4381,"date":"2025-06-05T22:54:00","date_gmt":"2025-06-06T03:54:00","guid":{"rendered":"https:\/\/tiendasamor.com\/?post_type=product&#038;p=4381"},"modified":"2025-06-05T22:54:01","modified_gmt":"2025-06-06T03:54:01","slug":"max-control-crema-retardante","status":"publish","type":"product","link":"https:\/\/tiendasamor.com\/index.php\/producto\/max-control-crema-retardante\/","title":{"rendered":"Max Control Crema Retardante"},"content":{"rendered":"<p>Para que sirve: Un retardante es una de las medidas m\u00e1s eficaces para afrontar a corto plazo la eyaculaci\u00f3n precoz. Los retardantes sirven para extender la relaci\u00f3n sexual o eyaculaci\u00f3n en presentaci\u00f3n crema.<\/p>\n<p>Como se usa:<\/p>\n<p>-Se aplica en la cabeza del miembro, aproximadamente 10 minutos antes de la relaci\u00f3n sexual, dejar secar y listo!!.<\/p>\n<p>\u2022 ESPECIFICACIONES<\/p>\n<p>\u2013 Aprueba de Agua<\/p>\n<p>NO. \u2013 Sabor: No contiene.<\/p>\n<p>\u2013 Olor: No contiene.<\/p>\n","protected":false},"excerpt":{"rendered":"<p>Para que sirve: Un retardante es una de las medidas m\u00e1s eficaces para afrontar a corto plazo la eyaculaci\u00f3n precoz. Los retardantes sirven para extender la relaci\u00f3n sexual o eyaculaci\u00f3n en presentaci\u00f3n crema. Como se usa: -Se aplica en la cabeza del miembro, aproximadamente 10 minutos antes de la relaci\u00f3n sexual, dejar secar y listo!!. [&hellip;]<\/p>\n","protected":false},"featured_media":4385,"comment_status":"open","ping_status":"closed","template":"","meta":[],"product_brand":[],"product_cat":[21,48],"product_tag":[],"class_list":{"0":"post-4381","1":"product","2":"type-product","3":"status-publish","4":"has-post-thumbnail","6":"product_cat-potencia-sexual","7":"product_cat-retardantes","9":"first","10":"instock","11":"shipping-taxable","12":"purchasable","13":"product-type-simple"},"_links":{"self":[{"href":"https:\/\/tiendasamor.com\/index.php\/wp-json\/wp\/v2\/product\/4381","targetHints":{"allow":["GET"]}}],"collection":[{"href":"https:\/\/tiendasamor.com\/index.php\/wp-json\/wp\/v2\/product"}],"about":[{"href":"https:\/\/tiendasamor.com\/index.php\/wp-json\/wp\/v2\/types\/product"}],"replies":[{"embeddable":true,"href":"https:\/\/tiendasamor.com\/index.php\/wp-json\/wp\/v2\/comments?post=4381"}],"wp:featuredmedia":[{"embeddable":true,"href":"https:\/\/tiendasamor.com\/index.php\/wp-json\/wp\/v2\/media\/4385"}],"wp:attachment":[{"href":"https:\/\/tiendasamor.com\/index.php\/wp-json\/wp\/v2\/media?parent=4381"}],"wp:term":[{"taxonomy":"product_brand","embeddable":true,"href":"https:\/\/tiendasamor.com\/index.php\/wp-json\/wp\/v2\/product_brand?post=4381"},{"taxonomy":"product_cat","embeddable":true,"href":"https:\/\/tiendasamor.com\/index.php\/wp-json\/wp\/v2\/product_cat?post=4381"},{"taxonomy":"product_tag","embeddable":true,"href":"https:\/\/tiendasamor.com\/index.php\/wp-json\/wp\/v2\/product_tag?post=4381"}],"curies":[{"name":"wp","href":"https:\/\/api.w.org\/{rel}","templated":true}]}}