{"id":4325,"date":"2025-05-22T17:38:41","date_gmt":"2025-05-22T22:38:41","guid":{"rendered":"https:\/\/tiendasamor.com\/?post_type=product&#038;p=4325"},"modified":"2025-05-22T17:38:41","modified_gmt":"2025-05-22T22:38:41","slug":"ben-wa-balls","status":"publish","type":"product","link":"https:\/\/tiendasamor.com\/index.php\/producto\/ben-wa-balls\/","title":{"rendered":"Ben-Wa Balls"},"content":{"rendered":"<p>Disfruta de una incre\u00edble estimulaci\u00f3n vaginal con estas elegantes Bolas Ben-Wa. Fundidas en metal de alta calidad y pulidas a mano a la perfecci\u00f3n, su acabado higi\u00e9nico es elegante, no poroso y f\u00e1cil de limpiar. Su tama\u00f1o y peso las hacen perfectas para la estimulaci\u00f3n vaginal, y con el uso regular, disfrutar\u00e1s de un mejor control muscular y orgasmos m\u00e1s intensos y frecuentes. Fetish Fantasy Gold es una exquisita nueva colecci\u00f3n de art\u00edculos fetichistas premium, dise\u00f1ados para parejas a la moda. Esta l\u00ednea contempor\u00e1nea de audaces art\u00edculos esenciales para bondage presenta dise\u00f1os distintivos, un estilo sofisticado y conceptos personalizados creados para excitar y excitar al experto en fetichismo moderno. \u00a1Experimenta la serie Fetish Fantasy Gold hoy mismo: es el nuevo est\u00e1ndar de oro para todas tus fantas\u00edas fetichistas! Di\u00e1metro: 20 mm (0,75 pulg.)<\/p>\n","protected":false},"excerpt":{"rendered":"<p>Disfruta de una incre\u00edble estimulaci\u00f3n vaginal con estas elegantes Bolas Ben-Wa. Fundidas en metal de alta calidad y pulidas a mano a la perfecci\u00f3n, su acabado higi\u00e9nico es elegante, no poroso y f\u00e1cil de limpiar. Su tama\u00f1o y peso las hacen perfectas para la estimulaci\u00f3n vaginal, y con el uso regular, disfrutar\u00e1s de un mejor [&hellip;]<\/p>\n","protected":false},"featured_media":4326,"comment_status":"open","ping_status":"closed","template":"","meta":[],"product_brand":[],"product_cat":[40],"product_tag":[],"class_list":{"0":"post-4325","1":"product","2":"type-product","3":"status-publish","4":"has-post-thumbnail","6":"product_cat-bolas-chinas","8":"first","9":"instock","10":"shipping-taxable","11":"purchasable","12":"product-type-simple"},"_links":{"self":[{"href":"https:\/\/tiendasamor.com\/index.php\/wp-json\/wp\/v2\/product\/4325","targetHints":{"allow":["GET"]}}],"collection":[{"href":"https:\/\/tiendasamor.com\/index.php\/wp-json\/wp\/v2\/product"}],"about":[{"href":"https:\/\/tiendasamor.com\/index.php\/wp-json\/wp\/v2\/types\/product"}],"replies":[{"embeddable":true,"href":"https:\/\/tiendasamor.com\/index.php\/wp-json\/wp\/v2\/comments?post=4325"}],"wp:featuredmedia":[{"embeddable":true,"href":"https:\/\/tiendasamor.com\/index.php\/wp-json\/wp\/v2\/media\/4326"}],"wp:attachment":[{"href":"https:\/\/tiendasamor.com\/index.php\/wp-json\/wp\/v2\/media?parent=4325"}],"wp:term":[{"taxonomy":"product_brand","embeddable":true,"href":"https:\/\/tiendasamor.com\/index.php\/wp-json\/wp\/v2\/product_brand?post=4325"},{"taxonomy":"product_cat","embeddable":true,"href":"https:\/\/tiendasamor.com\/index.php\/wp-json\/wp\/v2\/product_cat?post=4325"},{"taxonomy":"product_tag","embeddable":true,"href":"https:\/\/tiendasamor.com\/index.php\/wp-json\/wp\/v2\/product_tag?post=4325"}],"curies":[{"name":"wp","href":"https:\/\/api.w.org\/{rel}","templated":true}]}}