{"id":4322,"date":"2025-05-22T17:07:39","date_gmt":"2025-05-22T22:07:39","guid":{"rendered":"https:\/\/tiendasamor.com\/?post_type=product&#038;p=4322"},"modified":"2025-05-22T17:07:39","modified_gmt":"2025-05-22T22:07:39","slug":"yeain-vibrator-stimulate-orgasm","status":"publish","type":"product","link":"https:\/\/tiendasamor.com\/index.php\/producto\/yeain-vibrator-stimulate-orgasm\/","title":{"rendered":"Yeain Vibrator Stimulate Orgasm"},"content":{"rendered":"<p>Esta bala vibradora no es como las dem\u00e1s, su tama\u00f1o de 2,7 cm de di\u00e1metro le da un toque extra de placer. Es perfecta para que la lleves contigo a todas partes, es s\u00faper potente y de seguro con sus 10 modos de vibraci\u00f3n ser\u00e1 un c\u00f3mplice perfecto para tus aventuras m\u00e1s espont\u00e1neas.<\/p>\n<ul>\n<li>Bala vibradora.<\/li>\n<li>Material: Metalizado.<\/li>\n<li>10 velocidades.<\/li>\n<li>Carga Magn\u00e9tica.<\/li>\n<li>Intensa vibraci\u00f3n.<\/li>\n<\/ul>\n","protected":false},"excerpt":{"rendered":"<p>Esta bala vibradora no es como las dem\u00e1s, su tama\u00f1o de 2,7 cm de di\u00e1metro le da un toque extra de placer. Es perfecta para que la lleves contigo a todas partes, es s\u00faper potente y de seguro con sus 10 modos de vibraci\u00f3n ser\u00e1 un c\u00f3mplice perfecto para tus aventuras m\u00e1s espont\u00e1neas. Bala vibradora. [&hellip;]<\/p>\n","protected":false},"featured_media":4324,"comment_status":"open","ping_status":"closed","template":"","meta":[],"product_brand":[],"product_cat":[44],"product_tag":[],"class_list":{"0":"post-4322","1":"product","2":"type-product","3":"status-publish","4":"has-post-thumbnail","6":"product_cat-clitorales","8":"first","9":"instock","10":"shipping-taxable","11":"purchasable","12":"product-type-simple"},"_links":{"self":[{"href":"https:\/\/tiendasamor.com\/index.php\/wp-json\/wp\/v2\/product\/4322","targetHints":{"allow":["GET"]}}],"collection":[{"href":"https:\/\/tiendasamor.com\/index.php\/wp-json\/wp\/v2\/product"}],"about":[{"href":"https:\/\/tiendasamor.com\/index.php\/wp-json\/wp\/v2\/types\/product"}],"replies":[{"embeddable":true,"href":"https:\/\/tiendasamor.com\/index.php\/wp-json\/wp\/v2\/comments?post=4322"}],"wp:featuredmedia":[{"embeddable":true,"href":"https:\/\/tiendasamor.com\/index.php\/wp-json\/wp\/v2\/media\/4324"}],"wp:attachment":[{"href":"https:\/\/tiendasamor.com\/index.php\/wp-json\/wp\/v2\/media?parent=4322"}],"wp:term":[{"taxonomy":"product_brand","embeddable":true,"href":"https:\/\/tiendasamor.com\/index.php\/wp-json\/wp\/v2\/product_brand?post=4322"},{"taxonomy":"product_cat","embeddable":true,"href":"https:\/\/tiendasamor.com\/index.php\/wp-json\/wp\/v2\/product_cat?post=4322"},{"taxonomy":"product_tag","embeddable":true,"href":"https:\/\/tiendasamor.com\/index.php\/wp-json\/wp\/v2\/product_tag?post=4322"}],"curies":[{"name":"wp","href":"https:\/\/api.w.org\/{rel}","templated":true}]}}