{"id":4260,"date":"2025-05-21T18:19:38","date_gmt":"2025-05-21T23:19:38","guid":{"rendered":"https:\/\/tiendasamor.com\/?post_type=product&#038;p=4260"},"modified":"2025-05-21T18:19:54","modified_gmt":"2025-05-21T23:19:54","slug":"vibrador-franklin-pretty-love","status":"publish","type":"product","link":"https:\/\/tiendasamor.com\/index.php\/producto\/vibrador-franklin-pretty-love\/","title":{"rendered":"Vibrador Franklin Pretty Love"},"content":{"rendered":"<p>Fabricado en silicona inocua para el cuerpo y con 12 funciones de vibraci\u00f3n diferentes, este huevo vibrador es perfecto para disfrutar solo o en pareja. D\u00e1selo a tu pareja y deja que elija cu\u00e1l de las 12 configuraciones de vibraci\u00f3n desea. \u00a1Disfruta de velocidades constantes y patrones estimulantes mientras alcanzas un orgasmo intenso! Ideal para aventuras bajo el agua y en tierra firme, este huevo vibrador tambi\u00e9n es resistente al agua<\/p>\n<table border=\"0\" width=\"100%\" cellspacing=\"1\" cellpadding=\"3\" bgcolor=\"#dddddd\">\n<tbody>\n<tr>\n<td align=\"left\" width=\"30%\">Funci\u00f3n<\/td>\n<td align=\"left\" width=\"70%\">12 funciones de vibraci\u00f3n Funci\u00f3n de memoria<\/td>\n<\/tr>\n<tr>\n<td align=\"left\" width=\"30%\">Material<\/td>\n<td align=\"left\" width=\"70%\">Silicona<\/td>\n<\/tr>\n<tr>\n<td align=\"left\" width=\"30%\">Fuerza<\/td>\n<td align=\"left\" width=\"70%\">recargable por USB<\/td>\n<\/tr>\n<\/tbody>\n<\/table>\n","protected":false},"excerpt":{"rendered":"<p>Fabricado en silicona inocua para el cuerpo y con 12 funciones de vibraci\u00f3n diferentes, este huevo vibrador es perfecto para disfrutar solo o en pareja. D\u00e1selo a tu pareja y deja que elija cu\u00e1l de las 12 configuraciones de vibraci\u00f3n desea. \u00a1Disfruta de velocidades constantes y patrones estimulantes mientras alcanzas un orgasmo intenso! Ideal para [&hellip;]<\/p>\n","protected":false},"featured_media":4261,"comment_status":"open","ping_status":"closed","template":"","meta":[],"product_brand":[],"product_cat":[40,44,27],"product_tag":[],"class_list":{"0":"post-4260","1":"product","2":"type-product","3":"status-publish","4":"has-post-thumbnail","6":"product_cat-bolas-chinas","7":"product_cat-clitorales","8":"product_cat-vibradores","10":"first","11":"instock","12":"shipping-taxable","13":"purchasable","14":"product-type-simple"},"_links":{"self":[{"href":"https:\/\/tiendasamor.com\/index.php\/wp-json\/wp\/v2\/product\/4260","targetHints":{"allow":["GET"]}}],"collection":[{"href":"https:\/\/tiendasamor.com\/index.php\/wp-json\/wp\/v2\/product"}],"about":[{"href":"https:\/\/tiendasamor.com\/index.php\/wp-json\/wp\/v2\/types\/product"}],"replies":[{"embeddable":true,"href":"https:\/\/tiendasamor.com\/index.php\/wp-json\/wp\/v2\/comments?post=4260"}],"wp:featuredmedia":[{"embeddable":true,"href":"https:\/\/tiendasamor.com\/index.php\/wp-json\/wp\/v2\/media\/4261"}],"wp:attachment":[{"href":"https:\/\/tiendasamor.com\/index.php\/wp-json\/wp\/v2\/media?parent=4260"}],"wp:term":[{"taxonomy":"product_brand","embeddable":true,"href":"https:\/\/tiendasamor.com\/index.php\/wp-json\/wp\/v2\/product_brand?post=4260"},{"taxonomy":"product_cat","embeddable":true,"href":"https:\/\/tiendasamor.com\/index.php\/wp-json\/wp\/v2\/product_cat?post=4260"},{"taxonomy":"product_tag","embeddable":true,"href":"https:\/\/tiendasamor.com\/index.php\/wp-json\/wp\/v2\/product_tag?post=4260"}],"curies":[{"name":"wp","href":"https:\/\/api.w.org\/{rel}","templated":true}]}}