{"id":4250,"date":"2025-05-21T18:14:53","date_gmt":"2025-05-21T23:14:53","guid":{"rendered":"https:\/\/tiendasamor.com\/?post_type=product&#038;p=4250"},"modified":"2025-05-21T18:14:53","modified_gmt":"2025-05-21T23:14:53","slug":"pretty-love-kirk","status":"publish","type":"product","link":"https:\/\/tiendasamor.com\/index.php\/producto\/pretty-love-kirk\/","title":{"rendered":"Pretty Love kirk"},"content":{"rendered":"<p>Disfruta del placer dondequiera que est\u00e9s con este peque\u00f1o y discreto huevo vibrador. Este huevo bala es perfecto para una estimulaci\u00f3n precisa e ideal para los preliminares y la estimulaci\u00f3n durante el d\u00eda. Lleva tu vida amorosa al siguiente nivel y dale el control a tu pareja. Desliza esta belleza er\u00f3tica en tu ropa interior para que disfrutes de un placer espont\u00e1neo incre\u00edble, sin importar d\u00f3nde est\u00e9s. Los huevos vibradores est\u00e1n hechos de silicona supersuave y tienen 12 funciones de vibraci\u00f3n diferentes. \u00a1No te lo querr\u00e1s perder!<\/p>\n<table border=\"0\" width=\"100%\" cellspacing=\"1\" cellpadding=\"3\" bgcolor=\"#dddddd\">\n<tbody>\n<tr>\n<td align=\"left\" width=\"30%\">Funci\u00f3n<\/td>\n<td align=\"left\" width=\"70%\">12 funciones de vibraci\u00f3n<\/td>\n<\/tr>\n<tr>\n<td align=\"left\" width=\"30%\">Material<\/td>\n<td align=\"left\" width=\"70%\">Silicona<\/td>\n<\/tr>\n<tr>\n<td align=\"left\" width=\"30%\">Fuerza<\/td>\n<td align=\"left\" width=\"70%\">recargable por USB<\/td>\n<\/tr>\n<\/tbody>\n<\/table>\n","protected":false},"excerpt":{"rendered":"<p>Disfruta del placer dondequiera que est\u00e9s con este peque\u00f1o y discreto huevo vibrador. Este huevo bala es perfecto para una estimulaci\u00f3n precisa e ideal para los preliminares y la estimulaci\u00f3n durante el d\u00eda. Lleva tu vida amorosa al siguiente nivel y dale el control a tu pareja. Desliza esta belleza er\u00f3tica en tu ropa interior [&hellip;]<\/p>\n","protected":false},"featured_media":4251,"comment_status":"open","ping_status":"closed","template":"","meta":[],"product_brand":[],"product_cat":[40,44,27],"product_tag":[],"class_list":{"0":"post-4250","1":"product","2":"type-product","3":"status-publish","4":"has-post-thumbnail","6":"product_cat-bolas-chinas","7":"product_cat-clitorales","8":"product_cat-vibradores","10":"first","11":"instock","12":"shipping-taxable","13":"purchasable","14":"product-type-simple"},"_links":{"self":[{"href":"https:\/\/tiendasamor.com\/index.php\/wp-json\/wp\/v2\/product\/4250","targetHints":{"allow":["GET"]}}],"collection":[{"href":"https:\/\/tiendasamor.com\/index.php\/wp-json\/wp\/v2\/product"}],"about":[{"href":"https:\/\/tiendasamor.com\/index.php\/wp-json\/wp\/v2\/types\/product"}],"replies":[{"embeddable":true,"href":"https:\/\/tiendasamor.com\/index.php\/wp-json\/wp\/v2\/comments?post=4250"}],"wp:featuredmedia":[{"embeddable":true,"href":"https:\/\/tiendasamor.com\/index.php\/wp-json\/wp\/v2\/media\/4251"}],"wp:attachment":[{"href":"https:\/\/tiendasamor.com\/index.php\/wp-json\/wp\/v2\/media?parent=4250"}],"wp:term":[{"taxonomy":"product_brand","embeddable":true,"href":"https:\/\/tiendasamor.com\/index.php\/wp-json\/wp\/v2\/product_brand?post=4250"},{"taxonomy":"product_cat","embeddable":true,"href":"https:\/\/tiendasamor.com\/index.php\/wp-json\/wp\/v2\/product_cat?post=4250"},{"taxonomy":"product_tag","embeddable":true,"href":"https:\/\/tiendasamor.com\/index.php\/wp-json\/wp\/v2\/product_tag?post=4250"}],"curies":[{"name":"wp","href":"https:\/\/api.w.org\/{rel}","templated":true}]}}