{"id":4244,"date":"2025-05-21T18:06:05","date_gmt":"2025-05-21T23:06:05","guid":{"rendered":"https:\/\/tiendasamor.com\/?post_type=product&#038;p=4244"},"modified":"2025-05-21T18:06:57","modified_gmt":"2025-05-21T23:06:57","slug":"pretty-love-nile","status":"publish","type":"product","link":"https:\/\/tiendasamor.com\/index.php\/producto\/pretty-love-nile\/","title":{"rendered":"PRETTY LOVE NILE"},"content":{"rendered":"<p>PRETTY LOVE NILE. es una cubierta de pene expandible dise\u00f1ada para proporcionar longitud y di\u00e1metro adicionales. Fabricado con material que ofrece una sensaci\u00f3n realista, proporciona una sensaci\u00f3n completa durante el uso. Dise\u00f1ado para ajustarse firmemente alrededor del pene, mejora la adhesi\u00f3n y retrasa la eyaculaci\u00f3n, mientras que el canal interior suave mantiene la diversi\u00f3n c\u00f3moda y placentera. Se recomienda aplicar un lubricante a base de agua tanto en el interior como en el exterior de la funda antes de usarla.<\/p>\n<ul>\n<li>Material: TPR<\/li>\n<li>Impermeable<\/li>\n<\/ul>\n","protected":false},"excerpt":{"rendered":"<p>PRETTY LOVE NILE. es una cubierta de pene expandible dise\u00f1ada para proporcionar longitud y di\u00e1metro adicionales. Fabricado con material que ofrece una sensaci\u00f3n realista, proporciona una sensaci\u00f3n completa durante el uso. Dise\u00f1ado para ajustarse firmemente alrededor del pene, mejora la adhesi\u00f3n y retrasa la eyaculaci\u00f3n, mientras que el canal interior suave mantiene la diversi\u00f3n c\u00f3moda [&hellip;]<\/p>\n","protected":false},"featured_media":4245,"comment_status":"open","ping_status":"closed","template":"","meta":[],"product_brand":[],"product_cat":[45,46],"product_tag":[],"class_list":{"0":"post-4244","1":"product","2":"type-product","3":"status-publish","4":"has-post-thumbnail","6":"product_cat-fundas-extensoras","7":"product_cat-protesis","9":"first","10":"instock","11":"shipping-taxable","12":"purchasable","13":"product-type-simple"},"_links":{"self":[{"href":"https:\/\/tiendasamor.com\/index.php\/wp-json\/wp\/v2\/product\/4244","targetHints":{"allow":["GET"]}}],"collection":[{"href":"https:\/\/tiendasamor.com\/index.php\/wp-json\/wp\/v2\/product"}],"about":[{"href":"https:\/\/tiendasamor.com\/index.php\/wp-json\/wp\/v2\/types\/product"}],"replies":[{"embeddable":true,"href":"https:\/\/tiendasamor.com\/index.php\/wp-json\/wp\/v2\/comments?post=4244"}],"wp:featuredmedia":[{"embeddable":true,"href":"https:\/\/tiendasamor.com\/index.php\/wp-json\/wp\/v2\/media\/4245"}],"wp:attachment":[{"href":"https:\/\/tiendasamor.com\/index.php\/wp-json\/wp\/v2\/media?parent=4244"}],"wp:term":[{"taxonomy":"product_brand","embeddable":true,"href":"https:\/\/tiendasamor.com\/index.php\/wp-json\/wp\/v2\/product_brand?post=4244"},{"taxonomy":"product_cat","embeddable":true,"href":"https:\/\/tiendasamor.com\/index.php\/wp-json\/wp\/v2\/product_cat?post=4244"},{"taxonomy":"product_tag","embeddable":true,"href":"https:\/\/tiendasamor.com\/index.php\/wp-json\/wp\/v2\/product_tag?post=4244"}],"curies":[{"name":"wp","href":"https:\/\/api.w.org\/{rel}","templated":true}]}}