{"id":4226,"date":"2025-05-20T19:59:22","date_gmt":"2025-05-21T00:59:22","guid":{"rendered":"https:\/\/tiendasamor.com\/?post_type=product&#038;p=4226"},"modified":"2025-05-20T19:59:22","modified_gmt":"2025-05-21T00:59:22","slug":"masturbator-pretty-love-aby","status":"publish","type":"product","link":"https:\/\/tiendasamor.com\/index.php\/producto\/masturbator-pretty-love-aby\/","title":{"rendered":"MASTURBATOR PRETTY LOVE ABY"},"content":{"rendered":"<p><span>Con una abertura atractiva y realista, desl\u00edzate dentro de la vagina y sum\u00e9rgete en una piel de aspecto natural. Dise\u00f1ado para brindar las caricias m\u00e1s suaves y seductoras, el t\u00fanel ultrasuave est\u00e1 lleno de crestas y protuberancias para provocar, excitar y satisfacer. Mientras la c\u00e1mara se ajusta perfectamente a tu pene, ajusta el nivel de penetraci\u00f3n para un placer personalizado.<\/span><\/p>\n<p>Aby es un masturbador autom\u00e1tico de primera generaci\u00f3n, entre los nuevos lanzamiento de Pretty Love especiales para hombres exigentes. Este poderoso y suave juguete para hombres ofrece\u00a03 velocidades de masturbaci\u00f3n autom\u00e1tica para que puedas ir alterando la potencia y el nivel de caricias a medida que aumenta tu temperatura. La funda de silicona simula una vagina\u00a0real\u00edsta\u00a0y sus movimientos hacia arriba y abajo autom\u00e1ticos har\u00e1n que sientas la experiencia real de la penetraci\u00f3n. Adem\u00e1s, Aby cuenta con una funci\u00f3n de memoria, con lo que almacenar\u00e1 tus opciones m\u00e1s usadas para que repitas la experiencia una y otra vez, y si lo deseas, unos gemidos har\u00e1n que tu mente vuele mientras Aby te hace ver las estrellas.<\/p>\n<ul>\n<li>Masturbador masculino autom\u00e1tico<\/li>\n<li>Modelo: Vagina realista<\/li>\n<li>Real Skin, texturado<\/li>\n<li>Movimiento arriba y abajo<\/li>\n<li>3 velocidades<\/li>\n<li>Carcaza pl\u00e1stica resistente y discreta<\/li>\n<li>Funci\u00f3n de memoria<\/li>\n<li>F\u00e1cil limpieza y ensamble<\/li>\n<li>Atenci\u00f3n a indicaciones para lavar y ensamblar.<\/li>\n<li>3 Pilas AAA (No incluidas)<\/li>\n<li>Seguro al cuerpo<\/li>\n<li>Libre de Ftalatos<\/li>\n<li>Usar lubricantes a base de agua<\/li>\n<\/ul>\n<p><strong>Medidas:<\/strong>\u00a024,6 cm x 9 cm<\/p>\n<p>&nbsp;<\/p>\n","protected":false},"excerpt":{"rendered":"<p>Con una abertura atractiva y realista, desl\u00edzate dentro de la vagina y sum\u00e9rgete en una piel de aspecto natural. Dise\u00f1ado para brindar las caricias m\u00e1s suaves y seductoras, el t\u00fanel ultrasuave est\u00e1 lleno de crestas y protuberancias para provocar, excitar y satisfacer. Mientras la c\u00e1mara se ajusta perfectamente a tu pene, ajusta el nivel de [&hellip;]<\/p>\n","protected":false},"featured_media":4227,"comment_status":"open","ping_status":"closed","template":"","meta":[],"product_brand":[],"product_cat":[30,47],"product_tag":[],"class_list":{"0":"post-4226","1":"product","2":"type-product","3":"status-publish","4":"has-post-thumbnail","6":"product_cat-masturbadores","7":"product_cat-munecas","9":"first","10":"instock","11":"shipping-taxable","12":"purchasable","13":"product-type-simple"},"_links":{"self":[{"href":"https:\/\/tiendasamor.com\/index.php\/wp-json\/wp\/v2\/product\/4226","targetHints":{"allow":["GET"]}}],"collection":[{"href":"https:\/\/tiendasamor.com\/index.php\/wp-json\/wp\/v2\/product"}],"about":[{"href":"https:\/\/tiendasamor.com\/index.php\/wp-json\/wp\/v2\/types\/product"}],"replies":[{"embeddable":true,"href":"https:\/\/tiendasamor.com\/index.php\/wp-json\/wp\/v2\/comments?post=4226"}],"wp:featuredmedia":[{"embeddable":true,"href":"https:\/\/tiendasamor.com\/index.php\/wp-json\/wp\/v2\/media\/4227"}],"wp:attachment":[{"href":"https:\/\/tiendasamor.com\/index.php\/wp-json\/wp\/v2\/media?parent=4226"}],"wp:term":[{"taxonomy":"product_brand","embeddable":true,"href":"https:\/\/tiendasamor.com\/index.php\/wp-json\/wp\/v2\/product_brand?post=4226"},{"taxonomy":"product_cat","embeddable":true,"href":"https:\/\/tiendasamor.com\/index.php\/wp-json\/wp\/v2\/product_cat?post=4226"},{"taxonomy":"product_tag","embeddable":true,"href":"https:\/\/tiendasamor.com\/index.php\/wp-json\/wp\/v2\/product_tag?post=4226"}],"curies":[{"name":"wp","href":"https:\/\/api.w.org\/{rel}","templated":true}]}}