{"id":4209,"date":"2025-05-19T20:14:47","date_gmt":"2025-05-20T01:14:47","guid":{"rendered":"https:\/\/tiendasamor.com\/?post_type=product&#038;p=4209"},"modified":"2025-05-19T20:16:22","modified_gmt":"2025-05-20T01:16:22","slug":"succionador-magic-unicorn","status":"publish","type":"product","link":"https:\/\/tiendasamor.com\/index.php\/producto\/succionador-magic-unicorn\/","title":{"rendered":"SUCCIONADOR \u2013 MAGIC UNICORN"},"content":{"rendered":"<p>Descubre un mundo de placer \u00edntimo al alcance de tu mano con el Magic Unicorn de Pretty Love. Este vibrador de dedo compacto y discreto ofrece 10 funciones de pulsaci\u00f3n. Est\u00e1 dise\u00f1ado para ofrecerte la estimulaci\u00f3n m\u00e1xima. La boca del unicornio envolver\u00e1 a la perfecci\u00f3n tu preciada perla. Con un cargador port\u00e1til, puedes usarlo c\u00f3modamente en cualquier lugar<\/p>\n<table border=\"0\" width=\"100%\" cellspacing=\"1\" cellpadding=\"3\" bgcolor=\"#dddddd\">\n<tbody>\n<tr>\n<td align=\"left\" width=\"30%\">Funci\u00f3n<\/td>\n<td align=\"left\" width=\"70%\">10 funciones de golpeteo 1 funci\u00f3n de descarga el\u00e9ctrica<\/td>\n<\/tr>\n<tr>\n<td align=\"left\" width=\"30%\">Material<\/td>\n<td align=\"left\" width=\"70%\">Silicona<\/td>\n<\/tr>\n<tr>\n<td align=\"left\" width=\"30%\">Fuerza<\/td>\n<td align=\"left\" width=\"70%\">recargable por USB<\/td>\n<\/tr>\n<\/tbody>\n<\/table>\n","protected":false},"excerpt":{"rendered":"<p>Descubre un mundo de placer \u00edntimo al alcance de tu mano con el Magic Unicorn de Pretty Love. Este vibrador de dedo compacto y discreto ofrece 10 funciones de pulsaci\u00f3n. Est\u00e1 dise\u00f1ado para ofrecerte la estimulaci\u00f3n m\u00e1xima. La boca del unicornio envolver\u00e1 a la perfecci\u00f3n tu preciada perla. Con un cargador port\u00e1til, puedes usarlo c\u00f3modamente [&hellip;]<\/p>\n","protected":false},"featured_media":4210,"comment_status":"open","ping_status":"closed","template":"","meta":[],"product_brand":[],"product_cat":[44,27],"product_tag":[],"class_list":{"0":"post-4209","1":"product","2":"type-product","3":"status-publish","4":"has-post-thumbnail","6":"product_cat-clitorales","7":"product_cat-vibradores","9":"first","10":"instock","11":"shipping-taxable","12":"purchasable","13":"product-type-simple"},"_links":{"self":[{"href":"https:\/\/tiendasamor.com\/index.php\/wp-json\/wp\/v2\/product\/4209","targetHints":{"allow":["GET"]}}],"collection":[{"href":"https:\/\/tiendasamor.com\/index.php\/wp-json\/wp\/v2\/product"}],"about":[{"href":"https:\/\/tiendasamor.com\/index.php\/wp-json\/wp\/v2\/types\/product"}],"replies":[{"embeddable":true,"href":"https:\/\/tiendasamor.com\/index.php\/wp-json\/wp\/v2\/comments?post=4209"}],"wp:featuredmedia":[{"embeddable":true,"href":"https:\/\/tiendasamor.com\/index.php\/wp-json\/wp\/v2\/media\/4210"}],"wp:attachment":[{"href":"https:\/\/tiendasamor.com\/index.php\/wp-json\/wp\/v2\/media?parent=4209"}],"wp:term":[{"taxonomy":"product_brand","embeddable":true,"href":"https:\/\/tiendasamor.com\/index.php\/wp-json\/wp\/v2\/product_brand?post=4209"},{"taxonomy":"product_cat","embeddable":true,"href":"https:\/\/tiendasamor.com\/index.php\/wp-json\/wp\/v2\/product_cat?post=4209"},{"taxonomy":"product_tag","embeddable":true,"href":"https:\/\/tiendasamor.com\/index.php\/wp-json\/wp\/v2\/product_tag?post=4209"}],"curies":[{"name":"wp","href":"https:\/\/api.w.org\/{rel}","templated":true}]}}