{"id":4199,"date":"2025-05-19T18:00:22","date_gmt":"2025-05-19T23:00:22","guid":{"rendered":"https:\/\/tiendasamor.com\/?post_type=product&#038;p=4199"},"modified":"2025-05-19T18:00:40","modified_gmt":"2025-05-19T23:00:40","slug":"full-cover-silicone-van-anal","status":"publish","type":"product","link":"https:\/\/tiendasamor.com\/index.php\/producto\/full-cover-silicone-van-anal\/","title":{"rendered":"Full Cover Silicone Van Anal"},"content":{"rendered":"<p>Si quieres explorar tu punto P o llegar a tu punto G, \u00a1conquista tus deseos con el Vibrador Anal con Cuentas Pretty Love de 10 Funciones! Perfecto para el juego en solitario o en pareja, descubre sensaciones que te har\u00e1n vibrar las rodillas al sentir cada cuenta en sus 10 potentes intensidades y patrones de vibraci\u00f3n. Hecho de silicona, con acabado higi\u00e9nico, a\u00f1ade un chorrito de lubricante a base de agua para un deslizamiento glorioso. El mango es f\u00e1cil de agarrar. Este elegante vibrador anal se carga por USB para una estimulaci\u00f3n r\u00e1pida y c\u00f3moda.<\/p>\n<ul>\n<li>Material: Silicona \/ Alto total: 24.8cm.<\/li>\n<li>Ancho sujetador: 3.8cm.<\/li>\n<\/ul>\n","protected":false},"excerpt":{"rendered":"<p>Si quieres explorar tu punto P o llegar a tu punto G, \u00a1conquista tus deseos con el Vibrador Anal con Cuentas Pretty Love de 10 Funciones! Perfecto para el juego en solitario o en pareja, descubre sensaciones que te har\u00e1n vibrar las rodillas al sentir cada cuenta en sus 10 potentes intensidades y patrones de [&hellip;]<\/p>\n","protected":false},"featured_media":4200,"comment_status":"open","ping_status":"closed","template":"","meta":[],"product_brand":[],"product_cat":[35,40,27],"product_tag":[],"class_list":{"0":"post-4199","1":"product","2":"type-product","3":"status-publish","4":"has-post-thumbnail","6":"product_cat-anales","7":"product_cat-bolas-chinas","8":"product_cat-vibradores","10":"first","11":"instock","12":"shipping-taxable","13":"purchasable","14":"product-type-simple"},"_links":{"self":[{"href":"https:\/\/tiendasamor.com\/index.php\/wp-json\/wp\/v2\/product\/4199","targetHints":{"allow":["GET"]}}],"collection":[{"href":"https:\/\/tiendasamor.com\/index.php\/wp-json\/wp\/v2\/product"}],"about":[{"href":"https:\/\/tiendasamor.com\/index.php\/wp-json\/wp\/v2\/types\/product"}],"replies":[{"embeddable":true,"href":"https:\/\/tiendasamor.com\/index.php\/wp-json\/wp\/v2\/comments?post=4199"}],"wp:featuredmedia":[{"embeddable":true,"href":"https:\/\/tiendasamor.com\/index.php\/wp-json\/wp\/v2\/media\/4200"}],"wp:attachment":[{"href":"https:\/\/tiendasamor.com\/index.php\/wp-json\/wp\/v2\/media?parent=4199"}],"wp:term":[{"taxonomy":"product_brand","embeddable":true,"href":"https:\/\/tiendasamor.com\/index.php\/wp-json\/wp\/v2\/product_brand?post=4199"},{"taxonomy":"product_cat","embeddable":true,"href":"https:\/\/tiendasamor.com\/index.php\/wp-json\/wp\/v2\/product_cat?post=4199"},{"taxonomy":"product_tag","embeddable":true,"href":"https:\/\/tiendasamor.com\/index.php\/wp-json\/wp\/v2\/product_tag?post=4199"}],"curies":[{"name":"wp","href":"https:\/\/api.w.org\/{rel}","templated":true}]}}