{"id":4191,"date":"2025-05-19T17:45:14","date_gmt":"2025-05-19T22:45:14","guid":{"rendered":"https:\/\/tiendasamor.com\/?post_type=product&#038;p=4191"},"modified":"2025-05-19T17:45:14","modified_gmt":"2025-05-19T22:45:14","slug":"flexi-vibe-sensual-spine","status":"publish","type":"product","link":"https:\/\/tiendasamor.com\/index.php\/producto\/flexi-vibe-sensual-spine\/","title":{"rendered":"Flexi Vibe Sensual Spine"},"content":{"rendered":"<p>Para quienes disfrutan de lo grande y lo salvaje, este es el mejor. Este consolador est\u00e1 hecho de TPR (poli\u00e9ster termopl\u00e1stico) con textura similar a la piel e incluye un vibrador y una cabeza bien moldeada para estimular el punto G y la pr\u00f3stata. Es flexible y f\u00e1cil de limpiar. Cuenta con v\u00e9rtebras internas en el centro.<\/p>\n<ul>\n<li>Material: TPR+ABS<\/li>\n<li>Alto:22 cm<\/li>\n<li>Ancho: 3.8 cm<\/li>\n<li>2 Pila AAA<\/li>\n<li>Funci\u00f3n: Vibraci\u00f3n<\/li>\n<\/ul>\n","protected":false},"excerpt":{"rendered":"<p>Para quienes disfrutan de lo grande y lo salvaje, este es el mejor. Este consolador est\u00e1 hecho de TPR (poli\u00e9ster termopl\u00e1stico) con textura similar a la piel e incluye un vibrador y una cabeza bien moldeada para estimular el punto G y la pr\u00f3stata. Es flexible y f\u00e1cil de limpiar. Cuenta con v\u00e9rtebras internas en [&hellip;]<\/p>\n","protected":false},"featured_media":4198,"comment_status":"open","ping_status":"closed","template":"","meta":[],"product_brand":[],"product_cat":[36,27],"product_tag":[],"class_list":{"0":"post-4191","1":"product","2":"type-product","3":"status-publish","4":"has-post-thumbnail","6":"product_cat-anillos","7":"product_cat-vibradores","9":"first","10":"instock","11":"shipping-taxable","12":"purchasable","13":"product-type-simple"},"_links":{"self":[{"href":"https:\/\/tiendasamor.com\/index.php\/wp-json\/wp\/v2\/product\/4191","targetHints":{"allow":["GET"]}}],"collection":[{"href":"https:\/\/tiendasamor.com\/index.php\/wp-json\/wp\/v2\/product"}],"about":[{"href":"https:\/\/tiendasamor.com\/index.php\/wp-json\/wp\/v2\/types\/product"}],"replies":[{"embeddable":true,"href":"https:\/\/tiendasamor.com\/index.php\/wp-json\/wp\/v2\/comments?post=4191"}],"wp:featuredmedia":[{"embeddable":true,"href":"https:\/\/tiendasamor.com\/index.php\/wp-json\/wp\/v2\/media\/4198"}],"wp:attachment":[{"href":"https:\/\/tiendasamor.com\/index.php\/wp-json\/wp\/v2\/media?parent=4191"}],"wp:term":[{"taxonomy":"product_brand","embeddable":true,"href":"https:\/\/tiendasamor.com\/index.php\/wp-json\/wp\/v2\/product_brand?post=4191"},{"taxonomy":"product_cat","embeddable":true,"href":"https:\/\/tiendasamor.com\/index.php\/wp-json\/wp\/v2\/product_cat?post=4191"},{"taxonomy":"product_tag","embeddable":true,"href":"https:\/\/tiendasamor.com\/index.php\/wp-json\/wp\/v2\/product_tag?post=4191"}],"curies":[{"name":"wp","href":"https:\/\/api.w.org\/{rel}","templated":true}]}}