{"id":4185,"date":"2025-05-19T17:35:32","date_gmt":"2025-05-19T22:35:32","guid":{"rendered":"https:\/\/tiendasamor.com\/?post_type=product&#038;p=4185"},"modified":"2025-05-19T17:35:32","modified_gmt":"2025-05-19T22:35:32","slug":"stay-hard-funda-con-espuelas-suave","status":"publish","type":"product","link":"https:\/\/tiendasamor.com\/index.php\/producto\/stay-hard-funda-con-espuelas-suave\/","title":{"rendered":"Stay Hard Funda con espuelas suave"},"content":{"rendered":"<div class=\"product__block product__description rte\">\n<ul>\n<li>Cosquilleos y protuberancias suaves que aumentan el placer de tu pareja<\/li>\n<li>\u00daselo como funda para el pene o desl\u00edcelo sobre un vibrador o consolador<\/li>\n<li>Ap\u00edlalos. M\u00e9zclalos y comb\u00ednalos para disfrutar a\u00fan m\u00e1s.<\/li>\n<li>Se estira c\u00f3modamente hasta 3\u2033 de ancho. Estiramiento m\u00e1ximo hasta 5\u2033 de ancho.<\/li>\n<li>Probado en laboratorio, seguro para el cuerpo. Lubricante h\u00edbrido de silicona a base de agua, seguro.<\/li>\n<\/ul>\n<p>Esta funda el\u00e1stica para realce es una forma sencilla de a\u00f1adir un nuevo nivel de placer y sensaci\u00f3n a tu pene, dildo o vibrador favorito. Simplemente desliza la funda sobre tu pene. Comb\u00ednalas para disfrutar a\u00fan m\u00e1s. Compra m\u00e1s para combinarlas y crear una experiencia er\u00f3tica \u00fanica en cada ocasi\u00f3n. F\u00e1cil de usar y se mantiene en su lugar. Mide 5 cm de largo x 3,6 cm de ancho. Se estira c\u00f3modamente hasta 7,6 cm de ancho. M\u00e1xima elasticidad: 12,7 cm de ancho. Probado en laboratorio, seguro para el cuerpo. Silicona, a base de agua, compatible con lubricantes h\u00edbridos.<\/p>\n<\/div>\n<div class=\"product__block\">\n<p><b>Color:<\/b>\u00a0transparente<\/p>\n<p><b>Material:<\/b>\u00a0TPE<\/p>\n<p><b>Longitud (pulgadas):<\/b>\u00a0insertable, 2<\/p>\n<p><b>Circunferencia (pulgadas):<\/b>\u00a04.4<\/p>\n<\/div>\n","protected":false},"excerpt":{"rendered":"<p>Cosquilleos y protuberancias suaves que aumentan el placer de tu pareja \u00daselo como funda para el pene o desl\u00edcelo sobre un vibrador o consolador Ap\u00edlalos. M\u00e9zclalos y comb\u00ednalos para disfrutar a\u00fan m\u00e1s. Se estira c\u00f3modamente hasta 3\u2033 de ancho. Estiramiento m\u00e1ximo hasta 5\u2033 de ancho. Probado en laboratorio, seguro para el cuerpo. Lubricante h\u00edbrido de [&hellip;]<\/p>\n","protected":false},"featured_media":4189,"comment_status":"open","ping_status":"closed","template":"","meta":[],"product_brand":[],"product_cat":[36,45],"product_tag":[],"class_list":{"0":"post-4185","1":"product","2":"type-product","3":"status-publish","4":"has-post-thumbnail","6":"product_cat-anillos","7":"product_cat-fundas-extensoras","9":"first","10":"instock","11":"shipping-taxable","12":"purchasable","13":"product-type-simple"},"_links":{"self":[{"href":"https:\/\/tiendasamor.com\/index.php\/wp-json\/wp\/v2\/product\/4185","targetHints":{"allow":["GET"]}}],"collection":[{"href":"https:\/\/tiendasamor.com\/index.php\/wp-json\/wp\/v2\/product"}],"about":[{"href":"https:\/\/tiendasamor.com\/index.php\/wp-json\/wp\/v2\/types\/product"}],"replies":[{"embeddable":true,"href":"https:\/\/tiendasamor.com\/index.php\/wp-json\/wp\/v2\/comments?post=4185"}],"wp:featuredmedia":[{"embeddable":true,"href":"https:\/\/tiendasamor.com\/index.php\/wp-json\/wp\/v2\/media\/4189"}],"wp:attachment":[{"href":"https:\/\/tiendasamor.com\/index.php\/wp-json\/wp\/v2\/media?parent=4185"}],"wp:term":[{"taxonomy":"product_brand","embeddable":true,"href":"https:\/\/tiendasamor.com\/index.php\/wp-json\/wp\/v2\/product_brand?post=4185"},{"taxonomy":"product_cat","embeddable":true,"href":"https:\/\/tiendasamor.com\/index.php\/wp-json\/wp\/v2\/product_cat?post=4185"},{"taxonomy":"product_tag","embeddable":true,"href":"https:\/\/tiendasamor.com\/index.php\/wp-json\/wp\/v2\/product_tag?post=4185"}],"curies":[{"name":"wp","href":"https:\/\/api.w.org\/{rel}","templated":true}]}}