{"id":4175,"date":"2025-05-19T17:09:41","date_gmt":"2025-05-19T22:09:41","guid":{"rendered":"https:\/\/tiendasamor.com\/?post_type=product&#038;p=4175"},"modified":"2025-05-19T17:09:41","modified_gmt":"2025-05-19T22:09:41","slug":"vibrador-mini-love-clone-2","status":"publish","type":"product","link":"https:\/\/tiendasamor.com\/index.php\/producto\/vibrador-mini-love-clone-2\/","title":{"rendered":"Vibrador Mini Love Clone"},"content":{"rendered":"<div class=\"tlid-results-container results-container\">\n<div class=\"tlid-result result-dict-wrapper\">\n<div class=\"result tlid-copy-target\">\n<div class=\"result-header\">\n<div class=\"starbutton jfk-button-flat jfk-button unstarred\" role=\"button\" aria-label=\"Destacar traducci\u00f3n\" data-tooltip=\"Destacar traducci\u00f3n\" data-tooltip-align=\"t,c\">\n<div class=\"jfk-button-img\">Dulce, compacto y totalmente org\u00e1smico! Este mini dildo de textura venosa super suave es una gran elecci\u00f3n y un buen aditivo para tu vida sexual. Este peque\u00f1o juguet\u00f3n incluye una bala vibradora impermeable multi-velocidad para llevar el placer al m\u00e1ximo. Disfr\u00fatalo donde quieras!!<\/div>\n<\/div>\n<\/div>\n<\/div>\n<\/div>\n<\/div>\n<ul>\n<li>Material: TPR ABS<\/li>\n<li>2 en 1<\/li>\n<li>Balita con 1 modo de vibraci\u00f3n<\/li>\n<li>4 pilas LR44 (No incluido)<\/li>\n<li>Largo total: 13 cm \u2013 Insertable: 10 cm \u2013 Ancho 2.5 cm<\/li>\n<\/ul>\n","protected":false},"excerpt":{"rendered":"<p>Dulce, compacto y totalmente org\u00e1smico! Este mini dildo de textura venosa super suave es una gran elecci\u00f3n y un buen aditivo para tu vida sexual. Este peque\u00f1o juguet\u00f3n incluye una bala vibradora impermeable multi-velocidad para llevar el placer al m\u00e1ximo. Disfr\u00fatalo donde quieras!! Material: TPR ABS 2 en 1 Balita con 1 modo de vibraci\u00f3n [&hellip;]<\/p>\n","protected":false},"featured_media":4177,"comment_status":"open","ping_status":"closed","template":"","meta":[],"product_brand":[],"product_cat":[35,27],"product_tag":[],"class_list":{"0":"post-4175","1":"product","2":"type-product","3":"status-publish","4":"has-post-thumbnail","6":"product_cat-anales","7":"product_cat-vibradores","9":"first","10":"instock","11":"shipping-taxable","12":"purchasable","13":"product-type-simple"},"_links":{"self":[{"href":"https:\/\/tiendasamor.com\/index.php\/wp-json\/wp\/v2\/product\/4175","targetHints":{"allow":["GET"]}}],"collection":[{"href":"https:\/\/tiendasamor.com\/index.php\/wp-json\/wp\/v2\/product"}],"about":[{"href":"https:\/\/tiendasamor.com\/index.php\/wp-json\/wp\/v2\/types\/product"}],"replies":[{"embeddable":true,"href":"https:\/\/tiendasamor.com\/index.php\/wp-json\/wp\/v2\/comments?post=4175"}],"wp:featuredmedia":[{"embeddable":true,"href":"https:\/\/tiendasamor.com\/index.php\/wp-json\/wp\/v2\/media\/4177"}],"wp:attachment":[{"href":"https:\/\/tiendasamor.com\/index.php\/wp-json\/wp\/v2\/media?parent=4175"}],"wp:term":[{"taxonomy":"product_brand","embeddable":true,"href":"https:\/\/tiendasamor.com\/index.php\/wp-json\/wp\/v2\/product_brand?post=4175"},{"taxonomy":"product_cat","embeddable":true,"href":"https:\/\/tiendasamor.com\/index.php\/wp-json\/wp\/v2\/product_cat?post=4175"},{"taxonomy":"product_tag","embeddable":true,"href":"https:\/\/tiendasamor.com\/index.php\/wp-json\/wp\/v2\/product_tag?post=4175"}],"curies":[{"name":"wp","href":"https:\/\/api.w.org\/{rel}","templated":true}]}}