{"id":4168,"date":"2025-05-19T16:27:41","date_gmt":"2025-05-19T21:27:41","guid":{"rendered":"https:\/\/tiendasamor.com\/?post_type=product&#038;p=4168"},"modified":"2025-05-19T16:27:41","modified_gmt":"2025-05-19T21:27:41","slug":"vibrador-mini-love-clone","status":"publish","type":"product","link":"https:\/\/tiendasamor.com\/index.php\/producto\/vibrador-mini-love-clone\/","title":{"rendered":"Vibrador Mini Love Clone"},"content":{"rendered":"<p><span>Bonito, compacto y totalmente org\u00e1smico, este dildo vibrador supersuave y veteado es una excelente opci\u00f3n y un complemento perfecto para tu vida sexual. Incluye un eje texturizado para mayor estimulaci\u00f3n, vibraciones multivelocidad para m\u00e1xima satisfacci\u00f3n y el eje superior es impermeable, para que puedas disfrutarlo donde quieras<\/span><\/p>\n<ul>\n<li>Material: TPR ABS<\/li>\n<li>2 en 1<\/li>\n<li>Balita con 1 modo de vibraci\u00f3n<\/li>\n<li>4 pilas LR44 (No incluido)<\/li>\n<li>Largo total: 13 cm \u2013 Insertable: 10 cm \u2013 Ancho 2.5 cm<\/li>\n<\/ul>\n","protected":false},"excerpt":{"rendered":"<p>Bonito, compacto y totalmente org\u00e1smico, este dildo vibrador supersuave y veteado es una excelente opci\u00f3n y un complemento perfecto para tu vida sexual. Incluye un eje texturizado para mayor estimulaci\u00f3n, vibraciones multivelocidad para m\u00e1xima satisfacci\u00f3n y el eje superior es impermeable, para que puedas disfrutarlo donde quieras Material: TPR ABS 2 en 1 Balita con [&hellip;]<\/p>\n","protected":false},"featured_media":4174,"comment_status":"open","ping_status":"closed","template":"","meta":[],"product_brand":[],"product_cat":[35,27],"product_tag":[],"class_list":{"0":"post-4168","1":"product","2":"type-product","3":"status-publish","4":"has-post-thumbnail","6":"product_cat-anales","7":"product_cat-vibradores","9":"first","10":"instock","11":"shipping-taxable","12":"purchasable","13":"product-type-simple"},"_links":{"self":[{"href":"https:\/\/tiendasamor.com\/index.php\/wp-json\/wp\/v2\/product\/4168","targetHints":{"allow":["GET"]}}],"collection":[{"href":"https:\/\/tiendasamor.com\/index.php\/wp-json\/wp\/v2\/product"}],"about":[{"href":"https:\/\/tiendasamor.com\/index.php\/wp-json\/wp\/v2\/types\/product"}],"replies":[{"embeddable":true,"href":"https:\/\/tiendasamor.com\/index.php\/wp-json\/wp\/v2\/comments?post=4168"}],"wp:featuredmedia":[{"embeddable":true,"href":"https:\/\/tiendasamor.com\/index.php\/wp-json\/wp\/v2\/media\/4174"}],"wp:attachment":[{"href":"https:\/\/tiendasamor.com\/index.php\/wp-json\/wp\/v2\/media?parent=4168"}],"wp:term":[{"taxonomy":"product_brand","embeddable":true,"href":"https:\/\/tiendasamor.com\/index.php\/wp-json\/wp\/v2\/product_brand?post=4168"},{"taxonomy":"product_cat","embeddable":true,"href":"https:\/\/tiendasamor.com\/index.php\/wp-json\/wp\/v2\/product_cat?post=4168"},{"taxonomy":"product_tag","embeddable":true,"href":"https:\/\/tiendasamor.com\/index.php\/wp-json\/wp\/v2\/product_tag?post=4168"}],"curies":[{"name":"wp","href":"https:\/\/api.w.org\/{rel}","templated":true}]}}